{"id":995,"date":"2021-07-13T09:24:17","date_gmt":"2021-07-13T09:24:17","guid":{"rendered":"https:\/\/poliesterturro.com\/productes\/diposits-en-poliester\/diposits-circulars-verticals-grans-capacitats\/"},"modified":"2021-07-13T10:20:56","modified_gmt":"2021-07-13T10:20:56","slug":"diposits-circulars-verticals-grans-capacitats","status":"publish","type":"page","link":"https:\/\/poliesterturro.com\/ca\/productes\/diposits-en-poliester\/diposits-circulars-verticals-grans-capacitats\/","title":{"rendered":"Dip\u00f2sits Circulars verticals &#8220;Grans capacitats&#8221;"},"content":{"rendered":"\t\t<div data-elementor-type=\"wp-page\" data-elementor-id=\"995\" class=\"elementor elementor-995 elementor-167\" data-elementor-post-type=\"page\">\n\t\t\t\t\t\t<section class=\"elementor-section elementor-top-section elementor-element elementor-element-095f1ed elementor-section-boxed elementor-section-height-default elementor-section-height-default\" data-id=\"095f1ed\" data-element_type=\"section\" data-e-type=\"section\">\n\t\t\t\t\t\t<div class=\"elementor-container elementor-column-gap-default\">\n\t\t\t\t\t<div class=\"elementor-column elementor-col-100 elementor-top-column elementor-element elementor-element-31a9597\" data-id=\"31a9597\" data-element_type=\"column\" data-e-type=\"column\">\n\t\t\t<div class=\"elementor-widget-wrap elementor-element-populated\">\n\t\t\t\t\t\t<div class=\"elementor-element elementor-element-98871f5 elementor-widget elementor-widget-button\" data-id=\"98871f5\" data-element_type=\"widget\" data-e-type=\"widget\" data-widget_type=\"button.default\">\n\t\t\t\t<div class=\"elementor-widget-container\">\n\t\t\t\t\t\t\t\t\t<div class=\"elementor-button-wrapper\">\n\t\t\t\t\t<a class=\"elementor-button elementor-button-link elementor-size-sm\" href=\"https:\/\/poliesterturro.com\/ca\/productes\/diposits-en-poliester\/\">\n\t\t\t\t\t\t<span class=\"elementor-button-content-wrapper\">\n\t\t\t\t\t\t<span class=\"elementor-button-icon\">\n\t\t\t\t<i aria-hidden=\"true\" class=\"fas fa-angle-left\"><\/i>\t\t\t<\/span>\n\t\t\t\t\t\t\t\t\t<span class=\"elementor-button-text\">Anar enrere<\/span>\n\t\t\t\t\t<\/span>\n\t\t\t\t\t<\/a>\n\t\t\t\t<\/div>\n\t\t\t\t\t\t\t\t<\/div>\n\t\t\t\t<\/div>\n\t\t\t\t<div class=\"elementor-element elementor-element-1cecf90 elementor-widget elementor-widget-heading\" data-id=\"1cecf90\" data-element_type=\"widget\" data-e-type=\"widget\" data-widget_type=\"heading.default\">\n\t\t\t\t<div class=\"elementor-widget-container\">\n\t\t\t\t\t<h2 class=\"elementor-heading-title elementor-size-default\">Dip\u00f2sits Circulars verticals &#8220;Grans capacitats&#8221;<\/h2>\t\t\t\t<\/div>\n\t\t\t\t<\/div>\n\t\t\t\t\t<\/div>\n\t\t<\/div>\n\t\t\t\t\t<\/div>\n\t\t<\/section>\n\t\t\t\t<section class=\"elementor-section elementor-top-section elementor-element elementor-element-e0e9e98 elementor-section-boxed elementor-section-height-default elementor-section-height-default\" data-id=\"e0e9e98\" data-element_type=\"section\" data-e-type=\"section\">\n\t\t\t\t\t\t<div class=\"elementor-container elementor-column-gap-default\">\n\t\t\t\t\t<div class=\"elementor-column elementor-col-50 elementor-top-column elementor-element elementor-element-df0b480\" data-id=\"df0b480\" data-element_type=\"column\" data-e-type=\"column\">\n\t\t\t<div class=\"elementor-widget-wrap elementor-element-populated\">\n\t\t\t\t\t\t<div class=\"elementor-element elementor-element-fee8ce9 elementor-widget elementor-widget-image\" data-id=\"fee8ce9\" data-element_type=\"widget\" data-e-type=\"widget\" data-widget_type=\"image.default\">\n\t\t\t\t<div class=\"elementor-widget-container\">\n\t\t\t\t\t\t\t\t\t\t\t\t\t\t\t<img fetchpriority=\"high\" decoding=\"async\" width=\"400\" height=\"400\" src=\"https:\/\/poliesterturro.com\/wp-content\/uploads\/2021\/03\/diposit_grancapacitat.jpg\" class=\"attachment-large size-large wp-image-1252\" alt=\"\" srcset=\"https:\/\/poliesterturro.com\/wp-content\/uploads\/2021\/03\/diposit_grancapacitat.jpg 400w, https:\/\/poliesterturro.com\/wp-content\/uploads\/2021\/03\/diposit_grancapacitat-300x300.jpg 300w, https:\/\/poliesterturro.com\/wp-content\/uploads\/2021\/03\/diposit_grancapacitat-150x150.jpg 150w\" sizes=\"(max-width: 400px) 100vw, 400px\" \/>\t\t\t\t\t\t\t\t\t\t\t\t\t\t\t<\/div>\n\t\t\t\t<\/div>\n\t\t\t\t<div class=\"elementor-element elementor-element-4ec0ab0 elementor-widget elementor-widget-text-editor\" data-id=\"4ec0ab0\" data-element_type=\"widget\" data-e-type=\"widget\" data-widget_type=\"text-editor.default\">\n\t\t\t\t<div class=\"elementor-widget-container\">\n\t\t\t\t\t\t\t\t\t<ul>\n<li>Tapa superior <span lang=\"ca\">amb<\/span> entrada per a home de 90 cm, de di\u00e0metre, fixada amb femelles d&#8217;orelles d&#8217;acer inoxidable.<strong><br \/><\/strong><\/li>\n<\/ul>\n<ul type=\"disc\">\n<li><span lang=\"fr\">Dip\u00f2sits per a aigua i altres l\u00edquids, en cas d&#8217;anar destinats a productes qu\u00edmics consulti&#8217;ns.<\/span><\/li>\n<\/ul>\n<p><strong> <\/strong><\/p>\n\t\t\t\t\t\t\t\t<\/div>\n\t\t\t\t<\/div>\n\t\t\t\t\t<\/div>\n\t\t<\/div>\n\t\t\t\t<div class=\"elementor-column elementor-col-50 elementor-top-column elementor-element elementor-element-6fe848a\" data-id=\"6fe848a\" data-element_type=\"column\" data-e-type=\"column\">\n\t\t\t<div class=\"elementor-widget-wrap elementor-element-populated\">\n\t\t\t\t\t\t<div class=\"elementor-element elementor-element-4f2922a elementor-widget elementor-widget-shortcode\" data-id=\"4f2922a\" data-element_type=\"widget\" data-e-type=\"widget\" data-widget_type=\"shortcode.default\">\n\t\t\t\t<div class=\"elementor-widget-container\">\n\t\t\t\t\t\t\t<div class=\"elementor-shortcode\">\n<table id=\"tablepress-20\" class=\"tablepress tablepress-id-20 tabla\">\n<thead>\n<tr class=\"row-1\">\n\t<th class=\"column-1\">Capacitat<\/th><th class=\"column-2\">Di\u00e0metre (m)<\/th><th class=\"column-3\">Altura (m)<\/th>\n<\/tr>\n<\/thead>\n<tbody class=\"row-striping row-hover\">\n<tr class=\"row-2\">\n\t<td class=\"column-1\">4.000 L<\/td><td class=\"column-2\">\u00f8 1,80<\/td><td class=\"column-3\">1,90<\/td>\n<\/tr>\n<tr class=\"row-3\">\n\t<td class=\"column-1\">5.000 L<\/td><td class=\"column-2\">\u00f8 1,80<\/td><td class=\"column-3\">2,25<\/td>\n<\/tr>\n<tr class=\"row-4\">\n\t<td class=\"column-1\">6.000 L<\/td><td class=\"column-2\">\u00f8 1,80<\/td><td class=\"column-3\">2,75<\/td>\n<\/tr>\n<tr class=\"row-5\">\n\t<td class=\"column-1\">6.000 L<\/td><td class=\"column-2\">\u00f8 2,30<\/td><td class=\"column-3\">1,75<\/td>\n<\/tr>\n<tr class=\"row-6\">\n\t<td class=\"column-1\">8.000 L<\/td><td class=\"column-2\">\u00f8 2,30<\/td><td class=\"column-3\">2,20<\/td>\n<\/tr>\n<tr class=\"row-7\">\n\t<td class=\"column-1\">10.000 L<\/td><td class=\"column-2\">\u00f8 2,30<\/td><td class=\"column-3\">2,70<\/td>\n<\/tr>\n<tr class=\"row-8\">\n\t<td class=\"column-1\">10.000 L<\/td><td class=\"column-2\">\u00f8 2,60<\/td><td class=\"column-3\">2,20<\/td>\n<\/tr>\n<tr class=\"row-9\">\n\t<td class=\"column-1\">12.000 L<\/td><td class=\"column-2\">\u00f8 2,30<\/td><td class=\"column-3\">3,20<\/td>\n<\/tr>\n<tr class=\"row-10\">\n\t<td class=\"column-1\">12.000 L<\/td><td class=\"column-2\">\u00f8 2,60<\/td><td class=\"column-3\">2,50<\/td>\n<\/tr>\n<tr class=\"row-11\">\n\t<td class=\"column-1\">16.000 L<\/td><td class=\"column-2\">\u00f8 2,60<\/td><td class=\"column-3\">3,30<\/td>\n<\/tr>\n<tr class=\"row-12\">\n\t<td class=\"column-1\">16.000 L<\/td><td class=\"column-2\">\u00f8 3,00<\/td><td class=\"column-3\">2,50<\/td>\n<\/tr>\n<tr class=\"row-13\">\n\t<td class=\"column-1\">20.000 L<\/td><td class=\"column-2\">\u00f8 2,60<\/td><td class=\"column-3\">4,00<\/td>\n<\/tr>\n<tr class=\"row-14\">\n\t<td class=\"column-1\">25.000 L<\/td><td class=\"column-2\">\u00f8 2,60<\/td><td class=\"column-3\">5,00<\/td>\n<\/tr>\n<tr class=\"row-15\">\n\t<td class=\"column-1\">30.000 L<\/td><td class=\"column-2\">\u00f8 2,60<\/td><td class=\"column-3\">6,00<\/td>\n<\/tr>\n<\/tbody>\n<\/table>\n<!-- #tablepress-20 from cache --><\/div>\n\t\t\t\t\t\t<\/div>\n\t\t\t\t<\/div>\n\t\t\t\t\t<\/div>\n\t\t<\/div>\n\t\t\t\t\t<\/div>\n\t\t<\/section>\n\t\t\t\t<\/div>\n\t\t","protected":false},"excerpt":{"rendered":"<p>Anar enrere Tapa superior amb entrada per a home de 90 cm, de di\u00e0metre, fixada amb femelles d&#8217;orelles d&#8217;acer inoxidable. Dip\u00f2sits per a aigua i altres l\u00edquids, en cas d&#8217;anar destinats a productes qu\u00edmics consulti&#8217;ns.<\/p>\n","protected":false},"author":1,"featured_media":0,"parent":983,"menu_order":0,"comment_status":"closed","ping_status":"closed","template":"","meta":{"footnotes":""},"class_list":["post-995","page","type-page","status-publish"],"yoast_head":"<!-- This site is optimized with the Yoast SEO plugin v27.1.1 - https:\/\/yoast.com\/product\/yoast-seo-wordpress\/ -->\n<title>Dip\u00f2sits Circulars verticals &quot;Grans capacitats&quot; - Fibres de Vidre JM<\/title>\n<meta name=\"robots\" content=\"index, follow, max-snippet:-1, max-image-preview:large, max-video-preview:-1\" \/>\n<link rel=\"canonical\" href=\"https:\/\/poliesterturro.com\/ca\/productes\/diposits-en-poliester\/diposits-circulars-verticals-grans-capacitats\/\" \/>\n<meta property=\"og:locale\" content=\"ca_ES\" \/>\n<meta property=\"og:type\" content=\"article\" \/>\n<meta property=\"og:title\" content=\"Dip\u00f2sits Circulars verticals &quot;Grans capacitats&quot; - Fibres de Vidre JM\" \/>\n<meta property=\"og:description\" content=\"Anar enrere Tapa superior amb entrada per a home de 90 cm, de di\u00e0metre, fixada amb femelles d&#8217;orelles d&#8217;acer inoxidable. Dip\u00f2sits per a aigua i altres l\u00edquids, en cas d&#8217;anar destinats a productes qu\u00edmics consulti&#8217;ns.\" \/>\n<meta property=\"og:url\" content=\"https:\/\/poliesterturro.com\/ca\/productes\/diposits-en-poliester\/diposits-circulars-verticals-grans-capacitats\/\" \/>\n<meta property=\"og:site_name\" content=\"Fibres de Vidre JM\" \/>\n<meta property=\"article:modified_time\" content=\"2021-07-13T10:20:56+00:00\" \/>\n<meta property=\"og:image\" content=\"https:\/\/poliesterturro.com\/wp-content\/uploads\/2021\/03\/diposit_grancapacitat.jpg\" \/>\n<meta name=\"twitter:card\" content=\"summary_large_image\" \/>\n<meta name=\"twitter:label1\" content=\"Temps estimat de lectura\" \/>\n\t<meta name=\"twitter:data1\" content=\"1 minut\" \/>\n<script type=\"application\/ld+json\" class=\"yoast-schema-graph\">{\"@context\":\"https:\/\/schema.org\",\"@graph\":[{\"@type\":\"WebPage\",\"@id\":\"https:\/\/poliesterturro.com\/ca\/productes\/diposits-en-poliester\/diposits-circulars-verticals-grans-capacitats\/\",\"url\":\"https:\/\/poliesterturro.com\/ca\/productes\/diposits-en-poliester\/diposits-circulars-verticals-grans-capacitats\/\",\"name\":\"Dip\u00f2sits Circulars verticals \\\"Grans capacitats\\\" - Fibres de Vidre JM\",\"isPartOf\":{\"@id\":\"https:\/\/poliesterturro.com\/ca\/#website\"},\"primaryImageOfPage\":{\"@id\":\"https:\/\/poliesterturro.com\/ca\/productes\/diposits-en-poliester\/diposits-circulars-verticals-grans-capacitats\/#primaryimage\"},\"image\":{\"@id\":\"https:\/\/poliesterturro.com\/ca\/productes\/diposits-en-poliester\/diposits-circulars-verticals-grans-capacitats\/#primaryimage\"},\"thumbnailUrl\":\"https:\/\/poliesterturro.com\/wp-content\/uploads\/2021\/03\/diposit_grancapacitat.jpg\",\"datePublished\":\"2021-07-13T09:24:17+00:00\",\"dateModified\":\"2021-07-13T10:20:56+00:00\",\"breadcrumb\":{\"@id\":\"https:\/\/poliesterturro.com\/ca\/productes\/diposits-en-poliester\/diposits-circulars-verticals-grans-capacitats\/#breadcrumb\"},\"inLanguage\":\"ca\",\"potentialAction\":[{\"@type\":\"ReadAction\",\"target\":[\"https:\/\/poliesterturro.com\/ca\/productes\/diposits-en-poliester\/diposits-circulars-verticals-grans-capacitats\/\"]}]},{\"@type\":\"ImageObject\",\"inLanguage\":\"ca\",\"@id\":\"https:\/\/poliesterturro.com\/ca\/productes\/diposits-en-poliester\/diposits-circulars-verticals-grans-capacitats\/#primaryimage\",\"url\":\"https:\/\/poliesterturro.com\/wp-content\/uploads\/2021\/03\/diposit_grancapacitat.jpg\",\"contentUrl\":\"https:\/\/poliesterturro.com\/wp-content\/uploads\/2021\/03\/diposit_grancapacitat.jpg\"},{\"@type\":\"BreadcrumbList\",\"@id\":\"https:\/\/poliesterturro.com\/ca\/productes\/diposits-en-poliester\/diposits-circulars-verticals-grans-capacitats\/#breadcrumb\",\"itemListElement\":[{\"@type\":\"ListItem\",\"position\":1,\"name\":\"Portada\",\"item\":\"https:\/\/poliesterturro.com\/ca\/inici\/\"},{\"@type\":\"ListItem\",\"position\":2,\"name\":\"Productes\",\"item\":\"https:\/\/poliesterturro.com\/ca\/productes\/\"},{\"@type\":\"ListItem\",\"position\":3,\"name\":\"Dip\u00f2sits en poli\u00e8ster\",\"item\":\"https:\/\/poliesterturro.com\/ca\/productes\/diposits-en-poliester\/\"},{\"@type\":\"ListItem\",\"position\":4,\"name\":\"Dip\u00f2sits Circulars verticals &#8220;Grans capacitats&#8221;\"}]},{\"@type\":\"WebSite\",\"@id\":\"https:\/\/poliesterturro.com\/ca\/#website\",\"url\":\"https:\/\/poliesterturro.com\/ca\/\",\"name\":\"Fibres de Vidre JM\",\"description\":\"Fibres de vidre\",\"publisher\":{\"@id\":\"https:\/\/poliesterturro.com\/ca\/#organization\"},\"potentialAction\":[{\"@type\":\"SearchAction\",\"target\":{\"@type\":\"EntryPoint\",\"urlTemplate\":\"https:\/\/poliesterturro.com\/ca\/?s={search_term_string}\"},\"query-input\":{\"@type\":\"PropertyValueSpecification\",\"valueRequired\":true,\"valueName\":\"search_term_string\"}}],\"inLanguage\":\"ca\"},{\"@type\":\"Organization\",\"@id\":\"https:\/\/poliesterturro.com\/ca\/#organization\",\"name\":\"Fibres de Vidre JM\",\"url\":\"https:\/\/poliesterturro.com\/ca\/\",\"logo\":{\"@type\":\"ImageObject\",\"inLanguage\":\"ca\",\"@id\":\"https:\/\/poliesterturro.com\/ca\/#\/schema\/logo\/image\/\",\"url\":\"https:\/\/poliesterturro.com\/wp-content\/uploads\/2020\/10\/logo_fibres-vidre.jpg\",\"contentUrl\":\"https:\/\/poliesterturro.com\/wp-content\/uploads\/2020\/10\/logo_fibres-vidre.jpg\",\"width\":336,\"height\":91,\"caption\":\"Fibres de Vidre JM\"},\"image\":{\"@id\":\"https:\/\/poliesterturro.com\/ca\/#\/schema\/logo\/image\/\"}}]}<\/script>\n<!-- \/ Yoast SEO plugin. -->","yoast_head_json":{"title":"Dip\u00f2sits Circulars verticals \"Grans capacitats\" - Fibres de Vidre JM","robots":{"index":"index","follow":"follow","max-snippet":"max-snippet:-1","max-image-preview":"max-image-preview:large","max-video-preview":"max-video-preview:-1"},"canonical":"https:\/\/poliesterturro.com\/ca\/productes\/diposits-en-poliester\/diposits-circulars-verticals-grans-capacitats\/","og_locale":"ca_ES","og_type":"article","og_title":"Dip\u00f2sits Circulars verticals \"Grans capacitats\" - Fibres de Vidre JM","og_description":"Anar enrere Tapa superior amb entrada per a home de 90 cm, de di\u00e0metre, fixada amb femelles d&#8217;orelles d&#8217;acer inoxidable. Dip\u00f2sits per a aigua i altres l\u00edquids, en cas d&#8217;anar destinats a productes qu\u00edmics consulti&#8217;ns.","og_url":"https:\/\/poliesterturro.com\/ca\/productes\/diposits-en-poliester\/diposits-circulars-verticals-grans-capacitats\/","og_site_name":"Fibres de Vidre JM","article_modified_time":"2021-07-13T10:20:56+00:00","og_image":[{"url":"https:\/\/poliesterturro.com\/wp-content\/uploads\/2021\/03\/diposit_grancapacitat.jpg","type":"","width":"","height":""}],"twitter_card":"summary_large_image","twitter_misc":{"Temps estimat de lectura":"1 minut"},"schema":{"@context":"https:\/\/schema.org","@graph":[{"@type":"WebPage","@id":"https:\/\/poliesterturro.com\/ca\/productes\/diposits-en-poliester\/diposits-circulars-verticals-grans-capacitats\/","url":"https:\/\/poliesterturro.com\/ca\/productes\/diposits-en-poliester\/diposits-circulars-verticals-grans-capacitats\/","name":"Dip\u00f2sits Circulars verticals \"Grans capacitats\" - Fibres de Vidre JM","isPartOf":{"@id":"https:\/\/poliesterturro.com\/ca\/#website"},"primaryImageOfPage":{"@id":"https:\/\/poliesterturro.com\/ca\/productes\/diposits-en-poliester\/diposits-circulars-verticals-grans-capacitats\/#primaryimage"},"image":{"@id":"https:\/\/poliesterturro.com\/ca\/productes\/diposits-en-poliester\/diposits-circulars-verticals-grans-capacitats\/#primaryimage"},"thumbnailUrl":"https:\/\/poliesterturro.com\/wp-content\/uploads\/2021\/03\/diposit_grancapacitat.jpg","datePublished":"2021-07-13T09:24:17+00:00","dateModified":"2021-07-13T10:20:56+00:00","breadcrumb":{"@id":"https:\/\/poliesterturro.com\/ca\/productes\/diposits-en-poliester\/diposits-circulars-verticals-grans-capacitats\/#breadcrumb"},"inLanguage":"ca","potentialAction":[{"@type":"ReadAction","target":["https:\/\/poliesterturro.com\/ca\/productes\/diposits-en-poliester\/diposits-circulars-verticals-grans-capacitats\/"]}]},{"@type":"ImageObject","inLanguage":"ca","@id":"https:\/\/poliesterturro.com\/ca\/productes\/diposits-en-poliester\/diposits-circulars-verticals-grans-capacitats\/#primaryimage","url":"https:\/\/poliesterturro.com\/wp-content\/uploads\/2021\/03\/diposit_grancapacitat.jpg","contentUrl":"https:\/\/poliesterturro.com\/wp-content\/uploads\/2021\/03\/diposit_grancapacitat.jpg"},{"@type":"BreadcrumbList","@id":"https:\/\/poliesterturro.com\/ca\/productes\/diposits-en-poliester\/diposits-circulars-verticals-grans-capacitats\/#breadcrumb","itemListElement":[{"@type":"ListItem","position":1,"name":"Portada","item":"https:\/\/poliesterturro.com\/ca\/inici\/"},{"@type":"ListItem","position":2,"name":"Productes","item":"https:\/\/poliesterturro.com\/ca\/productes\/"},{"@type":"ListItem","position":3,"name":"Dip\u00f2sits en poli\u00e8ster","item":"https:\/\/poliesterturro.com\/ca\/productes\/diposits-en-poliester\/"},{"@type":"ListItem","position":4,"name":"Dip\u00f2sits Circulars verticals &#8220;Grans capacitats&#8221;"}]},{"@type":"WebSite","@id":"https:\/\/poliesterturro.com\/ca\/#website","url":"https:\/\/poliesterturro.com\/ca\/","name":"Fibres de Vidre JM","description":"Fibres de vidre","publisher":{"@id":"https:\/\/poliesterturro.com\/ca\/#organization"},"potentialAction":[{"@type":"SearchAction","target":{"@type":"EntryPoint","urlTemplate":"https:\/\/poliesterturro.com\/ca\/?s={search_term_string}"},"query-input":{"@type":"PropertyValueSpecification","valueRequired":true,"valueName":"search_term_string"}}],"inLanguage":"ca"},{"@type":"Organization","@id":"https:\/\/poliesterturro.com\/ca\/#organization","name":"Fibres de Vidre JM","url":"https:\/\/poliesterturro.com\/ca\/","logo":{"@type":"ImageObject","inLanguage":"ca","@id":"https:\/\/poliesterturro.com\/ca\/#\/schema\/logo\/image\/","url":"https:\/\/poliesterturro.com\/wp-content\/uploads\/2020\/10\/logo_fibres-vidre.jpg","contentUrl":"https:\/\/poliesterturro.com\/wp-content\/uploads\/2020\/10\/logo_fibres-vidre.jpg","width":336,"height":91,"caption":"Fibres de Vidre JM"},"image":{"@id":"https:\/\/poliesterturro.com\/ca\/#\/schema\/logo\/image\/"}}]}},"_links":{"self":[{"href":"https:\/\/poliesterturro.com\/ca\/wp-json\/wp\/v2\/pages\/995","targetHints":{"allow":["GET"]}}],"collection":[{"href":"https:\/\/poliesterturro.com\/ca\/wp-json\/wp\/v2\/pages"}],"about":[{"href":"https:\/\/poliesterturro.com\/ca\/wp-json\/wp\/v2\/types\/page"}],"author":[{"embeddable":true,"href":"https:\/\/poliesterturro.com\/ca\/wp-json\/wp\/v2\/users\/1"}],"replies":[{"embeddable":true,"href":"https:\/\/poliesterturro.com\/ca\/wp-json\/wp\/v2\/comments?post=995"}],"version-history":[{"count":6,"href":"https:\/\/poliesterturro.com\/ca\/wp-json\/wp\/v2\/pages\/995\/revisions"}],"predecessor-version":[{"id":1254,"href":"https:\/\/poliesterturro.com\/ca\/wp-json\/wp\/v2\/pages\/995\/revisions\/1254"}],"up":[{"embeddable":true,"href":"https:\/\/poliesterturro.com\/ca\/wp-json\/wp\/v2\/pages\/983"}],"wp:attachment":[{"href":"https:\/\/poliesterturro.com\/ca\/wp-json\/wp\/v2\/media?parent=995"}],"curies":[{"name":"wp","href":"https:\/\/api.w.org\/{rel}","templated":true}]}}