{"id":989,"date":"2021-07-13T09:23:26","date_gmt":"2021-07-13T09:23:26","guid":{"rendered":"https:\/\/poliesterturro.com\/productes\/diposits-en-poliester\/diposits-circulars-verticals\/"},"modified":"2021-07-13T10:20:34","modified_gmt":"2021-07-13T10:20:34","slug":"diposits-circulars-verticals","status":"publish","type":"page","link":"https:\/\/poliesterturro.com\/ca\/productes\/diposits-en-poliester\/diposits-circulars-verticals\/","title":{"rendered":"Dip\u00f2sits circulars verticals"},"content":{"rendered":"\t\t<div data-elementor-type=\"wp-page\" data-elementor-id=\"989\" class=\"elementor elementor-989 elementor-155\" data-elementor-post-type=\"page\">\n\t\t\t\t\t\t<section class=\"elementor-section elementor-top-section elementor-element elementor-element-095f1ed elementor-section-boxed elementor-section-height-default elementor-section-height-default\" data-id=\"095f1ed\" data-element_type=\"section\" data-e-type=\"section\">\n\t\t\t\t\t\t<div class=\"elementor-container elementor-column-gap-default\">\n\t\t\t\t\t<div class=\"elementor-column elementor-col-100 elementor-top-column elementor-element elementor-element-31a9597\" data-id=\"31a9597\" data-element_type=\"column\" data-e-type=\"column\">\n\t\t\t<div class=\"elementor-widget-wrap elementor-element-populated\">\n\t\t\t\t\t\t<div class=\"elementor-element elementor-element-98871f5 elementor-widget elementor-widget-button\" data-id=\"98871f5\" data-element_type=\"widget\" data-e-type=\"widget\" data-widget_type=\"button.default\">\n\t\t\t\t<div class=\"elementor-widget-container\">\n\t\t\t\t\t\t\t\t\t<div class=\"elementor-button-wrapper\">\n\t\t\t\t\t<a class=\"elementor-button elementor-button-link elementor-size-sm\" href=\"https:\/\/poliesterturro.com\/ca\/productes\/diposits-en-poliester\/\">\n\t\t\t\t\t\t<span class=\"elementor-button-content-wrapper\">\n\t\t\t\t\t\t<span class=\"elementor-button-icon\">\n\t\t\t\t<i aria-hidden=\"true\" class=\"fas fa-angle-left\"><\/i>\t\t\t<\/span>\n\t\t\t\t\t\t\t\t\t<span class=\"elementor-button-text\">Anar enrere<\/span>\n\t\t\t\t\t<\/span>\n\t\t\t\t\t<\/a>\n\t\t\t\t<\/div>\n\t\t\t\t\t\t\t\t<\/div>\n\t\t\t\t<\/div>\n\t\t\t\t<div class=\"elementor-element elementor-element-1cecf90 elementor-widget elementor-widget-heading\" data-id=\"1cecf90\" data-element_type=\"widget\" data-e-type=\"widget\" data-widget_type=\"heading.default\">\n\t\t\t\t<div class=\"elementor-widget-container\">\n\t\t\t\t\t<h2 class=\"elementor-heading-title elementor-size-default\">Dip\u00f2sits circulars verticals<\/h2>\t\t\t\t<\/div>\n\t\t\t\t<\/div>\n\t\t\t\t\t<\/div>\n\t\t<\/div>\n\t\t\t\t\t<\/div>\n\t\t<\/section>\n\t\t\t\t<section class=\"elementor-section elementor-top-section elementor-element elementor-element-e0e9e98 elementor-section-boxed elementor-section-height-default elementor-section-height-default\" data-id=\"e0e9e98\" data-element_type=\"section\" data-e-type=\"section\">\n\t\t\t\t\t\t<div class=\"elementor-container elementor-column-gap-default\">\n\t\t\t\t\t<div class=\"elementor-column elementor-col-50 elementor-top-column elementor-element elementor-element-df0b480\" data-id=\"df0b480\" data-element_type=\"column\" data-e-type=\"column\">\n\t\t\t<div class=\"elementor-widget-wrap elementor-element-populated\">\n\t\t\t\t\t\t<div class=\"elementor-element elementor-element-fee8ce9 elementor-widget elementor-widget-image\" data-id=\"fee8ce9\" data-element_type=\"widget\" data-e-type=\"widget\" data-widget_type=\"image.default\">\n\t\t\t\t<div class=\"elementor-widget-container\">\n\t\t\t\t\t\t\t\t\t\t\t\t\t\t\t<img fetchpriority=\"high\" decoding=\"async\" width=\"400\" height=\"400\" src=\"https:\/\/poliesterturro.com\/wp-content\/uploads\/2021\/03\/Circular_Verticals.jpg\" class=\"attachment-large size-large wp-image-1248\" alt=\"\" srcset=\"https:\/\/poliesterturro.com\/wp-content\/uploads\/2021\/03\/Circular_Verticals.jpg 400w, https:\/\/poliesterturro.com\/wp-content\/uploads\/2021\/03\/Circular_Verticals-300x300.jpg 300w, https:\/\/poliesterturro.com\/wp-content\/uploads\/2021\/03\/Circular_Verticals-150x150.jpg 150w\" sizes=\"(max-width: 400px) 100vw, 400px\" \/>\t\t\t\t\t\t\t\t\t\t\t\t\t\t\t<\/div>\n\t\t\t\t<\/div>\n\t\t\t\t\t<\/div>\n\t\t<\/div>\n\t\t\t\t<div class=\"elementor-column elementor-col-50 elementor-top-column elementor-element elementor-element-6fe848a\" data-id=\"6fe848a\" data-element_type=\"column\" data-e-type=\"column\">\n\t\t\t<div class=\"elementor-widget-wrap elementor-element-populated\">\n\t\t\t\t\t\t<div class=\"elementor-element elementor-element-4f2922a elementor-widget elementor-widget-shortcode\" data-id=\"4f2922a\" data-element_type=\"widget\" data-e-type=\"widget\" data-widget_type=\"shortcode.default\">\n\t\t\t\t<div class=\"elementor-widget-container\">\n\t\t\t\t\t\t\t<div class=\"elementor-shortcode\">\n<table id=\"tablepress-19\" class=\"tablepress tablepress-id-19 tabla\">\n<thead>\n<tr class=\"row-1\">\n\t<th class=\"column-1\">Capacitat<\/th><th class=\"column-2\">Di\u00e0metre (m)<\/th><th class=\"column-3\">Altura (m)<\/th>\n<\/tr>\n<\/thead>\n<tbody class=\"row-striping row-hover\">\n<tr class=\"row-2\">\n\t<td class=\"column-1\">120 L<\/td><td class=\"column-2\">\u00f80,52<\/td><td class=\"column-3\">0,62<\/td>\n<\/tr>\n<tr class=\"row-3\">\n\t<td class=\"column-1\">250 L<\/td><td class=\"column-2\">\u00f80,72<\/td><td class=\"column-3\">0,80<\/td>\n<\/tr>\n<tr class=\"row-4\">\n\t<td class=\"column-1\">450 L<\/td><td class=\"column-2\">\u00f80,93<\/td><td class=\"column-3\">0,86<\/td>\n<\/tr>\n<tr class=\"row-5\">\n\t<td class=\"column-1\">600 L<\/td><td class=\"column-2\">\u00f81,00<\/td><td class=\"column-3\">1,00<\/td>\n<\/tr>\n<tr class=\"row-6\">\n\t<td class=\"column-1\">1.000 L<\/td><td class=\"column-2\">\u00f81,20<\/td><td class=\"column-3\">1,20<\/td>\n<\/tr>\n<tr class=\"row-7\">\n\t<td class=\"column-1\">1.500 L<\/td><td class=\"column-2\">\u00f81,50<\/td><td class=\"column-3\">1,10<\/td>\n<\/tr>\n<tr class=\"row-8\">\n\t<td class=\"column-1\">2.000 L<\/td><td class=\"column-2\">\u00f81,50<\/td><td class=\"column-3\">1,45<\/td>\n<\/tr>\n<tr class=\"row-9\">\n\t<td class=\"column-1\">3.000 L<\/td><td class=\"column-2\">\u00f81,70<\/td><td class=\"column-3\">1,70<\/td>\n<\/tr>\n<\/tbody>\n<\/table>\n<!-- #tablepress-19 from cache --><\/div>\n\t\t\t\t\t\t<\/div>\n\t\t\t\t<\/div>\n\t\t\t\t\t<\/div>\n\t\t<\/div>\n\t\t\t\t\t<\/div>\n\t\t<\/section>\n\t\t\t\t<section class=\"elementor-section elementor-top-section elementor-element elementor-element-d45767a elementor-section-boxed elementor-section-height-default elementor-section-height-default\" data-id=\"d45767a\" data-element_type=\"section\" data-e-type=\"section\">\n\t\t\t\t\t\t<div class=\"elementor-container elementor-column-gap-default\">\n\t\t\t\t\t<div class=\"elementor-column elementor-col-100 elementor-top-column elementor-element elementor-element-1bf343f\" data-id=\"1bf343f\" data-element_type=\"column\" data-e-type=\"column\">\n\t\t\t<div class=\"elementor-widget-wrap elementor-element-populated\">\n\t\t\t\t\t\t<div class=\"elementor-element elementor-element-4ec0ab0 elementor-widget elementor-widget-text-editor\" data-id=\"4ec0ab0\" data-element_type=\"widget\" data-e-type=\"widget\" data-widget_type=\"text-editor.default\">\n\t\t\t\t<div class=\"elementor-widget-container\">\n\t\t\t\t\t\t\t\t\t<ul type=\"disc\">\n<li>Part exterior protegida amb una capa de Top Coat, que evita l&#8217;envelliment provocat pel sol, donant-li una durada il\u00b7limitada a la intemp\u00e8rie.<\/li>\n<li>Apte per a \u00fas alimnntario i constru\u00eft amb materials autoritzats.<\/li>\n<li>Gran duresa gr\u00e0cies a l&#8217;poli\u00e8ster i a la fibra.<\/li>\n<li>Instal\u00b7laci\u00f3 senzilla i r\u00e0pida.<\/li>\n<li>Pes redu\u00eft que facilitat el maneig i el transport.<\/li>\n<li>De f\u00e0cil instal\u00b7laci\u00f3 per a connexions, sense risc d&#8217;esquerdes al trepar.<\/li>\n<li>Sense fuites, problema habitual amb els dip\u00f2sits d&#8217;obra.<\/li>\n<li>No s&#8217;oxida i no l&#8217;afecta ni la sal de la mar ni la humitat de la terra.<\/li>\n<li>Els models amb tapa superior total es poden encaixar un dins d&#8217;un altre, reduint al m\u00e0xim el transport i l&#8217;emmagatzematge.<\/li>\n<\/ul>\n\t\t\t\t\t\t\t\t<\/div>\n\t\t\t\t<\/div>\n\t\t\t\t\t<\/div>\n\t\t<\/div>\n\t\t\t\t\t<\/div>\n\t\t<\/section>\n\t\t\t\t<\/div>\n\t\t","protected":false},"excerpt":{"rendered":"<p>Anar enrere Part exterior protegida amb una capa de Top Coat, que evita l&#8217;envelliment provocat pel sol, donant-li una durada il\u00b7limitada a la intemp\u00e8rie. Apte per a \u00fas alimnntario i constru\u00eft amb materials autoritzats. Gran duresa gr\u00e0cies a l&#8217;poli\u00e8ster i a la fibra. Instal\u00b7laci\u00f3 senzilla i r\u00e0pida. Pes redu\u00eft que facilitat el maneig i el &#8230; <a title=\"Dip\u00f2sits circulars verticals\" class=\"read-more\" href=\"https:\/\/poliesterturro.com\/ca\/productes\/diposits-en-poliester\/diposits-circulars-verticals\/\" aria-label=\"M\u00e9s informaci\u00f3 sobre Dip\u00f2sits circulars verticals\">Llegiu m\u00e9s<\/a><\/p>\n","protected":false},"author":1,"featured_media":0,"parent":983,"menu_order":0,"comment_status":"closed","ping_status":"closed","template":"","meta":{"footnotes":""},"class_list":["post-989","page","type-page","status-publish"],"yoast_head":"<!-- This site is optimized with the Yoast SEO plugin v27.1.1 - https:\/\/yoast.com\/product\/yoast-seo-wordpress\/ -->\n<title>Dip\u00f2sits circulars verticals - Fibres de Vidre JM<\/title>\n<meta name=\"robots\" content=\"index, follow, max-snippet:-1, max-image-preview:large, max-video-preview:-1\" \/>\n<link rel=\"canonical\" href=\"https:\/\/poliesterturro.com\/ca\/productes\/diposits-en-poliester\/diposits-circulars-verticals\/\" \/>\n<meta property=\"og:locale\" content=\"ca_ES\" \/>\n<meta property=\"og:type\" content=\"article\" \/>\n<meta property=\"og:title\" content=\"Dip\u00f2sits circulars verticals - Fibres de Vidre JM\" \/>\n<meta property=\"og:description\" content=\"Anar enrere Part exterior protegida amb una capa de Top Coat, que evita l&#8217;envelliment provocat pel sol, donant-li una durada il\u00b7limitada a la intemp\u00e8rie. Apte per a \u00fas alimnntario i constru\u00eft amb materials autoritzats. Gran duresa gr\u00e0cies a l&#8217;poli\u00e8ster i a la fibra. Instal\u00b7laci\u00f3 senzilla i r\u00e0pida. Pes redu\u00eft que facilitat el maneig i el ... Llegiu m\u00e9s\" \/>\n<meta property=\"og:url\" content=\"https:\/\/poliesterturro.com\/ca\/productes\/diposits-en-poliester\/diposits-circulars-verticals\/\" \/>\n<meta property=\"og:site_name\" content=\"Fibres de Vidre JM\" \/>\n<meta property=\"article:modified_time\" content=\"2021-07-13T10:20:34+00:00\" \/>\n<meta property=\"og:image\" content=\"https:\/\/poliesterturro.com\/wp-content\/uploads\/2021\/03\/Circular_Verticals.jpg\" \/>\n<meta name=\"twitter:card\" content=\"summary_large_image\" \/>\n<meta name=\"twitter:label1\" content=\"Temps estimat de lectura\" \/>\n\t<meta name=\"twitter:data1\" content=\"1 minut\" \/>\n<script type=\"application\/ld+json\" class=\"yoast-schema-graph\">{\"@context\":\"https:\/\/schema.org\",\"@graph\":[{\"@type\":\"WebPage\",\"@id\":\"https:\/\/poliesterturro.com\/ca\/productes\/diposits-en-poliester\/diposits-circulars-verticals\/\",\"url\":\"https:\/\/poliesterturro.com\/ca\/productes\/diposits-en-poliester\/diposits-circulars-verticals\/\",\"name\":\"Dip\u00f2sits circulars verticals - Fibres de Vidre JM\",\"isPartOf\":{\"@id\":\"https:\/\/poliesterturro.com\/ca\/#website\"},\"primaryImageOfPage\":{\"@id\":\"https:\/\/poliesterturro.com\/ca\/productes\/diposits-en-poliester\/diposits-circulars-verticals\/#primaryimage\"},\"image\":{\"@id\":\"https:\/\/poliesterturro.com\/ca\/productes\/diposits-en-poliester\/diposits-circulars-verticals\/#primaryimage\"},\"thumbnailUrl\":\"https:\/\/poliesterturro.com\/wp-content\/uploads\/2021\/03\/Circular_Verticals.jpg\",\"datePublished\":\"2021-07-13T09:23:26+00:00\",\"dateModified\":\"2021-07-13T10:20:34+00:00\",\"breadcrumb\":{\"@id\":\"https:\/\/poliesterturro.com\/ca\/productes\/diposits-en-poliester\/diposits-circulars-verticals\/#breadcrumb\"},\"inLanguage\":\"ca\",\"potentialAction\":[{\"@type\":\"ReadAction\",\"target\":[\"https:\/\/poliesterturro.com\/ca\/productes\/diposits-en-poliester\/diposits-circulars-verticals\/\"]}]},{\"@type\":\"ImageObject\",\"inLanguage\":\"ca\",\"@id\":\"https:\/\/poliesterturro.com\/ca\/productes\/diposits-en-poliester\/diposits-circulars-verticals\/#primaryimage\",\"url\":\"https:\/\/poliesterturro.com\/wp-content\/uploads\/2021\/03\/Circular_Verticals.jpg\",\"contentUrl\":\"https:\/\/poliesterturro.com\/wp-content\/uploads\/2021\/03\/Circular_Verticals.jpg\"},{\"@type\":\"BreadcrumbList\",\"@id\":\"https:\/\/poliesterturro.com\/ca\/productes\/diposits-en-poliester\/diposits-circulars-verticals\/#breadcrumb\",\"itemListElement\":[{\"@type\":\"ListItem\",\"position\":1,\"name\":\"Portada\",\"item\":\"https:\/\/poliesterturro.com\/ca\/inici\/\"},{\"@type\":\"ListItem\",\"position\":2,\"name\":\"Productes\",\"item\":\"https:\/\/poliesterturro.com\/ca\/productes\/\"},{\"@type\":\"ListItem\",\"position\":3,\"name\":\"Dip\u00f2sits en poli\u00e8ster\",\"item\":\"https:\/\/poliesterturro.com\/ca\/productes\/diposits-en-poliester\/\"},{\"@type\":\"ListItem\",\"position\":4,\"name\":\"Dip\u00f2sits circulars verticals\"}]},{\"@type\":\"WebSite\",\"@id\":\"https:\/\/poliesterturro.com\/ca\/#website\",\"url\":\"https:\/\/poliesterturro.com\/ca\/\",\"name\":\"Fibres de Vidre JM\",\"description\":\"Fibres de vidre\",\"publisher\":{\"@id\":\"https:\/\/poliesterturro.com\/ca\/#organization\"},\"potentialAction\":[{\"@type\":\"SearchAction\",\"target\":{\"@type\":\"EntryPoint\",\"urlTemplate\":\"https:\/\/poliesterturro.com\/ca\/?s={search_term_string}\"},\"query-input\":{\"@type\":\"PropertyValueSpecification\",\"valueRequired\":true,\"valueName\":\"search_term_string\"}}],\"inLanguage\":\"ca\"},{\"@type\":\"Organization\",\"@id\":\"https:\/\/poliesterturro.com\/ca\/#organization\",\"name\":\"Fibres de Vidre JM\",\"url\":\"https:\/\/poliesterturro.com\/ca\/\",\"logo\":{\"@type\":\"ImageObject\",\"inLanguage\":\"ca\",\"@id\":\"https:\/\/poliesterturro.com\/ca\/#\/schema\/logo\/image\/\",\"url\":\"https:\/\/poliesterturro.com\/wp-content\/uploads\/2020\/10\/logo_fibres-vidre.jpg\",\"contentUrl\":\"https:\/\/poliesterturro.com\/wp-content\/uploads\/2020\/10\/logo_fibres-vidre.jpg\",\"width\":336,\"height\":91,\"caption\":\"Fibres de Vidre JM\"},\"image\":{\"@id\":\"https:\/\/poliesterturro.com\/ca\/#\/schema\/logo\/image\/\"}}]}<\/script>\n<!-- \/ Yoast SEO plugin. -->","yoast_head_json":{"title":"Dip\u00f2sits circulars verticals - Fibres de Vidre JM","robots":{"index":"index","follow":"follow","max-snippet":"max-snippet:-1","max-image-preview":"max-image-preview:large","max-video-preview":"max-video-preview:-1"},"canonical":"https:\/\/poliesterturro.com\/ca\/productes\/diposits-en-poliester\/diposits-circulars-verticals\/","og_locale":"ca_ES","og_type":"article","og_title":"Dip\u00f2sits circulars verticals - Fibres de Vidre JM","og_description":"Anar enrere Part exterior protegida amb una capa de Top Coat, que evita l&#8217;envelliment provocat pel sol, donant-li una durada il\u00b7limitada a la intemp\u00e8rie. Apte per a \u00fas alimnntario i constru\u00eft amb materials autoritzats. Gran duresa gr\u00e0cies a l&#8217;poli\u00e8ster i a la fibra. Instal\u00b7laci\u00f3 senzilla i r\u00e0pida. Pes redu\u00eft que facilitat el maneig i el ... Llegiu m\u00e9s","og_url":"https:\/\/poliesterturro.com\/ca\/productes\/diposits-en-poliester\/diposits-circulars-verticals\/","og_site_name":"Fibres de Vidre JM","article_modified_time":"2021-07-13T10:20:34+00:00","og_image":[{"url":"https:\/\/poliesterturro.com\/wp-content\/uploads\/2021\/03\/Circular_Verticals.jpg","type":"","width":"","height":""}],"twitter_card":"summary_large_image","twitter_misc":{"Temps estimat de lectura":"1 minut"},"schema":{"@context":"https:\/\/schema.org","@graph":[{"@type":"WebPage","@id":"https:\/\/poliesterturro.com\/ca\/productes\/diposits-en-poliester\/diposits-circulars-verticals\/","url":"https:\/\/poliesterturro.com\/ca\/productes\/diposits-en-poliester\/diposits-circulars-verticals\/","name":"Dip\u00f2sits circulars verticals - Fibres de Vidre JM","isPartOf":{"@id":"https:\/\/poliesterturro.com\/ca\/#website"},"primaryImageOfPage":{"@id":"https:\/\/poliesterturro.com\/ca\/productes\/diposits-en-poliester\/diposits-circulars-verticals\/#primaryimage"},"image":{"@id":"https:\/\/poliesterturro.com\/ca\/productes\/diposits-en-poliester\/diposits-circulars-verticals\/#primaryimage"},"thumbnailUrl":"https:\/\/poliesterturro.com\/wp-content\/uploads\/2021\/03\/Circular_Verticals.jpg","datePublished":"2021-07-13T09:23:26+00:00","dateModified":"2021-07-13T10:20:34+00:00","breadcrumb":{"@id":"https:\/\/poliesterturro.com\/ca\/productes\/diposits-en-poliester\/diposits-circulars-verticals\/#breadcrumb"},"inLanguage":"ca","potentialAction":[{"@type":"ReadAction","target":["https:\/\/poliesterturro.com\/ca\/productes\/diposits-en-poliester\/diposits-circulars-verticals\/"]}]},{"@type":"ImageObject","inLanguage":"ca","@id":"https:\/\/poliesterturro.com\/ca\/productes\/diposits-en-poliester\/diposits-circulars-verticals\/#primaryimage","url":"https:\/\/poliesterturro.com\/wp-content\/uploads\/2021\/03\/Circular_Verticals.jpg","contentUrl":"https:\/\/poliesterturro.com\/wp-content\/uploads\/2021\/03\/Circular_Verticals.jpg"},{"@type":"BreadcrumbList","@id":"https:\/\/poliesterturro.com\/ca\/productes\/diposits-en-poliester\/diposits-circulars-verticals\/#breadcrumb","itemListElement":[{"@type":"ListItem","position":1,"name":"Portada","item":"https:\/\/poliesterturro.com\/ca\/inici\/"},{"@type":"ListItem","position":2,"name":"Productes","item":"https:\/\/poliesterturro.com\/ca\/productes\/"},{"@type":"ListItem","position":3,"name":"Dip\u00f2sits en poli\u00e8ster","item":"https:\/\/poliesterturro.com\/ca\/productes\/diposits-en-poliester\/"},{"@type":"ListItem","position":4,"name":"Dip\u00f2sits circulars verticals"}]},{"@type":"WebSite","@id":"https:\/\/poliesterturro.com\/ca\/#website","url":"https:\/\/poliesterturro.com\/ca\/","name":"Fibres de Vidre JM","description":"Fibres de vidre","publisher":{"@id":"https:\/\/poliesterturro.com\/ca\/#organization"},"potentialAction":[{"@type":"SearchAction","target":{"@type":"EntryPoint","urlTemplate":"https:\/\/poliesterturro.com\/ca\/?s={search_term_string}"},"query-input":{"@type":"PropertyValueSpecification","valueRequired":true,"valueName":"search_term_string"}}],"inLanguage":"ca"},{"@type":"Organization","@id":"https:\/\/poliesterturro.com\/ca\/#organization","name":"Fibres de Vidre JM","url":"https:\/\/poliesterturro.com\/ca\/","logo":{"@type":"ImageObject","inLanguage":"ca","@id":"https:\/\/poliesterturro.com\/ca\/#\/schema\/logo\/image\/","url":"https:\/\/poliesterturro.com\/wp-content\/uploads\/2020\/10\/logo_fibres-vidre.jpg","contentUrl":"https:\/\/poliesterturro.com\/wp-content\/uploads\/2020\/10\/logo_fibres-vidre.jpg","width":336,"height":91,"caption":"Fibres de Vidre JM"},"image":{"@id":"https:\/\/poliesterturro.com\/ca\/#\/schema\/logo\/image\/"}}]}},"_links":{"self":[{"href":"https:\/\/poliesterturro.com\/ca\/wp-json\/wp\/v2\/pages\/989","targetHints":{"allow":["GET"]}}],"collection":[{"href":"https:\/\/poliesterturro.com\/ca\/wp-json\/wp\/v2\/pages"}],"about":[{"href":"https:\/\/poliesterturro.com\/ca\/wp-json\/wp\/v2\/types\/page"}],"author":[{"embeddable":true,"href":"https:\/\/poliesterturro.com\/ca\/wp-json\/wp\/v2\/users\/1"}],"replies":[{"embeddable":true,"href":"https:\/\/poliesterturro.com\/ca\/wp-json\/wp\/v2\/comments?post=989"}],"version-history":[{"count":6,"href":"https:\/\/poliesterturro.com\/ca\/wp-json\/wp\/v2\/pages\/989\/revisions"}],"predecessor-version":[{"id":1250,"href":"https:\/\/poliesterturro.com\/ca\/wp-json\/wp\/v2\/pages\/989\/revisions\/1250"}],"up":[{"embeddable":true,"href":"https:\/\/poliesterturro.com\/ca\/wp-json\/wp\/v2\/pages\/983"}],"wp:attachment":[{"href":"https:\/\/poliesterturro.com\/ca\/wp-json\/wp\/v2\/media?parent=989"}],"curies":[{"name":"wp","href":"https:\/\/api.w.org\/{rel}","templated":true}]}}