{"id":983,"date":"2021-07-13T09:21:35","date_gmt":"2021-07-13T09:21:35","guid":{"rendered":"https:\/\/poliesterturro.com\/productes\/diposits-en-poliester\/"},"modified":"2021-07-13T10:19:28","modified_gmt":"2021-07-13T10:19:28","slug":"diposits-en-poliester","status":"publish","type":"page","link":"https:\/\/poliesterturro.com\/ca\/productes\/diposits-en-poliester\/","title":{"rendered":"Dip\u00f2sits en poli\u00e8ster"},"content":{"rendered":"\t\t<div data-elementor-type=\"wp-page\" data-elementor-id=\"983\" class=\"elementor elementor-983 elementor-112\" data-elementor-post-type=\"page\">\n\t\t\t\t\t\t<section class=\"elementor-section elementor-top-section elementor-element elementor-element-f478a02 elementor-section-boxed elementor-section-height-default elementor-section-height-default\" data-id=\"f478a02\" data-element_type=\"section\" data-e-type=\"section\">\n\t\t\t\t\t\t<div class=\"elementor-container elementor-column-gap-default\">\n\t\t\t\t\t<div class=\"elementor-column elementor-col-100 elementor-top-column elementor-element elementor-element-cf58921\" data-id=\"cf58921\" data-element_type=\"column\" data-e-type=\"column\">\n\t\t\t<div class=\"elementor-widget-wrap elementor-element-populated\">\n\t\t\t\t\t\t<div class=\"elementor-element elementor-element-276b9c2 elementor-widget elementor-widget-heading\" data-id=\"276b9c2\" data-element_type=\"widget\" data-e-type=\"widget\" data-widget_type=\"heading.default\">\n\t\t\t\t<div class=\"elementor-widget-container\">\n\t\t\t\t\t<h2 class=\"elementor-heading-title elementor-size-default\">Dip\u00f2sits en poli\u00e8ster<\/h2>\t\t\t\t<\/div>\n\t\t\t\t<\/div>\n\t\t\t\t\t<\/div>\n\t\t<\/div>\n\t\t\t\t\t<\/div>\n\t\t<\/section>\n\t\t\t\t<section class=\"elementor-section elementor-top-section elementor-element elementor-element-64ba5dc elementor-section-boxed elementor-section-height-default elementor-section-height-default\" data-id=\"64ba5dc\" data-element_type=\"section\" data-e-type=\"section\">\n\t\t\t\t\t\t<div class=\"elementor-container elementor-column-gap-default\">\n\t\t\t\t\t<div class=\"elementor-column elementor-col-33 elementor-top-column elementor-element elementor-element-c6607b8\" data-id=\"c6607b8\" data-element_type=\"column\" data-e-type=\"column\">\n\t\t\t<div class=\"elementor-widget-wrap elementor-element-populated\">\n\t\t\t\t\t\t<div class=\"elementor-element elementor-element-54f485e elementor-widget elementor-widget-image\" data-id=\"54f485e\" data-element_type=\"widget\" data-e-type=\"widget\" data-widget_type=\"image.default\">\n\t\t\t\t<div class=\"elementor-widget-container\">\n\t\t\t\t\t\t\t\t\t\t\t\t\t\t\t\t<a href=\"https:\/\/poliesterturro.com\/ca\/productes\/diposits-en-poliester\/diposits-rectangulars\/\">\n\t\t\t\t\t\t\t<img fetchpriority=\"high\" decoding=\"async\" width=\"400\" height=\"400\" src=\"https:\/\/poliesterturro.com\/wp-content\/uploads\/2021\/03\/Rectangulars_Diposits.jpg\" class=\"attachment-large size-large wp-image-1244\" alt=\"\" srcset=\"https:\/\/poliesterturro.com\/wp-content\/uploads\/2021\/03\/Rectangulars_Diposits.jpg 400w, https:\/\/poliesterturro.com\/wp-content\/uploads\/2021\/03\/Rectangulars_Diposits-300x300.jpg 300w, https:\/\/poliesterturro.com\/wp-content\/uploads\/2021\/03\/Rectangulars_Diposits-150x150.jpg 150w\" sizes=\"(max-width: 400px) 100vw, 400px\" \/>\t\t\t\t\t\t\t\t<\/a>\n\t\t\t\t\t\t\t\t\t\t\t\t\t\t\t<\/div>\n\t\t\t\t<\/div>\n\t\t\t\t<div class=\"elementor-element elementor-element-762f33c elementor-widget elementor-widget-heading\" data-id=\"762f33c\" data-element_type=\"widget\" data-e-type=\"widget\" data-widget_type=\"heading.default\">\n\t\t\t\t<div class=\"elementor-widget-container\">\n\t\t\t\t\t<h4 class=\"elementor-heading-title elementor-size-default\"><a href=\"https:\/\/poliesterturro.com\/ca\/productes\/diposits-en-poliester\/diposits-rectangulars\/\">Rectangulars<\/a><\/h4>\t\t\t\t<\/div>\n\t\t\t\t<\/div>\n\t\t\t\t\t<\/div>\n\t\t<\/div>\n\t\t\t\t<div class=\"elementor-column elementor-col-33 elementor-top-column elementor-element elementor-element-1c4d227\" data-id=\"1c4d227\" data-element_type=\"column\" data-e-type=\"column\">\n\t\t\t<div class=\"elementor-widget-wrap elementor-element-populated\">\n\t\t\t\t\t\t<div class=\"elementor-element elementor-element-a9b8e18 elementor-widget elementor-widget-image\" data-id=\"a9b8e18\" data-element_type=\"widget\" data-e-type=\"widget\" data-widget_type=\"image.default\">\n\t\t\t\t<div class=\"elementor-widget-container\">\n\t\t\t\t\t\t\t\t\t\t\t\t\t\t\t\t<a href=\"https:\/\/poliesterturro.com\/ca\/productes\/diposits-en-poliester\/diposits-circulars-verticals\/\">\n\t\t\t\t\t\t\t<img decoding=\"async\" width=\"400\" height=\"400\" src=\"https:\/\/poliesterturro.com\/wp-content\/uploads\/2021\/03\/Circular_Verticals.jpg\" class=\"attachment-large size-large wp-image-1248\" alt=\"\" srcset=\"https:\/\/poliesterturro.com\/wp-content\/uploads\/2021\/03\/Circular_Verticals.jpg 400w, https:\/\/poliesterturro.com\/wp-content\/uploads\/2021\/03\/Circular_Verticals-300x300.jpg 300w, https:\/\/poliesterturro.com\/wp-content\/uploads\/2021\/03\/Circular_Verticals-150x150.jpg 150w\" sizes=\"(max-width: 400px) 100vw, 400px\" \/>\t\t\t\t\t\t\t\t<\/a>\n\t\t\t\t\t\t\t\t\t\t\t\t\t\t\t<\/div>\n\t\t\t\t<\/div>\n\t\t\t\t<div class=\"elementor-element elementor-element-690ecfb elementor-widget elementor-widget-heading\" data-id=\"690ecfb\" data-element_type=\"widget\" data-e-type=\"widget\" data-widget_type=\"heading.default\">\n\t\t\t\t<div class=\"elementor-widget-container\">\n\t\t\t\t\t<h4 class=\"elementor-heading-title elementor-size-default\"><a href=\"https:\/\/poliesterturro.com\/ca\/productes\/diposits-en-poliester\/diposits-circulars-verticals\/\">Circulars verticals<\/a><\/h4>\t\t\t\t<\/div>\n\t\t\t\t<\/div>\n\t\t\t\t\t<\/div>\n\t\t<\/div>\n\t\t\t\t<div class=\"elementor-column elementor-col-33 elementor-top-column elementor-element elementor-element-2b5e9bd\" data-id=\"2b5e9bd\" data-element_type=\"column\" data-e-type=\"column\">\n\t\t\t<div class=\"elementor-widget-wrap elementor-element-populated\">\n\t\t\t\t\t\t<div class=\"elementor-element elementor-element-5d95f63 elementor-widget elementor-widget-image\" data-id=\"5d95f63\" data-element_type=\"widget\" data-e-type=\"widget\" data-widget_type=\"image.default\">\n\t\t\t\t<div class=\"elementor-widget-container\">\n\t\t\t\t\t\t\t\t\t\t\t\t\t\t\t\t<a href=\"https:\/\/poliesterturro.com\/ca\/productes\/diposits-en-poliester\/diposits-circulars-verticals-grans-capacitats\/\">\n\t\t\t\t\t\t\t<img decoding=\"async\" width=\"400\" height=\"400\" src=\"https:\/\/poliesterturro.com\/wp-content\/uploads\/2021\/03\/diposit_grancapacitat.jpg\" class=\"attachment-large size-large wp-image-1252\" alt=\"\" srcset=\"https:\/\/poliesterturro.com\/wp-content\/uploads\/2021\/03\/diposit_grancapacitat.jpg 400w, https:\/\/poliesterturro.com\/wp-content\/uploads\/2021\/03\/diposit_grancapacitat-300x300.jpg 300w, https:\/\/poliesterturro.com\/wp-content\/uploads\/2021\/03\/diposit_grancapacitat-150x150.jpg 150w\" sizes=\"(max-width: 400px) 100vw, 400px\" \/>\t\t\t\t\t\t\t\t<\/a>\n\t\t\t\t\t\t\t\t\t\t\t\t\t\t\t<\/div>\n\t\t\t\t<\/div>\n\t\t\t\t<div class=\"elementor-element elementor-element-6731982 elementor-widget elementor-widget-heading\" data-id=\"6731982\" data-element_type=\"widget\" data-e-type=\"widget\" data-widget_type=\"heading.default\">\n\t\t\t\t<div class=\"elementor-widget-container\">\n\t\t\t\t\t<h4 class=\"elementor-heading-title elementor-size-default\"><a href=\"https:\/\/poliesterturro.com\/ca\/productes\/diposits-en-poliester\/diposits-circulars-verticals-grans-capacitats\/\">Circulars verticals \"Grans capacitats\"<\/a><\/h4>\t\t\t\t<\/div>\n\t\t\t\t<\/div>\n\t\t\t\t\t<\/div>\n\t\t<\/div>\n\t\t\t\t\t<\/div>\n\t\t<\/section>\n\t\t\t\t<section class=\"elementor-section elementor-top-section elementor-element elementor-element-7c2c0a3 elementor-section-boxed elementor-section-height-default elementor-section-height-default\" data-id=\"7c2c0a3\" data-element_type=\"section\" data-e-type=\"section\">\n\t\t\t\t\t\t<div class=\"elementor-container elementor-column-gap-default\">\n\t\t\t\t\t<div class=\"elementor-column elementor-col-33 elementor-top-column elementor-element elementor-element-9edf49c\" data-id=\"9edf49c\" data-element_type=\"column\" data-e-type=\"column\">\n\t\t\t<div class=\"elementor-widget-wrap elementor-element-populated\">\n\t\t\t\t\t\t<div class=\"elementor-element elementor-element-aafcec9 elementor-widget elementor-widget-image\" data-id=\"aafcec9\" data-element_type=\"widget\" data-e-type=\"widget\" data-widget_type=\"image.default\">\n\t\t\t\t<div class=\"elementor-widget-container\">\n\t\t\t\t\t\t\t\t\t\t\t\t\t\t\t\t<a href=\"https:\/\/poliesterturro.com\/ca\/productes\/diposits-en-poliester\/diposits-cubes-circulars-horitzontals-per-enterrar\/\">\n\t\t\t\t\t\t\t<img loading=\"lazy\" decoding=\"async\" width=\"400\" height=\"400\" src=\"https:\/\/poliesterturro.com\/wp-content\/uploads\/2021\/03\/Cubes_Circulars_Horitzantals.jpg\" class=\"attachment-large size-large wp-image-1256\" alt=\"\" srcset=\"https:\/\/poliesterturro.com\/wp-content\/uploads\/2021\/03\/Cubes_Circulars_Horitzantals.jpg 400w, https:\/\/poliesterturro.com\/wp-content\/uploads\/2021\/03\/Cubes_Circulars_Horitzantals-300x300.jpg 300w, https:\/\/poliesterturro.com\/wp-content\/uploads\/2021\/03\/Cubes_Circulars_Horitzantals-150x150.jpg 150w\" sizes=\"(max-width: 400px) 100vw, 400px\" \/>\t\t\t\t\t\t\t\t<\/a>\n\t\t\t\t\t\t\t\t\t\t\t\t\t\t\t<\/div>\n\t\t\t\t<\/div>\n\t\t\t\t<div class=\"elementor-element elementor-element-406342e elementor-widget elementor-widget-heading\" data-id=\"406342e\" data-element_type=\"widget\" data-e-type=\"widget\" data-widget_type=\"heading.default\">\n\t\t\t\t<div class=\"elementor-widget-container\">\n\t\t\t\t\t<h4 class=\"elementor-heading-title elementor-size-default\"><a href=\"https:\/\/poliesterturro.com\/ca\/productes\/diposits-en-poliester\/diposits-cubes-circulars-horitzontals-per-enterrar\/\">Cubes circulars horitzontals \"per enterrar\"<\/a><\/h4>\t\t\t\t<\/div>\n\t\t\t\t<\/div>\n\t\t\t\t\t<\/div>\n\t\t<\/div>\n\t\t\t\t<div class=\"elementor-column elementor-col-33 elementor-top-column elementor-element elementor-element-601cd91\" data-id=\"601cd91\" data-element_type=\"column\" data-e-type=\"column\">\n\t\t\t<div class=\"elementor-widget-wrap\">\n\t\t\t\t\t\t\t<\/div>\n\t\t<\/div>\n\t\t\t\t<div class=\"elementor-column elementor-col-33 elementor-top-column elementor-element elementor-element-a87040f\" data-id=\"a87040f\" data-element_type=\"column\" data-e-type=\"column\">\n\t\t\t<div class=\"elementor-widget-wrap\">\n\t\t\t\t\t\t\t<\/div>\n\t\t<\/div>\n\t\t\t\t\t<\/div>\n\t\t<\/section>\n\t\t\t\t<\/div>\n\t\t","protected":false},"excerpt":{"rendered":"<p>Rectangulars Circulars verticals Circulars verticals &#8220;Grans capacitats&#8221; Cubes circulars horitzontals &#8220;per enterrar&#8221;<\/p>\n","protected":false},"author":1,"featured_media":0,"parent":977,"menu_order":0,"comment_status":"closed","ping_status":"closed","template":"","meta":{"footnotes":""},"class_list":["post-983","page","type-page","status-publish"],"yoast_head":"<!-- This site is optimized with the Yoast SEO plugin v27.1.1 - https:\/\/yoast.com\/product\/yoast-seo-wordpress\/ -->\n<title>Dip\u00f2sits en poli\u00e8ster - Fibres de Vidre JM<\/title>\n<meta name=\"description\" content=\"Gran duresa gr\u00e0cies a el poli\u00e8ster i la fibra. Sense fuites, problema habitual en els dip\u00f2sits d&#039;obra en Empord\u00e0.\" \/>\n<meta name=\"robots\" content=\"index, follow, max-snippet:-1, max-image-preview:large, max-video-preview:-1\" \/>\n<link rel=\"canonical\" href=\"https:\/\/poliesterturro.com\/ca\/productes\/diposits-en-poliester\/\" \/>\n<meta property=\"og:locale\" content=\"ca_ES\" \/>\n<meta property=\"og:type\" content=\"article\" \/>\n<meta property=\"og:title\" content=\"Dip\u00f2sits en poli\u00e8ster - Fibres de Vidre JM\" \/>\n<meta property=\"og:description\" content=\"Gran duresa gr\u00e0cies a el poli\u00e8ster i la fibra. Sense fuites, problema habitual en els dip\u00f2sits d&#039;obra en Empord\u00e0.\" \/>\n<meta property=\"og:url\" content=\"https:\/\/poliesterturro.com\/ca\/productes\/diposits-en-poliester\/\" \/>\n<meta property=\"og:site_name\" content=\"Fibres de Vidre JM\" \/>\n<meta property=\"article:modified_time\" content=\"2021-07-13T10:19:28+00:00\" \/>\n<meta property=\"og:image\" content=\"https:\/\/poliesterturro.com\/wp-content\/uploads\/2021\/03\/Rectangulars_Diposits.jpg\" \/>\n<meta name=\"twitter:card\" content=\"summary_large_image\" \/>\n<script type=\"application\/ld+json\" class=\"yoast-schema-graph\">{\"@context\":\"https:\/\/schema.org\",\"@graph\":[{\"@type\":\"WebPage\",\"@id\":\"https:\/\/poliesterturro.com\/ca\/productes\/diposits-en-poliester\/\",\"url\":\"https:\/\/poliesterturro.com\/ca\/productes\/diposits-en-poliester\/\",\"name\":\"Dip\u00f2sits en poli\u00e8ster - Fibres de Vidre JM\",\"isPartOf\":{\"@id\":\"https:\/\/poliesterturro.com\/ca\/#website\"},\"primaryImageOfPage\":{\"@id\":\"https:\/\/poliesterturro.com\/ca\/productes\/diposits-en-poliester\/#primaryimage\"},\"image\":{\"@id\":\"https:\/\/poliesterturro.com\/ca\/productes\/diposits-en-poliester\/#primaryimage\"},\"thumbnailUrl\":\"https:\/\/poliesterturro.com\/wp-content\/uploads\/2021\/03\/Rectangulars_Diposits.jpg\",\"datePublished\":\"2021-07-13T09:21:35+00:00\",\"dateModified\":\"2021-07-13T10:19:28+00:00\",\"description\":\"Gran duresa gr\u00e0cies a el poli\u00e8ster i la fibra. Sense fuites, problema habitual en els dip\u00f2sits d'obra en Empord\u00e0.\",\"breadcrumb\":{\"@id\":\"https:\/\/poliesterturro.com\/ca\/productes\/diposits-en-poliester\/#breadcrumb\"},\"inLanguage\":\"ca\",\"potentialAction\":[{\"@type\":\"ReadAction\",\"target\":[\"https:\/\/poliesterturro.com\/ca\/productes\/diposits-en-poliester\/\"]}]},{\"@type\":\"ImageObject\",\"inLanguage\":\"ca\",\"@id\":\"https:\/\/poliesterturro.com\/ca\/productes\/diposits-en-poliester\/#primaryimage\",\"url\":\"https:\/\/poliesterturro.com\/wp-content\/uploads\/2021\/03\/Rectangulars_Diposits.jpg\",\"contentUrl\":\"https:\/\/poliesterturro.com\/wp-content\/uploads\/2021\/03\/Rectangulars_Diposits.jpg\"},{\"@type\":\"BreadcrumbList\",\"@id\":\"https:\/\/poliesterturro.com\/ca\/productes\/diposits-en-poliester\/#breadcrumb\",\"itemListElement\":[{\"@type\":\"ListItem\",\"position\":1,\"name\":\"Portada\",\"item\":\"https:\/\/poliesterturro.com\/ca\/inici\/\"},{\"@type\":\"ListItem\",\"position\":2,\"name\":\"Productes\",\"item\":\"https:\/\/poliesterturro.com\/ca\/productes\/\"},{\"@type\":\"ListItem\",\"position\":3,\"name\":\"Dip\u00f2sits en poli\u00e8ster\"}]},{\"@type\":\"WebSite\",\"@id\":\"https:\/\/poliesterturro.com\/ca\/#website\",\"url\":\"https:\/\/poliesterturro.com\/ca\/\",\"name\":\"Fibres de Vidre JM\",\"description\":\"Fibres de vidre\",\"publisher\":{\"@id\":\"https:\/\/poliesterturro.com\/ca\/#organization\"},\"potentialAction\":[{\"@type\":\"SearchAction\",\"target\":{\"@type\":\"EntryPoint\",\"urlTemplate\":\"https:\/\/poliesterturro.com\/ca\/?s={search_term_string}\"},\"query-input\":{\"@type\":\"PropertyValueSpecification\",\"valueRequired\":true,\"valueName\":\"search_term_string\"}}],\"inLanguage\":\"ca\"},{\"@type\":\"Organization\",\"@id\":\"https:\/\/poliesterturro.com\/ca\/#organization\",\"name\":\"Fibres de Vidre JM\",\"url\":\"https:\/\/poliesterturro.com\/ca\/\",\"logo\":{\"@type\":\"ImageObject\",\"inLanguage\":\"ca\",\"@id\":\"https:\/\/poliesterturro.com\/ca\/#\/schema\/logo\/image\/\",\"url\":\"https:\/\/poliesterturro.com\/wp-content\/uploads\/2020\/10\/logo_fibres-vidre.jpg\",\"contentUrl\":\"https:\/\/poliesterturro.com\/wp-content\/uploads\/2020\/10\/logo_fibres-vidre.jpg\",\"width\":336,\"height\":91,\"caption\":\"Fibres de Vidre JM\"},\"image\":{\"@id\":\"https:\/\/poliesterturro.com\/ca\/#\/schema\/logo\/image\/\"}}]}<\/script>\n<!-- \/ Yoast SEO plugin. -->","yoast_head_json":{"title":"Dip\u00f2sits en poli\u00e8ster - Fibres de Vidre JM","description":"Gran duresa gr\u00e0cies a el poli\u00e8ster i la fibra. Sense fuites, problema habitual en els dip\u00f2sits d'obra en Empord\u00e0.","robots":{"index":"index","follow":"follow","max-snippet":"max-snippet:-1","max-image-preview":"max-image-preview:large","max-video-preview":"max-video-preview:-1"},"canonical":"https:\/\/poliesterturro.com\/ca\/productes\/diposits-en-poliester\/","og_locale":"ca_ES","og_type":"article","og_title":"Dip\u00f2sits en poli\u00e8ster - Fibres de Vidre JM","og_description":"Gran duresa gr\u00e0cies a el poli\u00e8ster i la fibra. Sense fuites, problema habitual en els dip\u00f2sits d'obra en Empord\u00e0.","og_url":"https:\/\/poliesterturro.com\/ca\/productes\/diposits-en-poliester\/","og_site_name":"Fibres de Vidre JM","article_modified_time":"2021-07-13T10:19:28+00:00","og_image":[{"url":"https:\/\/poliesterturro.com\/wp-content\/uploads\/2021\/03\/Rectangulars_Diposits.jpg","type":"","width":"","height":""}],"twitter_card":"summary_large_image","schema":{"@context":"https:\/\/schema.org","@graph":[{"@type":"WebPage","@id":"https:\/\/poliesterturro.com\/ca\/productes\/diposits-en-poliester\/","url":"https:\/\/poliesterturro.com\/ca\/productes\/diposits-en-poliester\/","name":"Dip\u00f2sits en poli\u00e8ster - Fibres de Vidre JM","isPartOf":{"@id":"https:\/\/poliesterturro.com\/ca\/#website"},"primaryImageOfPage":{"@id":"https:\/\/poliesterturro.com\/ca\/productes\/diposits-en-poliester\/#primaryimage"},"image":{"@id":"https:\/\/poliesterturro.com\/ca\/productes\/diposits-en-poliester\/#primaryimage"},"thumbnailUrl":"https:\/\/poliesterturro.com\/wp-content\/uploads\/2021\/03\/Rectangulars_Diposits.jpg","datePublished":"2021-07-13T09:21:35+00:00","dateModified":"2021-07-13T10:19:28+00:00","description":"Gran duresa gr\u00e0cies a el poli\u00e8ster i la fibra. Sense fuites, problema habitual en els dip\u00f2sits d'obra en Empord\u00e0.","breadcrumb":{"@id":"https:\/\/poliesterturro.com\/ca\/productes\/diposits-en-poliester\/#breadcrumb"},"inLanguage":"ca","potentialAction":[{"@type":"ReadAction","target":["https:\/\/poliesterturro.com\/ca\/productes\/diposits-en-poliester\/"]}]},{"@type":"ImageObject","inLanguage":"ca","@id":"https:\/\/poliesterturro.com\/ca\/productes\/diposits-en-poliester\/#primaryimage","url":"https:\/\/poliesterturro.com\/wp-content\/uploads\/2021\/03\/Rectangulars_Diposits.jpg","contentUrl":"https:\/\/poliesterturro.com\/wp-content\/uploads\/2021\/03\/Rectangulars_Diposits.jpg"},{"@type":"BreadcrumbList","@id":"https:\/\/poliesterturro.com\/ca\/productes\/diposits-en-poliester\/#breadcrumb","itemListElement":[{"@type":"ListItem","position":1,"name":"Portada","item":"https:\/\/poliesterturro.com\/ca\/inici\/"},{"@type":"ListItem","position":2,"name":"Productes","item":"https:\/\/poliesterturro.com\/ca\/productes\/"},{"@type":"ListItem","position":3,"name":"Dip\u00f2sits en poli\u00e8ster"}]},{"@type":"WebSite","@id":"https:\/\/poliesterturro.com\/ca\/#website","url":"https:\/\/poliesterturro.com\/ca\/","name":"Fibres de Vidre JM","description":"Fibres de vidre","publisher":{"@id":"https:\/\/poliesterturro.com\/ca\/#organization"},"potentialAction":[{"@type":"SearchAction","target":{"@type":"EntryPoint","urlTemplate":"https:\/\/poliesterturro.com\/ca\/?s={search_term_string}"},"query-input":{"@type":"PropertyValueSpecification","valueRequired":true,"valueName":"search_term_string"}}],"inLanguage":"ca"},{"@type":"Organization","@id":"https:\/\/poliesterturro.com\/ca\/#organization","name":"Fibres de Vidre JM","url":"https:\/\/poliesterturro.com\/ca\/","logo":{"@type":"ImageObject","inLanguage":"ca","@id":"https:\/\/poliesterturro.com\/ca\/#\/schema\/logo\/image\/","url":"https:\/\/poliesterturro.com\/wp-content\/uploads\/2020\/10\/logo_fibres-vidre.jpg","contentUrl":"https:\/\/poliesterturro.com\/wp-content\/uploads\/2020\/10\/logo_fibres-vidre.jpg","width":336,"height":91,"caption":"Fibres de Vidre JM"},"image":{"@id":"https:\/\/poliesterturro.com\/ca\/#\/schema\/logo\/image\/"}}]}},"_links":{"self":[{"href":"https:\/\/poliesterturro.com\/ca\/wp-json\/wp\/v2\/pages\/983","targetHints":{"allow":["GET"]}}],"collection":[{"href":"https:\/\/poliesterturro.com\/ca\/wp-json\/wp\/v2\/pages"}],"about":[{"href":"https:\/\/poliesterturro.com\/ca\/wp-json\/wp\/v2\/types\/page"}],"author":[{"embeddable":true,"href":"https:\/\/poliesterturro.com\/ca\/wp-json\/wp\/v2\/users\/1"}],"replies":[{"embeddable":true,"href":"https:\/\/poliesterturro.com\/ca\/wp-json\/wp\/v2\/comments?post=983"}],"version-history":[{"count":6,"href":"https:\/\/poliesterturro.com\/ca\/wp-json\/wp\/v2\/pages\/983\/revisions"}],"predecessor-version":[{"id":1242,"href":"https:\/\/poliesterturro.com\/ca\/wp-json\/wp\/v2\/pages\/983\/revisions\/1242"}],"up":[{"embeddable":true,"href":"https:\/\/poliesterturro.com\/ca\/wp-json\/wp\/v2\/pages\/977"}],"wp:attachment":[{"href":"https:\/\/poliesterturro.com\/ca\/wp-json\/wp\/v2\/media?parent=983"}],"curies":[{"name":"wp","href":"https:\/\/api.w.org\/{rel}","templated":true}]}}