{"id":934,"date":"2021-07-13T09:06:57","date_gmt":"2021-07-13T09:06:57","guid":{"rendered":"https:\/\/poliesterturro.com\/especial-ramaderia\/sitges\/"},"modified":"2021-07-13T10:40:16","modified_gmt":"2021-07-13T10:40:16","slug":"sitges","status":"publish","type":"page","link":"https:\/\/poliesterturro.com\/ca\/especial-ramaderia\/sitges\/","title":{"rendered":"Sitges"},"content":{"rendered":"\t\t<div data-elementor-type=\"wp-page\" data-elementor-id=\"934\" class=\"elementor elementor-934 elementor-332\" data-elementor-post-type=\"page\">\n\t\t\t\t\t\t<section class=\"elementor-section elementor-top-section elementor-element elementor-element-bf9322c elementor-section-boxed elementor-section-height-default elementor-section-height-default\" data-id=\"bf9322c\" data-element_type=\"section\" data-e-type=\"section\">\n\t\t\t\t\t\t<div class=\"elementor-container elementor-column-gap-default\">\n\t\t\t\t\t<div class=\"elementor-column elementor-col-100 elementor-top-column elementor-element elementor-element-6da6872\" data-id=\"6da6872\" data-element_type=\"column\" data-e-type=\"column\">\n\t\t\t<div class=\"elementor-widget-wrap elementor-element-populated\">\n\t\t\t\t\t\t<div class=\"elementor-element elementor-element-c0200c2 elementor-widget elementor-widget-heading\" data-id=\"c0200c2\" data-element_type=\"widget\" data-e-type=\"widget\" data-widget_type=\"heading.default\">\n\t\t\t\t<div class=\"elementor-widget-container\">\n\t\t\t\t\t<h2 class=\"elementor-heading-title elementor-size-default\">Sitges<\/h2>\t\t\t\t<\/div>\n\t\t\t\t<\/div>\n\t\t\t\t\t<\/div>\n\t\t<\/div>\n\t\t\t\t\t<\/div>\n\t\t<\/section>\n\t\t\t\t<section class=\"elementor-section elementor-top-section elementor-element elementor-element-d893435 elementor-section-boxed elementor-section-height-default elementor-section-height-default\" data-id=\"d893435\" data-element_type=\"section\" data-e-type=\"section\">\n\t\t\t\t\t\t<div class=\"elementor-container elementor-column-gap-default\">\n\t\t\t\t\t<div class=\"elementor-column elementor-col-50 elementor-top-column elementor-element elementor-element-4473390\" data-id=\"4473390\" data-element_type=\"column\" data-e-type=\"column\">\n\t\t\t<div class=\"elementor-widget-wrap elementor-element-populated\">\n\t\t\t\t\t\t<div class=\"elementor-element elementor-element-7136bfd elementor-widget elementor-widget-image\" data-id=\"7136bfd\" data-element_type=\"widget\" data-e-type=\"widget\" data-widget_type=\"image.default\">\n\t\t\t\t<div class=\"elementor-widget-container\">\n\t\t\t\t\t\t\t\t\t\t\t\t\t\t\t\t<a href=\"https:\/\/poliesterturro.com\/ca\/especial-ramaderia\/sitges\/sitja\/\">\n\t\t\t\t\t\t\t<img fetchpriority=\"high\" decoding=\"async\" width=\"400\" height=\"400\" src=\"https:\/\/poliesterturro.com\/wp-content\/uploads\/2021\/03\/silo5w.jpg\" class=\"attachment-full size-full wp-image-959\" alt=\"\" srcset=\"https:\/\/poliesterturro.com\/wp-content\/uploads\/2021\/03\/silo5w.jpg 400w, https:\/\/poliesterturro.com\/wp-content\/uploads\/2021\/03\/silo5w-300x300.jpg 300w, https:\/\/poliesterturro.com\/wp-content\/uploads\/2021\/03\/silo5w-150x150.jpg 150w\" sizes=\"(max-width: 400px) 100vw, 400px\" \/>\t\t\t\t\t\t\t\t<\/a>\n\t\t\t\t\t\t\t\t\t\t\t\t\t\t\t<\/div>\n\t\t\t\t<\/div>\n\t\t\t\t<div class=\"elementor-element elementor-element-75e46f4 elementor-widget elementor-widget-heading\" data-id=\"75e46f4\" data-element_type=\"widget\" data-e-type=\"widget\" data-widget_type=\"heading.default\">\n\t\t\t\t<div class=\"elementor-widget-container\">\n\t\t\t\t\t<h4 class=\"elementor-heading-title elementor-size-default\"><a href=\"https:\/\/poliesterturro.com\/ca\/especial-ramaderia\/sitges\/sitja\/\">Sitges<\/a><\/h4>\t\t\t\t<\/div>\n\t\t\t\t<\/div>\n\t\t\t\t\t<\/div>\n\t\t<\/div>\n\t\t\t\t<div class=\"elementor-column elementor-col-50 elementor-top-column elementor-element elementor-element-a7dd872\" data-id=\"a7dd872\" data-element_type=\"column\" data-e-type=\"column\">\n\t\t\t<div class=\"elementor-widget-wrap elementor-element-populated\">\n\t\t\t\t\t\t<div class=\"elementor-element elementor-element-e650ba0 elementor-widget elementor-widget-image\" data-id=\"e650ba0\" data-element_type=\"widget\" data-e-type=\"widget\" data-widget_type=\"image.default\">\n\t\t\t\t<div class=\"elementor-widget-container\">\n\t\t\t\t\t\t\t\t\t\t\t\t\t\t\t\t<a href=\"https:\/\/poliesterturro.com\/ca\/especial-ramaderia\/sitges\/sitja-per-a-petites-quantitats\/\">\n\t\t\t\t\t\t\t<img decoding=\"async\" width=\"400\" height=\"400\" src=\"https:\/\/poliesterturro.com\/wp-content\/uploads\/2021\/03\/sitja3tbasepoli__sterw.jpg\" class=\"attachment-full size-full wp-image-963\" alt=\"\" srcset=\"https:\/\/poliesterturro.com\/wp-content\/uploads\/2021\/03\/sitja3tbasepoli__sterw.jpg 400w, https:\/\/poliesterturro.com\/wp-content\/uploads\/2021\/03\/sitja3tbasepoli__sterw-300x300.jpg 300w, https:\/\/poliesterturro.com\/wp-content\/uploads\/2021\/03\/sitja3tbasepoli__sterw-150x150.jpg 150w\" sizes=\"(max-width: 400px) 100vw, 400px\" \/>\t\t\t\t\t\t\t\t<\/a>\n\t\t\t\t\t\t\t\t\t\t\t\t\t\t\t<\/div>\n\t\t\t\t<\/div>\n\t\t\t\t<div class=\"elementor-element elementor-element-4e270fb elementor-widget elementor-widget-heading\" data-id=\"4e270fb\" data-element_type=\"widget\" data-e-type=\"widget\" data-widget_type=\"heading.default\">\n\t\t\t\t<div class=\"elementor-widget-container\">\n\t\t\t\t\t<h4 class=\"elementor-heading-title elementor-size-default\"><a href=\"https:\/\/poliesterturro.com\/ca\/especial-ramaderia\/sitges\/sitja-per-a-petites-quantitats\/\">Sitges per a petites quantitats<\/a><\/h4>\t\t\t\t<\/div>\n\t\t\t\t<\/div>\n\t\t\t\t\t<\/div>\n\t\t<\/div>\n\t\t\t\t\t<\/div>\n\t\t<\/section>\n\t\t\t\t<\/div>\n\t\t","protected":false},"excerpt":{"rendered":"<p>Sitges Sitges per a petites quantitats<\/p>\n","protected":false},"author":1,"featured_media":0,"parent":858,"menu_order":0,"comment_status":"closed","ping_status":"closed","template":"","meta":{"footnotes":""},"class_list":["post-934","page","type-page","status-publish"],"yoast_head":"<!-- This site is optimized with the Yoast SEO plugin v27.1.1 - https:\/\/yoast.com\/product\/yoast-seo-wordpress\/ -->\n<title>Sitges - Fibres de Vidre JM<\/title>\n<meta name=\"description\" content=\"Sitges a l&#039;Empord\u00e0. Part interior LLISA en la seva totalitat. C\u00e8rcol superior de protecci\u00f3 amb respirador incorporat per a ventilaci\u00f3 i anticondensaci\u00f3.\" \/>\n<meta name=\"robots\" content=\"index, follow, max-snippet:-1, max-image-preview:large, max-video-preview:-1\" \/>\n<link rel=\"canonical\" href=\"https:\/\/poliesterturro.com\/ca\/especial-ramaderia\/sitges\/\" \/>\n<meta property=\"og:locale\" content=\"ca_ES\" \/>\n<meta property=\"og:type\" content=\"article\" \/>\n<meta property=\"og:title\" content=\"Sitges - Fibres de Vidre JM\" \/>\n<meta property=\"og:description\" content=\"Sitges a l&#039;Empord\u00e0. Part interior LLISA en la seva totalitat. C\u00e8rcol superior de protecci\u00f3 amb respirador incorporat per a ventilaci\u00f3 i anticondensaci\u00f3.\" \/>\n<meta property=\"og:url\" content=\"https:\/\/poliesterturro.com\/ca\/especial-ramaderia\/sitges\/\" \/>\n<meta property=\"og:site_name\" content=\"Fibres de Vidre JM\" \/>\n<meta property=\"article:modified_time\" content=\"2021-07-13T10:40:16+00:00\" \/>\n<meta property=\"og:image\" content=\"https:\/\/poliesterturro.com\/wp-content\/uploads\/2021\/03\/silo5w.jpg\" \/>\n<meta name=\"twitter:card\" content=\"summary_large_image\" \/>\n<script type=\"application\/ld+json\" class=\"yoast-schema-graph\">{\"@context\":\"https:\/\/schema.org\",\"@graph\":[{\"@type\":\"WebPage\",\"@id\":\"https:\/\/poliesterturro.com\/ca\/especial-ramaderia\/sitges\/\",\"url\":\"https:\/\/poliesterturro.com\/ca\/especial-ramaderia\/sitges\/\",\"name\":\"Sitges - Fibres de Vidre JM\",\"isPartOf\":{\"@id\":\"https:\/\/poliesterturro.com\/ca\/#website\"},\"primaryImageOfPage\":{\"@id\":\"https:\/\/poliesterturro.com\/ca\/especial-ramaderia\/sitges\/#primaryimage\"},\"image\":{\"@id\":\"https:\/\/poliesterturro.com\/ca\/especial-ramaderia\/sitges\/#primaryimage\"},\"thumbnailUrl\":\"https:\/\/poliesterturro.com\/wp-content\/uploads\/2021\/03\/silo5w.jpg\",\"datePublished\":\"2021-07-13T09:06:57+00:00\",\"dateModified\":\"2021-07-13T10:40:16+00:00\",\"description\":\"Sitges a l'Empord\u00e0. Part interior LLISA en la seva totalitat. C\u00e8rcol superior de protecci\u00f3 amb respirador incorporat per a ventilaci\u00f3 i anticondensaci\u00f3.\",\"breadcrumb\":{\"@id\":\"https:\/\/poliesterturro.com\/ca\/especial-ramaderia\/sitges\/#breadcrumb\"},\"inLanguage\":\"ca\",\"potentialAction\":[{\"@type\":\"ReadAction\",\"target\":[\"https:\/\/poliesterturro.com\/ca\/especial-ramaderia\/sitges\/\"]}]},{\"@type\":\"ImageObject\",\"inLanguage\":\"ca\",\"@id\":\"https:\/\/poliesterturro.com\/ca\/especial-ramaderia\/sitges\/#primaryimage\",\"url\":\"https:\/\/poliesterturro.com\/wp-content\/uploads\/2021\/03\/silo5w.jpg\",\"contentUrl\":\"https:\/\/poliesterturro.com\/wp-content\/uploads\/2021\/03\/silo5w.jpg\"},{\"@type\":\"BreadcrumbList\",\"@id\":\"https:\/\/poliesterturro.com\/ca\/especial-ramaderia\/sitges\/#breadcrumb\",\"itemListElement\":[{\"@type\":\"ListItem\",\"position\":1,\"name\":\"Portada\",\"item\":\"https:\/\/poliesterturro.com\/ca\/inici\/\"},{\"@type\":\"ListItem\",\"position\":2,\"name\":\"Especial ramaderia\",\"item\":\"https:\/\/poliesterturro.com\/ca\/especial-ramaderia\/\"},{\"@type\":\"ListItem\",\"position\":3,\"name\":\"Sitges\"}]},{\"@type\":\"WebSite\",\"@id\":\"https:\/\/poliesterturro.com\/ca\/#website\",\"url\":\"https:\/\/poliesterturro.com\/ca\/\",\"name\":\"Fibres de Vidre JM\",\"description\":\"Fibres de vidre\",\"publisher\":{\"@id\":\"https:\/\/poliesterturro.com\/ca\/#organization\"},\"potentialAction\":[{\"@type\":\"SearchAction\",\"target\":{\"@type\":\"EntryPoint\",\"urlTemplate\":\"https:\/\/poliesterturro.com\/ca\/?s={search_term_string}\"},\"query-input\":{\"@type\":\"PropertyValueSpecification\",\"valueRequired\":true,\"valueName\":\"search_term_string\"}}],\"inLanguage\":\"ca\"},{\"@type\":\"Organization\",\"@id\":\"https:\/\/poliesterturro.com\/ca\/#organization\",\"name\":\"Fibres de Vidre JM\",\"url\":\"https:\/\/poliesterturro.com\/ca\/\",\"logo\":{\"@type\":\"ImageObject\",\"inLanguage\":\"ca\",\"@id\":\"https:\/\/poliesterturro.com\/ca\/#\/schema\/logo\/image\/\",\"url\":\"https:\/\/poliesterturro.com\/wp-content\/uploads\/2020\/10\/logo_fibres-vidre.jpg\",\"contentUrl\":\"https:\/\/poliesterturro.com\/wp-content\/uploads\/2020\/10\/logo_fibres-vidre.jpg\",\"width\":336,\"height\":91,\"caption\":\"Fibres de Vidre JM\"},\"image\":{\"@id\":\"https:\/\/poliesterturro.com\/ca\/#\/schema\/logo\/image\/\"}}]}<\/script>\n<!-- \/ Yoast SEO plugin. -->","yoast_head_json":{"title":"Sitges - Fibres de Vidre JM","description":"Sitges a l'Empord\u00e0. Part interior LLISA en la seva totalitat. C\u00e8rcol superior de protecci\u00f3 amb respirador incorporat per a ventilaci\u00f3 i anticondensaci\u00f3.","robots":{"index":"index","follow":"follow","max-snippet":"max-snippet:-1","max-image-preview":"max-image-preview:large","max-video-preview":"max-video-preview:-1"},"canonical":"https:\/\/poliesterturro.com\/ca\/especial-ramaderia\/sitges\/","og_locale":"ca_ES","og_type":"article","og_title":"Sitges - Fibres de Vidre JM","og_description":"Sitges a l'Empord\u00e0. Part interior LLISA en la seva totalitat. C\u00e8rcol superior de protecci\u00f3 amb respirador incorporat per a ventilaci\u00f3 i anticondensaci\u00f3.","og_url":"https:\/\/poliesterturro.com\/ca\/especial-ramaderia\/sitges\/","og_site_name":"Fibres de Vidre JM","article_modified_time":"2021-07-13T10:40:16+00:00","og_image":[{"url":"https:\/\/poliesterturro.com\/wp-content\/uploads\/2021\/03\/silo5w.jpg","type":"","width":"","height":""}],"twitter_card":"summary_large_image","schema":{"@context":"https:\/\/schema.org","@graph":[{"@type":"WebPage","@id":"https:\/\/poliesterturro.com\/ca\/especial-ramaderia\/sitges\/","url":"https:\/\/poliesterturro.com\/ca\/especial-ramaderia\/sitges\/","name":"Sitges - Fibres de Vidre JM","isPartOf":{"@id":"https:\/\/poliesterturro.com\/ca\/#website"},"primaryImageOfPage":{"@id":"https:\/\/poliesterturro.com\/ca\/especial-ramaderia\/sitges\/#primaryimage"},"image":{"@id":"https:\/\/poliesterturro.com\/ca\/especial-ramaderia\/sitges\/#primaryimage"},"thumbnailUrl":"https:\/\/poliesterturro.com\/wp-content\/uploads\/2021\/03\/silo5w.jpg","datePublished":"2021-07-13T09:06:57+00:00","dateModified":"2021-07-13T10:40:16+00:00","description":"Sitges a l'Empord\u00e0. Part interior LLISA en la seva totalitat. C\u00e8rcol superior de protecci\u00f3 amb respirador incorporat per a ventilaci\u00f3 i anticondensaci\u00f3.","breadcrumb":{"@id":"https:\/\/poliesterturro.com\/ca\/especial-ramaderia\/sitges\/#breadcrumb"},"inLanguage":"ca","potentialAction":[{"@type":"ReadAction","target":["https:\/\/poliesterturro.com\/ca\/especial-ramaderia\/sitges\/"]}]},{"@type":"ImageObject","inLanguage":"ca","@id":"https:\/\/poliesterturro.com\/ca\/especial-ramaderia\/sitges\/#primaryimage","url":"https:\/\/poliesterturro.com\/wp-content\/uploads\/2021\/03\/silo5w.jpg","contentUrl":"https:\/\/poliesterturro.com\/wp-content\/uploads\/2021\/03\/silo5w.jpg"},{"@type":"BreadcrumbList","@id":"https:\/\/poliesterturro.com\/ca\/especial-ramaderia\/sitges\/#breadcrumb","itemListElement":[{"@type":"ListItem","position":1,"name":"Portada","item":"https:\/\/poliesterturro.com\/ca\/inici\/"},{"@type":"ListItem","position":2,"name":"Especial ramaderia","item":"https:\/\/poliesterturro.com\/ca\/especial-ramaderia\/"},{"@type":"ListItem","position":3,"name":"Sitges"}]},{"@type":"WebSite","@id":"https:\/\/poliesterturro.com\/ca\/#website","url":"https:\/\/poliesterturro.com\/ca\/","name":"Fibres de Vidre JM","description":"Fibres de vidre","publisher":{"@id":"https:\/\/poliesterturro.com\/ca\/#organization"},"potentialAction":[{"@type":"SearchAction","target":{"@type":"EntryPoint","urlTemplate":"https:\/\/poliesterturro.com\/ca\/?s={search_term_string}"},"query-input":{"@type":"PropertyValueSpecification","valueRequired":true,"valueName":"search_term_string"}}],"inLanguage":"ca"},{"@type":"Organization","@id":"https:\/\/poliesterturro.com\/ca\/#organization","name":"Fibres de Vidre JM","url":"https:\/\/poliesterturro.com\/ca\/","logo":{"@type":"ImageObject","inLanguage":"ca","@id":"https:\/\/poliesterturro.com\/ca\/#\/schema\/logo\/image\/","url":"https:\/\/poliesterturro.com\/wp-content\/uploads\/2020\/10\/logo_fibres-vidre.jpg","contentUrl":"https:\/\/poliesterturro.com\/wp-content\/uploads\/2020\/10\/logo_fibres-vidre.jpg","width":336,"height":91,"caption":"Fibres de Vidre JM"},"image":{"@id":"https:\/\/poliesterturro.com\/ca\/#\/schema\/logo\/image\/"}}]}},"_links":{"self":[{"href":"https:\/\/poliesterturro.com\/ca\/wp-json\/wp\/v2\/pages\/934","targetHints":{"allow":["GET"]}}],"collection":[{"href":"https:\/\/poliesterturro.com\/ca\/wp-json\/wp\/v2\/pages"}],"about":[{"href":"https:\/\/poliesterturro.com\/ca\/wp-json\/wp\/v2\/types\/page"}],"author":[{"embeddable":true,"href":"https:\/\/poliesterturro.com\/ca\/wp-json\/wp\/v2\/users\/1"}],"replies":[{"embeddable":true,"href":"https:\/\/poliesterturro.com\/ca\/wp-json\/wp\/v2\/comments?post=934"}],"version-history":[{"count":6,"href":"https:\/\/poliesterturro.com\/ca\/wp-json\/wp\/v2\/pages\/934\/revisions"}],"predecessor-version":[{"id":1296,"href":"https:\/\/poliesterturro.com\/ca\/wp-json\/wp\/v2\/pages\/934\/revisions\/1296"}],"up":[{"embeddable":true,"href":"https:\/\/poliesterturro.com\/ca\/wp-json\/wp\/v2\/pages\/858"}],"wp:attachment":[{"href":"https:\/\/poliesterturro.com\/ca\/wp-json\/wp\/v2\/media?parent=934"}],"curies":[{"name":"wp","href":"https:\/\/api.w.org\/{rel}","templated":true}]}}