{"id":863,"date":"2021-07-13T08:02:51","date_gmt":"2021-07-13T08:02:51","guid":{"rendered":"https:\/\/poliesterturro.com\/fosa-septica\/"},"modified":"2021-07-13T10:34:38","modified_gmt":"2021-07-13T10:34:38","slug":"fosa-septica","status":"publish","type":"page","link":"https:\/\/poliesterturro.com\/ca\/productes\/fosses-septiques\/fosa-septica\/","title":{"rendered":"Fosa s\u00e8ptica"},"content":{"rendered":"\t\t<div data-elementor-type=\"wp-page\" data-elementor-id=\"863\" class=\"elementor elementor-863 elementor-262\" data-elementor-post-type=\"page\">\n\t\t\t\t\t\t<section class=\"elementor-section elementor-top-section elementor-element elementor-element-095f1ed elementor-section-boxed elementor-section-height-default elementor-section-height-default\" data-id=\"095f1ed\" data-element_type=\"section\" data-e-type=\"section\">\n\t\t\t\t\t\t<div class=\"elementor-container elementor-column-gap-default\">\n\t\t\t\t\t<div class=\"elementor-column elementor-col-100 elementor-top-column elementor-element elementor-element-31a9597\" data-id=\"31a9597\" data-element_type=\"column\" data-e-type=\"column\">\n\t\t\t<div class=\"elementor-widget-wrap elementor-element-populated\">\n\t\t\t\t\t\t<div class=\"elementor-element elementor-element-98871f5 elementor-widget elementor-widget-button\" data-id=\"98871f5\" data-element_type=\"widget\" data-e-type=\"widget\" data-widget_type=\"button.default\">\n\t\t\t\t<div class=\"elementor-widget-container\">\n\t\t\t\t\t\t\t\t\t<div class=\"elementor-button-wrapper\">\n\t\t\t\t\t<a class=\"elementor-button elementor-button-link elementor-size-sm\" href=\"https:\/\/poliesterturro.com\/productos\/\">\n\t\t\t\t\t\t<span class=\"elementor-button-content-wrapper\">\n\t\t\t\t\t\t<span class=\"elementor-button-icon\">\n\t\t\t\t<i aria-hidden=\"true\" class=\"fas fa-angle-left\"><\/i>\t\t\t<\/span>\n\t\t\t\t\t\t\t\t\t<span class=\"elementor-button-text\">Anar enrere<\/span>\n\t\t\t\t\t<\/span>\n\t\t\t\t\t<\/a>\n\t\t\t\t<\/div>\n\t\t\t\t\t\t\t\t<\/div>\n\t\t\t\t<\/div>\n\t\t\t\t<div class=\"elementor-element elementor-element-1cecf90 elementor-widget elementor-widget-heading\" data-id=\"1cecf90\" data-element_type=\"widget\" data-e-type=\"widget\" data-widget_type=\"heading.default\">\n\t\t\t\t<div class=\"elementor-widget-container\">\n\t\t\t\t\t<h2 class=\"elementor-heading-title elementor-size-default\">Foses s\u00e8ptiques<\/h2>\t\t\t\t<\/div>\n\t\t\t\t<\/div>\n\t\t\t\t\t<\/div>\n\t\t<\/div>\n\t\t\t\t\t<\/div>\n\t\t<\/section>\n\t\t\t\t<section class=\"elementor-section elementor-top-section elementor-element elementor-element-e0e9e98 elementor-section-boxed elementor-section-height-default elementor-section-height-default\" data-id=\"e0e9e98\" data-element_type=\"section\" data-e-type=\"section\">\n\t\t\t\t\t\t<div class=\"elementor-container elementor-column-gap-default\">\n\t\t\t\t\t<div class=\"elementor-column elementor-col-50 elementor-top-column elementor-element elementor-element-df0b480\" data-id=\"df0b480\" data-element_type=\"column\" data-e-type=\"column\">\n\t\t\t<div class=\"elementor-widget-wrap elementor-element-populated\">\n\t\t\t\t\t\t<div class=\"elementor-element elementor-element-21d6435 elementor-widget elementor-widget-image\" data-id=\"21d6435\" data-element_type=\"widget\" data-e-type=\"widget\" data-widget_type=\"image.default\">\n\t\t\t\t<div class=\"elementor-widget-container\">\n\t\t\t\t\t\t\t\t\t\t\t\t\t\t\t<img fetchpriority=\"high\" decoding=\"async\" width=\"400\" height=\"400\" src=\"https:\/\/poliesterturro.com\/wp-content\/uploads\/2021\/03\/Fosses-septiques.jpg\" class=\"attachment-large size-large wp-image-1273\" alt=\"\" srcset=\"https:\/\/poliesterturro.com\/wp-content\/uploads\/2021\/03\/Fosses-septiques.jpg 400w, https:\/\/poliesterturro.com\/wp-content\/uploads\/2021\/03\/Fosses-septiques-300x300.jpg 300w, https:\/\/poliesterturro.com\/wp-content\/uploads\/2021\/03\/Fosses-septiques-150x150.jpg 150w\" sizes=\"(max-width: 400px) 100vw, 400px\" \/>\t\t\t\t\t\t\t\t\t\t\t\t\t\t\t<\/div>\n\t\t\t\t<\/div>\n\t\t\t\t\t<\/div>\n\t\t<\/div>\n\t\t\t\t<div class=\"elementor-column elementor-col-50 elementor-top-column elementor-element elementor-element-6fe848a\" data-id=\"6fe848a\" data-element_type=\"column\" data-e-type=\"column\">\n\t\t\t<div class=\"elementor-widget-wrap elementor-element-populated\">\n\t\t\t\t\t\t<div class=\"elementor-element elementor-element-d4e305c elementor-widget elementor-widget-heading\" data-id=\"d4e305c\" data-element_type=\"widget\" data-e-type=\"widget\" data-widget_type=\"heading.default\">\n\t\t\t\t<div class=\"elementor-widget-container\">\n\t\t\t\t\t<h3 class=\"elementor-heading-title elementor-size-default\">Descripci\u00f3<\/h3>\t\t\t\t<\/div>\n\t\t\t\t<\/div>\n\t\t\t\t<div class=\"elementor-element elementor-element-f6e771d elementor-widget elementor-widget-text-editor\" data-id=\"f6e771d\" data-element_type=\"widget\" data-e-type=\"widget\" data-widget_type=\"text-editor.default\">\n\t\t\t\t<div class=\"elementor-widget-container\">\n\t\t\t\t\t\t\t\t\t<p>A molts llocs on la xarxa de clavegueram no arriba, les fosses s\u00e8ptiques s\u00f3n una soluci\u00f3 molt viable, disposem de fosses amb i sense filtre biol\u00f2gic amb fibra de vidre o polietil\u00e8.<\/p>\n\t\t\t\t\t\t\t\t<\/div>\n\t\t\t\t<\/div>\n\t\t\t\t\t<\/div>\n\t\t<\/div>\n\t\t\t\t\t<\/div>\n\t\t<\/section>\n\t\t\t\t<section class=\"elementor-section elementor-top-section elementor-element elementor-element-e39b9bb elementor-section-boxed elementor-section-height-default elementor-section-height-default\" data-id=\"e39b9bb\" data-element_type=\"section\" data-e-type=\"section\">\n\t\t\t\t\t\t<div class=\"elementor-container elementor-column-gap-default\">\n\t\t\t\t\t<div class=\"elementor-column elementor-col-100 elementor-top-column elementor-element elementor-element-0782bc8\" data-id=\"0782bc8\" data-element_type=\"column\" data-e-type=\"column\">\n\t\t\t<div class=\"elementor-widget-wrap elementor-element-populated\">\n\t\t\t\t\t\t<div class=\"elementor-element elementor-element-4f2922a elementor-widget elementor-widget-shortcode\" data-id=\"4f2922a\" data-element_type=\"widget\" data-e-type=\"widget\" data-widget_type=\"shortcode.default\">\n\t\t\t\t<div class=\"elementor-widget-container\">\n\t\t\t\t\t\t\t<div class=\"elementor-shortcode\">\n<table id=\"tablepress-24\" class=\"tablepress tablepress-id-24 tabla\">\n<thead>\n<tr class=\"row-1\">\n\t<th class=\"column-1\">Capacitat<\/th><th class=\"column-2\">REF.<\/th><th class=\"column-3\">Mesures<br \/>\n(Llarg x aple x alt)<\/th><th class=\"column-4\">N\u00ba Persones<\/th>\n<\/tr>\n<\/thead>\n<tbody class=\"row-striping row-hover\">\n<tr class=\"row-2\">\n\t<td class=\"column-1\">1200 L.<\/td><td class=\"column-2\">T1200<\/td><td class=\"column-3\">2,20 X 0,95 DI\u00c1METRO<\/td><td class=\"column-4\">4<\/td>\n<\/tr>\n<tr class=\"row-3\">\n\t<td class=\"column-1\">2000 L.<\/td><td class=\"column-2\">T2000<\/td><td class=\"column-3\">2,60 X 1,15 DI\u00c1METRO<\/td><td class=\"column-4\">7<\/td>\n<\/tr>\n<tr class=\"row-4\">\n\t<td class=\"column-1\">3000 L.<\/td><td class=\"column-2\">T3000<\/td><td class=\"column-3\">2,60 X 1,45 DI\u00c1METRO<\/td><td class=\"column-4\">9<\/td>\n<\/tr>\n<tr class=\"row-5\">\n\t<td class=\"column-1\">4000 L.<\/td><td class=\"column-2\">T4000<\/td><td class=\"column-3\">2,80 X 1,65 DI\u00c1METRO<\/td><td class=\"column-4\">10<\/td>\n<\/tr>\n<tr class=\"row-6\">\n\t<td class=\"column-1\">6000 L.<\/td><td class=\"column-2\">T6000<\/td><td class=\"column-3\">3,80 X 1,65 DI\u00c1METRO<\/td><td class=\"column-4\">20<\/td>\n<\/tr>\n<tr class=\"row-7\">\n\t<td class=\"column-1\">8000 L.<\/td><td class=\"column-2\">T8000<\/td><td class=\"column-3\">4,80 X 1,65 DI\u00c1METRO<\/td><td class=\"column-4\">28<\/td>\n<\/tr>\n<tr class=\"row-8\">\n\t<td class=\"column-1\">10000 L.<\/td><td class=\"column-2\">T10000<\/td><td class=\"column-3\">5,80 X 1,65 DI\u00c1METRO<\/td><td class=\"column-4\">30<\/td>\n<\/tr>\n<tr class=\"row-9\">\n\t<td class=\"column-1\">12000 L.<\/td><td class=\"column-2\">T12000<\/td><td class=\"column-3\">4,20 X 2,00 DI\u00c1METRO<\/td><td class=\"column-4\">40<\/td>\n<\/tr>\n<tr class=\"row-10\">\n\t<td class=\"column-1\">15000 L.<\/td><td class=\"column-2\">T15000<\/td><td class=\"column-3\">4,30 X 2,25 DI\u00c1METRO<\/td><td class=\"column-4\">50<\/td>\n<\/tr>\n<tr class=\"row-11\">\n\t<td class=\"column-1\">20000 L.<\/td><td class=\"column-2\">T20000<\/td><td class=\"column-3\">5,40 X 2,25 DI\u00c1METRO<\/td><td class=\"column-4\">60<\/td>\n<\/tr>\n<tr class=\"row-12\">\n\t<td class=\"column-1\">25000 L.<\/td><td class=\"column-2\">T25000<\/td><td class=\"column-3\">6,70 X 2,25 DI\u00c1METRO<\/td><td class=\"column-4\">80<\/td>\n<\/tr>\n<tr class=\"row-13\">\n\t<td class=\"column-1\">30000 L.<\/td><td class=\"column-2\">T30000<\/td><td class=\"column-3\">8,00 X 2,30 DI\u00c1METRO<\/td><td class=\"column-4\">102<\/td>\n<\/tr>\n<tr class=\"row-14\">\n\t<td class=\"column-1\"><b>1400 L.<\/b><\/td><td class=\"column-2\">M1400<\/td><td class=\"column-3\">1,80 X 1,00 DI\u00c1METRO<\/td><td class=\"column-4\">4<\/td>\n<\/tr>\n<tr class=\"row-15\">\n\t<td class=\"column-1\"><b>2000 L.<\/b><\/td><td class=\"column-2\">M2000<\/td><td class=\"column-3\">2,45 X 1,00 DI\u00c1METRO<\/td><td class=\"column-4\">7<\/td>\n<\/tr>\n<tr class=\"row-16\">\n\t<td class=\"column-1\"><b>3400 L.<\/b><\/td><td class=\"column-2\">M3400<\/td><td class=\"column-3\">3,25 X 1,20 DI\u00c1METRO<\/td><td class=\"column-4\">10<\/td>\n<\/tr>\n<tr class=\"row-17\">\n\t<td class=\"column-1\"><b>4500 L.<\/b><\/td><td class=\"column-2\">M4500<\/td><td class=\"column-3\">4,28 X 1,20 DI\u00c1METRO<\/td><td class=\"column-4\">15<\/td>\n<\/tr>\n<tr class=\"row-18\">\n\t<td class=\"column-1\"><b>4500 L.<\/b><\/td><td class=\"column-2\">M6000<\/td><td class=\"column-3\">3,30 X 1,60 DI\u00c1METRO<\/td><td class=\"column-4\">20<\/td>\n<\/tr>\n<tr class=\"row-19\">\n\t<td class=\"column-1\"><b>7500 L.<\/b><\/td><td class=\"column-2\">M7500<\/td><td class=\"column-3\">4,04 X 1,60 DI\u00c1METRO<\/td><td class=\"column-4\">25<\/td>\n<\/tr>\n<tr class=\"row-20\">\n\t<td class=\"column-1\"><b>9000 L.<\/b><\/td><td class=\"column-2\">M9000<\/td><td class=\"column-3\">4,90 X 1,60 DI\u00c1METRO<\/td><td class=\"column-4\">30<\/td>\n<\/tr>\n<tr class=\"row-21\">\n\t<td class=\"column-1\"><b>12000 L.<\/b><\/td><td class=\"column-2\">M12000<\/td><td class=\"column-3\">6,34 X 1,60 DI\u00c1METRO<\/td><td class=\"column-4\">40<\/td>\n<\/tr>\n<tr class=\"row-22\">\n\t<td class=\"column-1\"><b>15000 L.<\/b><\/td><td class=\"column-2\">M15000<\/td><td class=\"column-3\">5,10 X 2,00 DI\u00c1METRO<\/td><td class=\"column-4\">50<\/td>\n<\/tr>\n<tr class=\"row-23\">\n\t<td class=\"column-1\"><b>18000 L.<\/b><\/td><td class=\"column-2\">M18000<\/td><td class=\"column-3\">6,11 X 2,00 DI\u00c1METRO<\/td><td class=\"column-4\">60<\/td>\n<\/tr>\n<tr class=\"row-24\">\n\t<td class=\"column-1\"><b>22500 L.<\/b><\/td><td class=\"column-2\">M22500<\/td><td class=\"column-3\">7,46 X 2,00 DI\u00c1METRO<\/td><td class=\"column-4\">75<\/td>\n<\/tr>\n<tr class=\"row-25\">\n\t<td class=\"column-1\"><b>31500 L.<\/b><\/td><td class=\"column-2\">M31500<\/td><td class=\"column-3\">7,30 X 2,40 DI\u00c1METRO<\/td><td class=\"column-4\">105<\/td>\n<\/tr>\n<tr class=\"row-26\">\n\t<td class=\"column-1\">1000 L.*<\/td><td class=\"column-2\">FS1000 RECT.\t<\/td><td class=\"column-3\">1,70 X 0,77 X 1,30<\/td><td class=\"column-4\">3<\/td>\n<\/tr>\n<tr class=\"row-27\">\n\t<td class=\"column-1\">1500 L.*<\/td><td class=\"column-2\">FS1500 RECT.<\/td><td class=\"column-3\">1,70 X 077 X 1,73<\/td><td class=\"column-4\">5<\/td>\n<\/tr>\n<tr class=\"row-28\">\n\t<td class=\"column-1\">5000 L.*<\/td><td class=\"column-2\">FS5000 SP<\/td><td class=\"column-3\">2,35 X 1,35 X 2,25<\/td><td class=\"column-4\">15<\/td>\n<\/tr>\n<tr class=\"row-29\">\n\t<td class=\"column-1\">7500 L.*<\/td><td class=\"column-2\">FS7500 SP<\/td><td class=\"column-3\">3,58 X 1,35 X 2,25<\/td><td class=\"column-4\">22<\/td>\n<\/tr>\n<tr class=\"row-30\">\n\t<td class=\"column-1\">10000 L.*<\/td><td class=\"column-2\">FS10000 SP<\/td><td class=\"column-3\">4,81 X 1,35 X 2,25<\/td><td class=\"column-4\">30<\/td>\n<\/tr>\n<tr class=\"row-31\">\n\t<td class=\"column-1\"><b>1500 L.*<\/b><\/td><td class=\"column-2\">EPURBLOC 1500 RECT.<\/td><td class=\"column-3\">1,70 X 0,77 X 1,73<\/td><td class=\"column-4\">5<\/td>\n<\/tr>\n<tr class=\"row-32\">\n\t<td class=\"column-1\"><b>2000 L.*<\/b><\/td><td class=\"column-2\">EPURBLOC 2000 RECT.<\/td><td class=\"column-3\">1,90 X 1,19 X 1,44<\/td><td class=\"column-4\">6<\/td>\n<\/tr>\n<tr class=\"row-33\">\n\t<td class=\"column-1\"><b>3000 L.*<\/b><\/td><td class=\"column-2\">EPURBLOC 3000 RECT.<\/td><td class=\"column-3\">2,70 X 1,19 X 1,44<\/td><td class=\"column-4\">9<\/td>\n<\/tr>\n<tr class=\"row-34\">\n\t<td class=\"column-1\"><b>4000 L.*<\/b><\/td><td class=\"column-2\">EPURBLOC 4000 RECT.<\/td><td class=\"column-3\">2,39 X 1,65 X 1,65<\/td><td class=\"column-4\">10<\/td>\n<\/tr>\n<tr class=\"row-35\">\n\t<td class=\"column-1\"><b>5000 L.*<\/b><\/td><td class=\"column-2\">EPURBLOC 5000 RECT.<\/td><td class=\"column-3\">2,35 X 1,35 X 2,25<\/td><td class=\"column-4\">22<\/td>\n<\/tr>\n<tr class=\"row-36\">\n\t<td class=\"column-1\"><b>7500 L.*<\/b><\/td><td class=\"column-2\">EPURBLOC 7500 RECT.<\/td><td class=\"column-3\">3,58 X 1,35 X 2,25<\/td><td class=\"column-4\">25<\/td>\n<\/tr>\n<tr class=\"row-37\">\n\t<td class=\"column-1\"><b>10000 L.*<\/b><\/td><td class=\"column-2\">EPURBLOC 10000 RECT.<\/td><td class=\"column-3\">4,81 X 1,35 X 2,25<\/td><td class=\"column-4\">30<\/td>\n<\/tr>\n<\/tbody>\n<\/table>\n<!-- #tablepress-24 from cache --><\/div>\n\t\t\t\t\t\t<\/div>\n\t\t\t\t<\/div>\n\t\t\t\t<div class=\"elementor-element elementor-element-f6dea46 elementor-widget elementor-widget-text-editor\" data-id=\"f6dea46\" data-element_type=\"widget\" data-e-type=\"widget\" data-widget_type=\"text-editor.default\">\n\t\t\t\t<div class=\"elementor-widget-container\">\n\t\t\t\t\t\t\t\t\t<p>* Aquests models s\u00f3n amb polietil\u00e8.<br \/><strong>a<\/strong> Models amb negreta porten filtre biol\u00f2gic.<\/p>\n\t\t\t\t\t\t\t\t<\/div>\n\t\t\t\t<\/div>\n\t\t\t\t\t<\/div>\n\t\t<\/div>\n\t\t\t\t\t<\/div>\n\t\t<\/section>\n\t\t\t\t<\/div>\n\t\t","protected":false},"excerpt":{"rendered":"<p>Anar enrere Foses s\u00e8ptiques Descripci\u00f3 A molts llocs on la xarxa de clavegueram no arriba, les fosses s\u00e8ptiques s\u00f3n una soluci\u00f3 molt viable, disposem de fosses amb i sense filtre biol\u00f2gic amb fibra de vidre o polietil\u00e8. * Aquests models s\u00f3n amb polietil\u00e8.a Models amb negreta porten filtre biol\u00f2gic.<\/p>\n","protected":false},"author":1,"featured_media":0,"parent":1023,"menu_order":0,"comment_status":"closed","ping_status":"closed","template":"","meta":{"footnotes":""},"class_list":["post-863","page","type-page","status-publish"],"yoast_head":"<!-- This site is optimized with the Yoast SEO plugin v27.1.1 - https:\/\/yoast.com\/product\/yoast-seo-wordpress\/ -->\n<title>Fosa s\u00e8ptica - Fibres de Vidre JM<\/title>\n<meta name=\"robots\" content=\"index, follow, max-snippet:-1, max-image-preview:large, max-video-preview:-1\" \/>\n<link rel=\"canonical\" href=\"https:\/\/poliesterturro.com\/ca\/productes\/fosses-septiques\/fosa-septica\/\" \/>\n<meta property=\"og:locale\" content=\"ca_ES\" \/>\n<meta property=\"og:type\" content=\"article\" \/>\n<meta property=\"og:title\" content=\"Fosa s\u00e8ptica - Fibres de Vidre JM\" \/>\n<meta property=\"og:description\" content=\"Anar enrere Foses s\u00e8ptiques Descripci\u00f3 A molts llocs on la xarxa de clavegueram no arriba, les fosses s\u00e8ptiques s\u00f3n una soluci\u00f3 molt viable, disposem de fosses amb i sense filtre biol\u00f2gic amb fibra de vidre o polietil\u00e8. * Aquests models s\u00f3n amb polietil\u00e8.a Models amb negreta porten filtre biol\u00f2gic.\" \/>\n<meta property=\"og:url\" content=\"https:\/\/poliesterturro.com\/ca\/productes\/fosses-septiques\/fosa-septica\/\" \/>\n<meta property=\"og:site_name\" content=\"Fibres de Vidre JM\" \/>\n<meta property=\"article:modified_time\" content=\"2021-07-13T10:34:38+00:00\" \/>\n<meta property=\"og:image\" content=\"https:\/\/poliesterturro.com\/wp-content\/uploads\/2021\/03\/Fosses-septiques.jpg\" \/>\n<meta name=\"twitter:card\" content=\"summary_large_image\" \/>\n<meta name=\"twitter:label1\" content=\"Temps estimat de lectura\" \/>\n\t<meta name=\"twitter:data1\" content=\"1 minut\" \/>\n<script type=\"application\/ld+json\" class=\"yoast-schema-graph\">{\"@context\":\"https:\/\/schema.org\",\"@graph\":[{\"@type\":\"WebPage\",\"@id\":\"https:\/\/poliesterturro.com\/ca\/productes\/fosses-septiques\/fosa-septica\/\",\"url\":\"https:\/\/poliesterturro.com\/ca\/productes\/fosses-septiques\/fosa-septica\/\",\"name\":\"Fosa s\u00e8ptica - Fibres de Vidre JM\",\"isPartOf\":{\"@id\":\"https:\/\/poliesterturro.com\/ca\/#website\"},\"primaryImageOfPage\":{\"@id\":\"https:\/\/poliesterturro.com\/ca\/productes\/fosses-septiques\/fosa-septica\/#primaryimage\"},\"image\":{\"@id\":\"https:\/\/poliesterturro.com\/ca\/productes\/fosses-septiques\/fosa-septica\/#primaryimage\"},\"thumbnailUrl\":\"https:\/\/poliesterturro.com\/wp-content\/uploads\/2021\/03\/Fosses-septiques.jpg\",\"datePublished\":\"2021-07-13T08:02:51+00:00\",\"dateModified\":\"2021-07-13T10:34:38+00:00\",\"breadcrumb\":{\"@id\":\"https:\/\/poliesterturro.com\/ca\/productes\/fosses-septiques\/fosa-septica\/#breadcrumb\"},\"inLanguage\":\"ca\",\"potentialAction\":[{\"@type\":\"ReadAction\",\"target\":[\"https:\/\/poliesterturro.com\/ca\/productes\/fosses-septiques\/fosa-septica\/\"]}]},{\"@type\":\"ImageObject\",\"inLanguage\":\"ca\",\"@id\":\"https:\/\/poliesterturro.com\/ca\/productes\/fosses-septiques\/fosa-septica\/#primaryimage\",\"url\":\"https:\/\/poliesterturro.com\/wp-content\/uploads\/2021\/03\/Fosses-septiques.jpg\",\"contentUrl\":\"https:\/\/poliesterturro.com\/wp-content\/uploads\/2021\/03\/Fosses-septiques.jpg\"},{\"@type\":\"BreadcrumbList\",\"@id\":\"https:\/\/poliesterturro.com\/ca\/productes\/fosses-septiques\/fosa-septica\/#breadcrumb\",\"itemListElement\":[{\"@type\":\"ListItem\",\"position\":1,\"name\":\"Portada\",\"item\":\"https:\/\/poliesterturro.com\/ca\/inici\/\"},{\"@type\":\"ListItem\",\"position\":2,\"name\":\"Productes\",\"item\":\"https:\/\/poliesterturro.com\/ca\/productes\/\"},{\"@type\":\"ListItem\",\"position\":3,\"name\":\"Fosses s\u00e8ptiques\",\"item\":\"https:\/\/poliesterturro.com\/ca\/productes\/fosses-septiques\/\"},{\"@type\":\"ListItem\",\"position\":4,\"name\":\"Fosa s\u00e8ptica\"}]},{\"@type\":\"WebSite\",\"@id\":\"https:\/\/poliesterturro.com\/ca\/#website\",\"url\":\"https:\/\/poliesterturro.com\/ca\/\",\"name\":\"Fibres de Vidre JM\",\"description\":\"Fibres de vidre\",\"publisher\":{\"@id\":\"https:\/\/poliesterturro.com\/ca\/#organization\"},\"potentialAction\":[{\"@type\":\"SearchAction\",\"target\":{\"@type\":\"EntryPoint\",\"urlTemplate\":\"https:\/\/poliesterturro.com\/ca\/?s={search_term_string}\"},\"query-input\":{\"@type\":\"PropertyValueSpecification\",\"valueRequired\":true,\"valueName\":\"search_term_string\"}}],\"inLanguage\":\"ca\"},{\"@type\":\"Organization\",\"@id\":\"https:\/\/poliesterturro.com\/ca\/#organization\",\"name\":\"Fibres de Vidre JM\",\"url\":\"https:\/\/poliesterturro.com\/ca\/\",\"logo\":{\"@type\":\"ImageObject\",\"inLanguage\":\"ca\",\"@id\":\"https:\/\/poliesterturro.com\/ca\/#\/schema\/logo\/image\/\",\"url\":\"https:\/\/poliesterturro.com\/wp-content\/uploads\/2020\/10\/logo_fibres-vidre.jpg\",\"contentUrl\":\"https:\/\/poliesterturro.com\/wp-content\/uploads\/2020\/10\/logo_fibres-vidre.jpg\",\"width\":336,\"height\":91,\"caption\":\"Fibres de Vidre JM\"},\"image\":{\"@id\":\"https:\/\/poliesterturro.com\/ca\/#\/schema\/logo\/image\/\"}}]}<\/script>\n<!-- \/ Yoast SEO plugin. -->","yoast_head_json":{"title":"Fosa s\u00e8ptica - Fibres de Vidre JM","robots":{"index":"index","follow":"follow","max-snippet":"max-snippet:-1","max-image-preview":"max-image-preview:large","max-video-preview":"max-video-preview:-1"},"canonical":"https:\/\/poliesterturro.com\/ca\/productes\/fosses-septiques\/fosa-septica\/","og_locale":"ca_ES","og_type":"article","og_title":"Fosa s\u00e8ptica - Fibres de Vidre JM","og_description":"Anar enrere Foses s\u00e8ptiques Descripci\u00f3 A molts llocs on la xarxa de clavegueram no arriba, les fosses s\u00e8ptiques s\u00f3n una soluci\u00f3 molt viable, disposem de fosses amb i sense filtre biol\u00f2gic amb fibra de vidre o polietil\u00e8. * Aquests models s\u00f3n amb polietil\u00e8.a Models amb negreta porten filtre biol\u00f2gic.","og_url":"https:\/\/poliesterturro.com\/ca\/productes\/fosses-septiques\/fosa-septica\/","og_site_name":"Fibres de Vidre JM","article_modified_time":"2021-07-13T10:34:38+00:00","og_image":[{"url":"https:\/\/poliesterturro.com\/wp-content\/uploads\/2021\/03\/Fosses-septiques.jpg","type":"","width":"","height":""}],"twitter_card":"summary_large_image","twitter_misc":{"Temps estimat de lectura":"1 minut"},"schema":{"@context":"https:\/\/schema.org","@graph":[{"@type":"WebPage","@id":"https:\/\/poliesterturro.com\/ca\/productes\/fosses-septiques\/fosa-septica\/","url":"https:\/\/poliesterturro.com\/ca\/productes\/fosses-septiques\/fosa-septica\/","name":"Fosa s\u00e8ptica - Fibres de Vidre JM","isPartOf":{"@id":"https:\/\/poliesterturro.com\/ca\/#website"},"primaryImageOfPage":{"@id":"https:\/\/poliesterturro.com\/ca\/productes\/fosses-septiques\/fosa-septica\/#primaryimage"},"image":{"@id":"https:\/\/poliesterturro.com\/ca\/productes\/fosses-septiques\/fosa-septica\/#primaryimage"},"thumbnailUrl":"https:\/\/poliesterturro.com\/wp-content\/uploads\/2021\/03\/Fosses-septiques.jpg","datePublished":"2021-07-13T08:02:51+00:00","dateModified":"2021-07-13T10:34:38+00:00","breadcrumb":{"@id":"https:\/\/poliesterturro.com\/ca\/productes\/fosses-septiques\/fosa-septica\/#breadcrumb"},"inLanguage":"ca","potentialAction":[{"@type":"ReadAction","target":["https:\/\/poliesterturro.com\/ca\/productes\/fosses-septiques\/fosa-septica\/"]}]},{"@type":"ImageObject","inLanguage":"ca","@id":"https:\/\/poliesterturro.com\/ca\/productes\/fosses-septiques\/fosa-septica\/#primaryimage","url":"https:\/\/poliesterturro.com\/wp-content\/uploads\/2021\/03\/Fosses-septiques.jpg","contentUrl":"https:\/\/poliesterturro.com\/wp-content\/uploads\/2021\/03\/Fosses-septiques.jpg"},{"@type":"BreadcrumbList","@id":"https:\/\/poliesterturro.com\/ca\/productes\/fosses-septiques\/fosa-septica\/#breadcrumb","itemListElement":[{"@type":"ListItem","position":1,"name":"Portada","item":"https:\/\/poliesterturro.com\/ca\/inici\/"},{"@type":"ListItem","position":2,"name":"Productes","item":"https:\/\/poliesterturro.com\/ca\/productes\/"},{"@type":"ListItem","position":3,"name":"Fosses s\u00e8ptiques","item":"https:\/\/poliesterturro.com\/ca\/productes\/fosses-septiques\/"},{"@type":"ListItem","position":4,"name":"Fosa s\u00e8ptica"}]},{"@type":"WebSite","@id":"https:\/\/poliesterturro.com\/ca\/#website","url":"https:\/\/poliesterturro.com\/ca\/","name":"Fibres de Vidre JM","description":"Fibres de vidre","publisher":{"@id":"https:\/\/poliesterturro.com\/ca\/#organization"},"potentialAction":[{"@type":"SearchAction","target":{"@type":"EntryPoint","urlTemplate":"https:\/\/poliesterturro.com\/ca\/?s={search_term_string}"},"query-input":{"@type":"PropertyValueSpecification","valueRequired":true,"valueName":"search_term_string"}}],"inLanguage":"ca"},{"@type":"Organization","@id":"https:\/\/poliesterturro.com\/ca\/#organization","name":"Fibres de Vidre JM","url":"https:\/\/poliesterturro.com\/ca\/","logo":{"@type":"ImageObject","inLanguage":"ca","@id":"https:\/\/poliesterturro.com\/ca\/#\/schema\/logo\/image\/","url":"https:\/\/poliesterturro.com\/wp-content\/uploads\/2020\/10\/logo_fibres-vidre.jpg","contentUrl":"https:\/\/poliesterturro.com\/wp-content\/uploads\/2020\/10\/logo_fibres-vidre.jpg","width":336,"height":91,"caption":"Fibres de Vidre JM"},"image":{"@id":"https:\/\/poliesterturro.com\/ca\/#\/schema\/logo\/image\/"}}]}},"_links":{"self":[{"href":"https:\/\/poliesterturro.com\/ca\/wp-json\/wp\/v2\/pages\/863","targetHints":{"allow":["GET"]}}],"collection":[{"href":"https:\/\/poliesterturro.com\/ca\/wp-json\/wp\/v2\/pages"}],"about":[{"href":"https:\/\/poliesterturro.com\/ca\/wp-json\/wp\/v2\/types\/page"}],"author":[{"embeddable":true,"href":"https:\/\/poliesterturro.com\/ca\/wp-json\/wp\/v2\/users\/1"}],"replies":[{"embeddable":true,"href":"https:\/\/poliesterturro.com\/ca\/wp-json\/wp\/v2\/comments?post=863"}],"version-history":[{"count":6,"href":"https:\/\/poliesterturro.com\/ca\/wp-json\/wp\/v2\/pages\/863\/revisions"}],"predecessor-version":[{"id":1275,"href":"https:\/\/poliesterturro.com\/ca\/wp-json\/wp\/v2\/pages\/863\/revisions\/1275"}],"up":[{"embeddable":true,"href":"https:\/\/poliesterturro.com\/ca\/wp-json\/wp\/v2\/pages\/1023"}],"wp:attachment":[{"href":"https:\/\/poliesterturro.com\/ca\/wp-json\/wp\/v2\/media?parent=863"}],"curies":[{"name":"wp","href":"https:\/\/api.w.org\/{rel}","templated":true}]}}