{"id":1023,"date":"2021-07-13T09:27:42","date_gmt":"2021-07-13T09:27:42","guid":{"rendered":"https:\/\/poliesterturro.com\/productes\/fosses-septiques\/"},"modified":"2021-07-13T09:27:51","modified_gmt":"2021-07-13T09:27:51","slug":"fosses-septiques","status":"publish","type":"page","link":"https:\/\/poliesterturro.com\/ca\/productes\/fosses-septiques\/","title":{"rendered":"Fosses s\u00e8ptiques"},"content":{"rendered":"\t\t<div data-elementor-type=\"wp-page\" data-elementor-id=\"1023\" class=\"elementor elementor-1023 elementor-260\" data-elementor-post-type=\"page\">\n\t\t\t\t\t\t<section class=\"elementor-section elementor-top-section elementor-element elementor-element-e79a74b elementor-section-boxed elementor-section-height-default elementor-section-height-default\" data-id=\"e79a74b\" data-element_type=\"section\" data-e-type=\"section\">\n\t\t\t\t\t\t<div class=\"elementor-container elementor-column-gap-default\">\n\t\t\t\t\t<div class=\"elementor-column elementor-col-100 elementor-top-column elementor-element elementor-element-3de9787\" data-id=\"3de9787\" data-element_type=\"column\" data-e-type=\"column\">\n\t\t\t<div class=\"elementor-widget-wrap elementor-element-populated\">\n\t\t\t\t\t\t<div class=\"elementor-element elementor-element-e11b087 elementor-widget elementor-widget-heading\" data-id=\"e11b087\" data-element_type=\"widget\" data-e-type=\"widget\" data-widget_type=\"heading.default\">\n\t\t\t\t<div class=\"elementor-widget-container\">\n\t\t\t\t\t<h2 class=\"elementor-heading-title elementor-size-default\">Fosses s\u00e8ptiques<\/h2>\t\t\t\t<\/div>\n\t\t\t\t<\/div>\n\t\t\t\t\t<\/div>\n\t\t<\/div>\n\t\t\t\t\t<\/div>\n\t\t<\/section>\n\t\t\t\t<section class=\"elementor-section elementor-top-section elementor-element elementor-element-9480bcc elementor-section-boxed elementor-section-height-default elementor-section-height-default\" data-id=\"9480bcc\" data-element_type=\"section\" data-e-type=\"section\">\n\t\t\t\t\t\t<div class=\"elementor-container elementor-column-gap-default\">\n\t\t\t\t\t<div class=\"elementor-column elementor-col-33 elementor-top-column elementor-element elementor-element-05e07e1\" data-id=\"05e07e1\" data-element_type=\"column\" data-e-type=\"column\">\n\t\t\t<div class=\"elementor-widget-wrap elementor-element-populated\">\n\t\t\t\t\t\t<div class=\"elementor-element elementor-element-139d6f0 elementor-widget elementor-widget-image\" data-id=\"139d6f0\" data-element_type=\"widget\" data-e-type=\"widget\" data-widget_type=\"image.default\">\n\t\t\t\t<div class=\"elementor-widget-container\">\n\t\t\t\t\t\t\t\t\t\t\t\t\t\t\t\t<a href=\"https:\/\/poliesterturro.com\/ca\/fosa-septica\/\">\n\t\t\t\t\t\t\t<img fetchpriority=\"high\" decoding=\"async\" width=\"400\" height=\"400\" src=\"https:\/\/poliesterturro.com\/wp-content\/uploads\/2021\/03\/Fosses-septiques.jpg\" class=\"attachment-large size-large wp-image-1273\" alt=\"\" srcset=\"https:\/\/poliesterturro.com\/wp-content\/uploads\/2021\/03\/Fosses-septiques.jpg 400w, https:\/\/poliesterturro.com\/wp-content\/uploads\/2021\/03\/Fosses-septiques-300x300.jpg 300w, https:\/\/poliesterturro.com\/wp-content\/uploads\/2021\/03\/Fosses-septiques-150x150.jpg 150w\" sizes=\"(max-width: 400px) 100vw, 400px\" \/>\t\t\t\t\t\t\t\t<\/a>\n\t\t\t\t\t\t\t\t\t\t\t\t\t\t\t<\/div>\n\t\t\t\t<\/div>\n\t\t\t\t<div class=\"elementor-element elementor-element-63691ee elementor-widget elementor-widget-heading\" data-id=\"63691ee\" data-element_type=\"widget\" data-e-type=\"widget\" data-widget_type=\"heading.default\">\n\t\t\t\t<div class=\"elementor-widget-container\">\n\t\t\t\t\t<h4 class=\"elementor-heading-title elementor-size-default\"><a href=\"https:\/\/poliesterturro.com\/ca\/fosa-septica\/\">Fosses s\u00e8ptiques<\/a><\/h4>\t\t\t\t<\/div>\n\t\t\t\t<\/div>\n\t\t\t\t\t<\/div>\n\t\t<\/div>\n\t\t\t\t<div class=\"elementor-column elementor-col-33 elementor-top-column elementor-element elementor-element-2e3868b\" data-id=\"2e3868b\" data-element_type=\"column\" data-e-type=\"column\">\n\t\t\t<div class=\"elementor-widget-wrap\">\n\t\t\t\t\t\t\t<\/div>\n\t\t<\/div>\n\t\t\t\t<div class=\"elementor-column elementor-col-33 elementor-top-column elementor-element elementor-element-1f782d2\" data-id=\"1f782d2\" data-element_type=\"column\" data-e-type=\"column\">\n\t\t\t<div class=\"elementor-widget-wrap\">\n\t\t\t\t\t\t\t<\/div>\n\t\t<\/div>\n\t\t\t\t\t<\/div>\n\t\t<\/section>\n\t\t\t\t<\/div>\n\t\t","protected":false},"excerpt":{"rendered":"<p>Fosses s\u00e8ptiques<\/p>\n","protected":false},"author":1,"featured_media":0,"parent":977,"menu_order":0,"comment_status":"closed","ping_status":"closed","template":"","meta":{"footnotes":""},"class_list":["post-1023","page","type-page","status-publish"],"yoast_head":"<!-- This site is optimized with the Yoast SEO plugin v27.1.1 - https:\/\/yoast.com\/product\/yoast-seo-wordpress\/ -->\n<title>Fosses s\u00e8ptiques - Fibres de Vidre JM<\/title>\n<meta name=\"description\" content=\"Les fosses s\u00e8ptiques s\u00f3n una Soluci\u00f3 molt viable, disposem de fosses amb i sense filtre biol\u00f2gic amb fibra de poli\u00e8ster o polietil\u00e8. Empord\u00e0\" \/>\n<meta name=\"robots\" content=\"index, follow, max-snippet:-1, max-image-preview:large, max-video-preview:-1\" \/>\n<link rel=\"canonical\" href=\"https:\/\/poliesterturro.com\/ca\/productes\/fosses-septiques\/\" \/>\n<meta property=\"og:locale\" content=\"ca_ES\" \/>\n<meta property=\"og:type\" content=\"article\" \/>\n<meta property=\"og:title\" content=\"Fosses s\u00e8ptiques - Fibres de Vidre JM\" \/>\n<meta property=\"og:description\" content=\"Les fosses s\u00e8ptiques s\u00f3n una Soluci\u00f3 molt viable, disposem de fosses amb i sense filtre biol\u00f2gic amb fibra de poli\u00e8ster o polietil\u00e8. Empord\u00e0\" \/>\n<meta property=\"og:url\" content=\"https:\/\/poliesterturro.com\/ca\/productes\/fosses-septiques\/\" \/>\n<meta property=\"og:site_name\" content=\"Fibres de Vidre JM\" \/>\n<meta property=\"article:modified_time\" content=\"2021-07-13T09:27:51+00:00\" \/>\n<meta property=\"og:image\" content=\"https:\/\/poliesterturro.com\/wp-content\/uploads\/2021\/03\/Fosses-septiques.jpg\" \/>\n<meta name=\"twitter:card\" content=\"summary_large_image\" \/>\n<script type=\"application\/ld+json\" class=\"yoast-schema-graph\">{\"@context\":\"https:\/\/schema.org\",\"@graph\":[{\"@type\":\"WebPage\",\"@id\":\"https:\/\/poliesterturro.com\/ca\/productes\/fosses-septiques\/\",\"url\":\"https:\/\/poliesterturro.com\/ca\/productes\/fosses-septiques\/\",\"name\":\"Fosses s\u00e8ptiques - Fibres de Vidre JM\",\"isPartOf\":{\"@id\":\"https:\/\/poliesterturro.com\/ca\/#website\"},\"primaryImageOfPage\":{\"@id\":\"https:\/\/poliesterturro.com\/ca\/productes\/fosses-septiques\/#primaryimage\"},\"image\":{\"@id\":\"https:\/\/poliesterturro.com\/ca\/productes\/fosses-septiques\/#primaryimage\"},\"thumbnailUrl\":\"https:\/\/poliesterturro.com\/wp-content\/uploads\/2021\/03\/Fosses-septiques.jpg\",\"datePublished\":\"2021-07-13T09:27:42+00:00\",\"dateModified\":\"2021-07-13T09:27:51+00:00\",\"description\":\"Les fosses s\u00e8ptiques s\u00f3n una Soluci\u00f3 molt viable, disposem de fosses amb i sense filtre biol\u00f2gic amb fibra de poli\u00e8ster o polietil\u00e8. Empord\u00e0\",\"breadcrumb\":{\"@id\":\"https:\/\/poliesterturro.com\/ca\/productes\/fosses-septiques\/#breadcrumb\"},\"inLanguage\":\"ca\",\"potentialAction\":[{\"@type\":\"ReadAction\",\"target\":[\"https:\/\/poliesterturro.com\/ca\/productes\/fosses-septiques\/\"]}]},{\"@type\":\"ImageObject\",\"inLanguage\":\"ca\",\"@id\":\"https:\/\/poliesterturro.com\/ca\/productes\/fosses-septiques\/#primaryimage\",\"url\":\"https:\/\/poliesterturro.com\/wp-content\/uploads\/2021\/03\/Fosses-septiques.jpg\",\"contentUrl\":\"https:\/\/poliesterturro.com\/wp-content\/uploads\/2021\/03\/Fosses-septiques.jpg\"},{\"@type\":\"BreadcrumbList\",\"@id\":\"https:\/\/poliesterturro.com\/ca\/productes\/fosses-septiques\/#breadcrumb\",\"itemListElement\":[{\"@type\":\"ListItem\",\"position\":1,\"name\":\"Portada\",\"item\":\"https:\/\/poliesterturro.com\/ca\/inici\/\"},{\"@type\":\"ListItem\",\"position\":2,\"name\":\"Productes\",\"item\":\"https:\/\/poliesterturro.com\/ca\/productes\/\"},{\"@type\":\"ListItem\",\"position\":3,\"name\":\"Fosses s\u00e8ptiques\"}]},{\"@type\":\"WebSite\",\"@id\":\"https:\/\/poliesterturro.com\/ca\/#website\",\"url\":\"https:\/\/poliesterturro.com\/ca\/\",\"name\":\"Fibres de Vidre JM\",\"description\":\"Fibres de vidre\",\"publisher\":{\"@id\":\"https:\/\/poliesterturro.com\/ca\/#organization\"},\"potentialAction\":[{\"@type\":\"SearchAction\",\"target\":{\"@type\":\"EntryPoint\",\"urlTemplate\":\"https:\/\/poliesterturro.com\/ca\/?s={search_term_string}\"},\"query-input\":{\"@type\":\"PropertyValueSpecification\",\"valueRequired\":true,\"valueName\":\"search_term_string\"}}],\"inLanguage\":\"ca\"},{\"@type\":\"Organization\",\"@id\":\"https:\/\/poliesterturro.com\/ca\/#organization\",\"name\":\"Fibres de Vidre JM\",\"url\":\"https:\/\/poliesterturro.com\/ca\/\",\"logo\":{\"@type\":\"ImageObject\",\"inLanguage\":\"ca\",\"@id\":\"https:\/\/poliesterturro.com\/ca\/#\/schema\/logo\/image\/\",\"url\":\"https:\/\/poliesterturro.com\/wp-content\/uploads\/2020\/10\/logo_fibres-vidre.jpg\",\"contentUrl\":\"https:\/\/poliesterturro.com\/wp-content\/uploads\/2020\/10\/logo_fibres-vidre.jpg\",\"width\":336,\"height\":91,\"caption\":\"Fibres de Vidre JM\"},\"image\":{\"@id\":\"https:\/\/poliesterturro.com\/ca\/#\/schema\/logo\/image\/\"}}]}<\/script>\n<!-- \/ Yoast SEO plugin. -->","yoast_head_json":{"title":"Fosses s\u00e8ptiques - Fibres de Vidre JM","description":"Les fosses s\u00e8ptiques s\u00f3n una Soluci\u00f3 molt viable, disposem de fosses amb i sense filtre biol\u00f2gic amb fibra de poli\u00e8ster o polietil\u00e8. Empord\u00e0","robots":{"index":"index","follow":"follow","max-snippet":"max-snippet:-1","max-image-preview":"max-image-preview:large","max-video-preview":"max-video-preview:-1"},"canonical":"https:\/\/poliesterturro.com\/ca\/productes\/fosses-septiques\/","og_locale":"ca_ES","og_type":"article","og_title":"Fosses s\u00e8ptiques - Fibres de Vidre JM","og_description":"Les fosses s\u00e8ptiques s\u00f3n una Soluci\u00f3 molt viable, disposem de fosses amb i sense filtre biol\u00f2gic amb fibra de poli\u00e8ster o polietil\u00e8. Empord\u00e0","og_url":"https:\/\/poliesterturro.com\/ca\/productes\/fosses-septiques\/","og_site_name":"Fibres de Vidre JM","article_modified_time":"2021-07-13T09:27:51+00:00","og_image":[{"url":"https:\/\/poliesterturro.com\/wp-content\/uploads\/2021\/03\/Fosses-septiques.jpg","type":"","width":"","height":""}],"twitter_card":"summary_large_image","schema":{"@context":"https:\/\/schema.org","@graph":[{"@type":"WebPage","@id":"https:\/\/poliesterturro.com\/ca\/productes\/fosses-septiques\/","url":"https:\/\/poliesterturro.com\/ca\/productes\/fosses-septiques\/","name":"Fosses s\u00e8ptiques - Fibres de Vidre JM","isPartOf":{"@id":"https:\/\/poliesterturro.com\/ca\/#website"},"primaryImageOfPage":{"@id":"https:\/\/poliesterturro.com\/ca\/productes\/fosses-septiques\/#primaryimage"},"image":{"@id":"https:\/\/poliesterturro.com\/ca\/productes\/fosses-septiques\/#primaryimage"},"thumbnailUrl":"https:\/\/poliesterturro.com\/wp-content\/uploads\/2021\/03\/Fosses-septiques.jpg","datePublished":"2021-07-13T09:27:42+00:00","dateModified":"2021-07-13T09:27:51+00:00","description":"Les fosses s\u00e8ptiques s\u00f3n una Soluci\u00f3 molt viable, disposem de fosses amb i sense filtre biol\u00f2gic amb fibra de poli\u00e8ster o polietil\u00e8. Empord\u00e0","breadcrumb":{"@id":"https:\/\/poliesterturro.com\/ca\/productes\/fosses-septiques\/#breadcrumb"},"inLanguage":"ca","potentialAction":[{"@type":"ReadAction","target":["https:\/\/poliesterturro.com\/ca\/productes\/fosses-septiques\/"]}]},{"@type":"ImageObject","inLanguage":"ca","@id":"https:\/\/poliesterturro.com\/ca\/productes\/fosses-septiques\/#primaryimage","url":"https:\/\/poliesterturro.com\/wp-content\/uploads\/2021\/03\/Fosses-septiques.jpg","contentUrl":"https:\/\/poliesterturro.com\/wp-content\/uploads\/2021\/03\/Fosses-septiques.jpg"},{"@type":"BreadcrumbList","@id":"https:\/\/poliesterturro.com\/ca\/productes\/fosses-septiques\/#breadcrumb","itemListElement":[{"@type":"ListItem","position":1,"name":"Portada","item":"https:\/\/poliesterturro.com\/ca\/inici\/"},{"@type":"ListItem","position":2,"name":"Productes","item":"https:\/\/poliesterturro.com\/ca\/productes\/"},{"@type":"ListItem","position":3,"name":"Fosses s\u00e8ptiques"}]},{"@type":"WebSite","@id":"https:\/\/poliesterturro.com\/ca\/#website","url":"https:\/\/poliesterturro.com\/ca\/","name":"Fibres de Vidre JM","description":"Fibres de vidre","publisher":{"@id":"https:\/\/poliesterturro.com\/ca\/#organization"},"potentialAction":[{"@type":"SearchAction","target":{"@type":"EntryPoint","urlTemplate":"https:\/\/poliesterturro.com\/ca\/?s={search_term_string}"},"query-input":{"@type":"PropertyValueSpecification","valueRequired":true,"valueName":"search_term_string"}}],"inLanguage":"ca"},{"@type":"Organization","@id":"https:\/\/poliesterturro.com\/ca\/#organization","name":"Fibres de Vidre JM","url":"https:\/\/poliesterturro.com\/ca\/","logo":{"@type":"ImageObject","inLanguage":"ca","@id":"https:\/\/poliesterturro.com\/ca\/#\/schema\/logo\/image\/","url":"https:\/\/poliesterturro.com\/wp-content\/uploads\/2020\/10\/logo_fibres-vidre.jpg","contentUrl":"https:\/\/poliesterturro.com\/wp-content\/uploads\/2020\/10\/logo_fibres-vidre.jpg","width":336,"height":91,"caption":"Fibres de Vidre JM"},"image":{"@id":"https:\/\/poliesterturro.com\/ca\/#\/schema\/logo\/image\/"}}]}},"_links":{"self":[{"href":"https:\/\/poliesterturro.com\/ca\/wp-json\/wp\/v2\/pages\/1023","targetHints":{"allow":["GET"]}}],"collection":[{"href":"https:\/\/poliesterturro.com\/ca\/wp-json\/wp\/v2\/pages"}],"about":[{"href":"https:\/\/poliesterturro.com\/ca\/wp-json\/wp\/v2\/types\/page"}],"author":[{"embeddable":true,"href":"https:\/\/poliesterturro.com\/ca\/wp-json\/wp\/v2\/users\/1"}],"replies":[{"embeddable":true,"href":"https:\/\/poliesterturro.com\/ca\/wp-json\/wp\/v2\/comments?post=1023"}],"version-history":[{"count":3,"href":"https:\/\/poliesterturro.com\/ca\/wp-json\/wp\/v2\/pages\/1023\/revisions"}],"predecessor-version":[{"id":1026,"href":"https:\/\/poliesterturro.com\/ca\/wp-json\/wp\/v2\/pages\/1023\/revisions\/1026"}],"up":[{"embeddable":true,"href":"https:\/\/poliesterturro.com\/ca\/wp-json\/wp\/v2\/pages\/977"}],"wp:attachment":[{"href":"https:\/\/poliesterturro.com\/ca\/wp-json\/wp\/v2\/media?parent=1023"}],"curies":[{"name":"wp","href":"https:\/\/api.w.org\/{rel}","templated":true}]}}