{"id":1017,"date":"2021-07-13T09:27:10","date_gmt":"2021-07-13T09:27:10","guid":{"rendered":"https:\/\/poliesterturro.com\/productes\/diposits-en-polietile\/diposit-en-polietile\/"},"modified":"2021-07-13T10:35:21","modified_gmt":"2021-07-13T10:35:21","slug":"diposit-en-polietile","status":"publish","type":"page","link":"https:\/\/poliesterturro.com\/ca\/productes\/diposits-en-polietile\/diposit-en-polietile\/","title":{"rendered":"Dip\u00f2sit en polietil\u00e8"},"content":{"rendered":"\t\t<div data-elementor-type=\"wp-page\" data-elementor-id=\"1017\" class=\"elementor elementor-1017 elementor-229\" data-elementor-post-type=\"page\">\n\t\t\t\t\t\t<section class=\"elementor-section elementor-top-section elementor-element elementor-element-095f1ed elementor-section-boxed elementor-section-height-default elementor-section-height-default\" data-id=\"095f1ed\" data-element_type=\"section\" data-e-type=\"section\">\n\t\t\t\t\t\t<div class=\"elementor-container elementor-column-gap-default\">\n\t\t\t\t\t<div class=\"elementor-column elementor-col-100 elementor-top-column elementor-element elementor-element-31a9597\" data-id=\"31a9597\" data-element_type=\"column\" data-e-type=\"column\">\n\t\t\t<div class=\"elementor-widget-wrap elementor-element-populated\">\n\t\t\t\t\t\t<div class=\"elementor-element elementor-element-98871f5 elementor-widget elementor-widget-button\" data-id=\"98871f5\" data-element_type=\"widget\" data-e-type=\"widget\" data-widget_type=\"button.default\">\n\t\t\t\t<div class=\"elementor-widget-container\">\n\t\t\t\t\t\t\t\t\t<div class=\"elementor-button-wrapper\">\n\t\t\t\t\t<a class=\"elementor-button elementor-button-link elementor-size-sm\" href=\"https:\/\/poliesterturro.com\/ca\/productes\/\">\n\t\t\t\t\t\t<span class=\"elementor-button-content-wrapper\">\n\t\t\t\t\t\t<span class=\"elementor-button-icon\">\n\t\t\t\t<i aria-hidden=\"true\" class=\"fas fa-angle-left\"><\/i>\t\t\t<\/span>\n\t\t\t\t\t\t\t\t\t<span class=\"elementor-button-text\">Anar enrere<\/span>\n\t\t\t\t\t<\/span>\n\t\t\t\t\t<\/a>\n\t\t\t\t<\/div>\n\t\t\t\t\t\t\t\t<\/div>\n\t\t\t\t<\/div>\n\t\t\t\t<div class=\"elementor-element elementor-element-1cecf90 elementor-widget elementor-widget-heading\" data-id=\"1cecf90\" data-element_type=\"widget\" data-e-type=\"widget\" data-widget_type=\"heading.default\">\n\t\t\t\t<div class=\"elementor-widget-container\">\n\t\t\t\t\t<h2 class=\"elementor-heading-title elementor-size-default\">Dip\u00f2sit en polietil\u00e8<\/h2>\t\t\t\t<\/div>\n\t\t\t\t<\/div>\n\t\t\t\t\t<\/div>\n\t\t<\/div>\n\t\t\t\t\t<\/div>\n\t\t<\/section>\n\t\t\t\t<section class=\"elementor-section elementor-top-section elementor-element elementor-element-e0e9e98 elementor-section-boxed elementor-section-height-default elementor-section-height-default\" data-id=\"e0e9e98\" data-element_type=\"section\" data-e-type=\"section\">\n\t\t\t\t\t\t<div class=\"elementor-container elementor-column-gap-default\">\n\t\t\t\t\t<div class=\"elementor-column elementor-col-33 elementor-top-column elementor-element elementor-element-df0b480\" data-id=\"df0b480\" data-element_type=\"column\" data-e-type=\"column\">\n\t\t\t<div class=\"elementor-widget-wrap elementor-element-populated\">\n\t\t\t\t\t\t<div class=\"elementor-element elementor-element-d104048 elementor-skin-slideshow elementor-arrows-yes elementor-widget elementor-widget-media-carousel\" data-id=\"d104048\" data-element_type=\"widget\" data-e-type=\"widget\" data-settings=\"{&quot;skin&quot;:&quot;slideshow&quot;,&quot;effect&quot;:&quot;slide&quot;,&quot;show_arrows&quot;:&quot;yes&quot;,&quot;speed&quot;:500,&quot;autoplay&quot;:&quot;yes&quot;,&quot;autoplay_speed&quot;:5000,&quot;loop&quot;:&quot;yes&quot;,&quot;pause_on_hover&quot;:&quot;yes&quot;,&quot;pause_on_interaction&quot;:&quot;yes&quot;,&quot;space_between&quot;:{&quot;unit&quot;:&quot;px&quot;,&quot;size&quot;:10,&quot;sizes&quot;:[]},&quot;space_between_tablet&quot;:{&quot;unit&quot;:&quot;px&quot;,&quot;size&quot;:10,&quot;sizes&quot;:[]},&quot;space_between_mobile&quot;:{&quot;unit&quot;:&quot;px&quot;,&quot;size&quot;:10,&quot;sizes&quot;:[]}}\" data-widget_type=\"media-carousel.default\">\n\t\t\t\t<div class=\"elementor-widget-container\">\n\t\t\t\t\t\t\t\t\t<div class=\"elementor-swiper\">\n\t\t\t\t\t<div class=\"elementor-main-swiper swiper\" role=\"region\" aria-roledescription=\"carousel\" aria-label=\"Diapositives\">\n\t\t\t\t<div class=\"swiper-wrapper\">\n\t\t\t\t\t\t\t\t\t\t\t<div class=\"swiper-slide\" role=\"group\" aria-roledescription=\"slide\">\n\t\t\t\t\t\t\t\t\t<div class=\"elementor-carousel-image\" role=\"img\" aria-label=\"Animacion_DoblePared\" style=\"background-image: url(&#039;https:\/\/poliesterturro.com\/wp-content\/uploads\/2021\/03\/Animacion_DoblePared.gif&#039;)\">\n\n\t\t\t\n\t\t\t\t\t<\/div>\n\t\t\t\t\t\t\t\t<\/div>\n\t\t\t\t\t\t\t\t\t\t\t<div class=\"swiper-slide\" role=\"group\" aria-roledescription=\"slide\">\n\t\t\t\t\t\t\t\t\t<div class=\"elementor-carousel-image\" role=\"img\" aria-label=\"Rectangulars6\" style=\"background-image: url(&#039;https:\/\/poliesterturro.com\/wp-content\/uploads\/2021\/03\/Rectangulars6.jpg&#039;)\">\n\n\t\t\t\n\t\t\t\t\t<\/div>\n\t\t\t\t\t\t\t\t<\/div>\n\t\t\t\t\t\t\t\t\t\t\t<div class=\"swiper-slide\" role=\"group\" aria-roledescription=\"slide\">\n\t\t\t\t\t\t\t\t\t<div class=\"elementor-carousel-image\" role=\"img\" aria-label=\"Rectangulars5\" style=\"background-image: url(&#039;https:\/\/poliesterturro.com\/wp-content\/uploads\/2021\/03\/Rectangulars5.jpg&#039;)\">\n\n\t\t\t\n\t\t\t\t\t<\/div>\n\t\t\t\t\t\t\t\t<\/div>\n\t\t\t\t\t\t\t\t\t\t\t<div class=\"swiper-slide\" role=\"group\" aria-roledescription=\"slide\">\n\t\t\t\t\t\t\t\t\t<div class=\"elementor-carousel-image\" role=\"img\" aria-label=\"Rectangulars4\" style=\"background-image: url(&#039;https:\/\/poliesterturro.com\/wp-content\/uploads\/2021\/03\/Rectangulars4.jpg&#039;)\">\n\n\t\t\t\n\t\t\t\t\t<\/div>\n\t\t\t\t\t\t\t\t<\/div>\n\t\t\t\t\t\t\t\t\t\t\t<div class=\"swiper-slide\" role=\"group\" aria-roledescription=\"slide\">\n\t\t\t\t\t\t\t\t\t<div class=\"elementor-carousel-image\" role=\"img\" aria-label=\"Rectangulars2\" style=\"background-image: url(&#039;https:\/\/poliesterturro.com\/wp-content\/uploads\/2021\/03\/Rectangulars2.jpg&#039;)\">\n\n\t\t\t\n\t\t\t\t\t<\/div>\n\t\t\t\t\t\t\t\t<\/div>\n\t\t\t\t\t\t\t\t\t\t\t<div class=\"swiper-slide\" role=\"group\" aria-roledescription=\"slide\">\n\t\t\t\t\t\t\t\t\t<div class=\"elementor-carousel-image\" role=\"img\" aria-label=\"Rectangulars1\" style=\"background-image: url(&#039;https:\/\/poliesterturro.com\/wp-content\/uploads\/2021\/03\/Rectangulars1.jpg&#039;)\">\n\n\t\t\t\n\t\t\t\t\t<\/div>\n\t\t\t\t\t\t\t\t<\/div>\n\t\t\t\t\t\t\t\t\t<\/div>\n\t\t\t\t\t\t\t\t\t\t\t\t\t\t\t<div class=\"elementor-swiper-button elementor-swiper-button-prev\" role=\"button\" tabindex=\"0\" aria-label=\"Previous\">\n\t\t\t\t\t\t\t<i aria-hidden=\"true\" class=\"eicon-chevron-left\"><\/i>\t\t\t\t\t\t<\/div>\n\t\t\t\t\t\t<div class=\"elementor-swiper-button elementor-swiper-button-next\" role=\"button\" tabindex=\"0\" aria-label=\"Next\">\n\t\t\t\t\t\t\t<i aria-hidden=\"true\" class=\"eicon-chevron-right\"><\/i>\t\t\t\t\t\t<\/div>\n\t\t\t\t\t\t\t\t\t\t\t\t\t\t\t\t\t<\/div>\n\t\t\t\t<\/div>\n\t\t\t\t\t\t\t\t<div class=\"elementor-swiper\">\n\t\t\t\t\t<div class=\"elementor-main-swiper swiper elementor-thumbnails-swiper swiper\" role=\"region region\" aria-roledescription=\"carousel carousel\" aria-label=\"Diapositives Diapositives\">\n\t\t\t\t<div class=\"swiper-wrapper\">\n\t\t\t\t\t\t\t\t\t\t\t<div class=\"swiper-slide\" role=\"group\" aria-roledescription=\"slide\">\n\t\t\t\t\t\t\t\t\t<div class=\"elementor-carousel-image\" role=\"img\" aria-label=\"Animacion_DoblePared\" style=\"background-image: url(&#039;https:\/\/poliesterturro.com\/wp-content\/uploads\/2021\/03\/Animacion_DoblePared.gif&#039;)\">\n\n\t\t\t\n\t\t\t\t\t<\/div>\n\t\t\t\t\t\t\t\t<\/div>\n\t\t\t\t\t\t\t\t\t\t\t<div class=\"swiper-slide\" role=\"group\" aria-roledescription=\"slide\">\n\t\t\t\t\t\t\t\t\t<div class=\"elementor-carousel-image\" role=\"img\" aria-label=\"Rectangulars6\" style=\"background-image: url(&#039;https:\/\/poliesterturro.com\/wp-content\/uploads\/2021\/03\/Rectangulars6.jpg&#039;)\">\n\n\t\t\t\n\t\t\t\t\t<\/div>\n\t\t\t\t\t\t\t\t<\/div>\n\t\t\t\t\t\t\t\t\t\t\t<div class=\"swiper-slide\" role=\"group\" aria-roledescription=\"slide\">\n\t\t\t\t\t\t\t\t\t<div class=\"elementor-carousel-image\" role=\"img\" aria-label=\"Rectangulars5\" style=\"background-image: url(&#039;https:\/\/poliesterturro.com\/wp-content\/uploads\/2021\/03\/Rectangulars5.jpg&#039;)\">\n\n\t\t\t\n\t\t\t\t\t<\/div>\n\t\t\t\t\t\t\t\t<\/div>\n\t\t\t\t\t\t\t\t\t\t\t<div class=\"swiper-slide\" role=\"group\" aria-roledescription=\"slide\">\n\t\t\t\t\t\t\t\t\t<div class=\"elementor-carousel-image\" role=\"img\" aria-label=\"Rectangulars4\" style=\"background-image: url(&#039;https:\/\/poliesterturro.com\/wp-content\/uploads\/2021\/03\/Rectangulars4.jpg&#039;)\">\n\n\t\t\t\n\t\t\t\t\t<\/div>\n\t\t\t\t\t\t\t\t<\/div>\n\t\t\t\t\t\t\t\t\t\t\t<div class=\"swiper-slide\" role=\"group\" aria-roledescription=\"slide\">\n\t\t\t\t\t\t\t\t\t<div class=\"elementor-carousel-image\" role=\"img\" aria-label=\"Rectangulars2\" style=\"background-image: url(&#039;https:\/\/poliesterturro.com\/wp-content\/uploads\/2021\/03\/Rectangulars2.jpg&#039;)\">\n\n\t\t\t\n\t\t\t\t\t<\/div>\n\t\t\t\t\t\t\t\t<\/div>\n\t\t\t\t\t\t\t\t\t\t\t<div class=\"swiper-slide\" role=\"group\" aria-roledescription=\"slide\">\n\t\t\t\t\t\t\t\t\t<div class=\"elementor-carousel-image\" role=\"img\" aria-label=\"Rectangulars1\" style=\"background-image: url(&#039;https:\/\/poliesterturro.com\/wp-content\/uploads\/2021\/03\/Rectangulars1.jpg&#039;)\">\n\n\t\t\t\n\t\t\t\t\t<\/div>\n\t\t\t\t\t\t\t\t<\/div>\n\t\t\t\t\t\t\t\t\t<\/div>\n\t\t\t\t\t\t\t\t\t\t\t\t\t\t\t\t\t\t\t\t\t<\/div>\n\t\t\t\t<\/div>\n\t\t\t\t\t\t\t\t<\/div>\n\t\t\t\t<\/div>\n\t\t\t\t<div class=\"elementor-element elementor-element-f3c5823 elementor-widget elementor-widget-text-editor\" data-id=\"f3c5823\" data-element_type=\"widget\" data-e-type=\"widget\" data-widget_type=\"text-editor.default\">\n\t\t\t\t<div class=\"elementor-widget-container\">\n\t\t\t\t\t\t\t\t\t<p>* S\u00f3n aptes per enterrar<\/p>\n\t\t\t\t\t\t\t\t<\/div>\n\t\t\t\t<\/div>\n\t\t\t\t\t<\/div>\n\t\t<\/div>\n\t\t\t\t<div class=\"elementor-column elementor-col-66 elementor-top-column elementor-element elementor-element-6fe848a\" data-id=\"6fe848a\" data-element_type=\"column\" data-e-type=\"column\">\n\t\t\t<div class=\"elementor-widget-wrap elementor-element-populated\">\n\t\t\t\t\t\t<div class=\"elementor-element elementor-element-4f2922a elementor-widget elementor-widget-shortcode\" data-id=\"4f2922a\" data-element_type=\"widget\" data-e-type=\"widget\" data-widget_type=\"shortcode.default\">\n\t\t\t\t<div class=\"elementor-widget-container\">\n\t\t\t\t\t\t\t<div class=\"elementor-shortcode\">\n<table id=\"tablepress-23\" class=\"tablepress tablepress-id-23 tabla\">\n<thead>\n<tr class=\"row-1\">\n\t<th class=\"column-1\">Capacitat<\/th><th class=\"column-2\">REF.<\/th><th class=\"column-3\">Mesures (m)<\/th><th class=\"column-4\">Altura (m)<\/th>\n<\/tr>\n<\/thead>\n<tbody class=\"row-striping row-hover\">\n<tr class=\"row-2\">\n\t<td class=\"column-1\">1000 L<\/td><td class=\"column-2\">Aqualentz Rect.Verde 1000<\/td><td class=\"column-3\">1,16 X 0,73<\/td><td class=\"column-4\">1,67<\/td>\n<\/tr>\n<tr class=\"row-3\">\n\t<td class=\"column-1\">2000 L.<\/td><td class=\"column-2\">Aqualentz Rect.Verde 2000 E<\/td><td class=\"column-3\">2,28 X 0,73<\/td><td class=\"column-4\">1,67<\/td>\n<\/tr>\n<tr class=\"row-4\">\n\t<td class=\"column-1\">2000 L.<\/td><td class=\"column-2\">Aqualentz Rect.Verde 2000<\/td><td class=\"column-3\">1,64 X 0,88<\/td><td class=\"column-4\">1,80<\/td>\n<\/tr>\n<tr class=\"row-5\">\n\t<td class=\"column-1\">3000 L<\/td><td class=\"column-2\">Aqualentz Rect.Verde 3000<\/td><td class=\"column-3\">2,35 X 0,88<\/td><td class=\"column-4\">1,80<\/td>\n<\/tr>\n<tr class=\"row-6\">\n\t<td class=\"column-1\">500 L<\/td><td class=\"column-2\">Aqualentz vario 500<\/td><td class=\"column-3\">0,78 X 0,78<\/td><td class=\"column-4\">1,07<\/td>\n<\/tr>\n<tr class=\"row-7\">\n\t<td class=\"column-1\">750 L.<\/td><td class=\"column-2\">Aqualentz vario 750<\/td><td class=\"column-3\">0,78 X 0,78<\/td><td class=\"column-4\">1,48<\/td>\n<\/tr>\n<tr class=\"row-8\">\n\t<td class=\"column-1\">1000 L<\/td><td class=\"column-2\">Aqualentz vario 1000<\/td><td class=\"column-3\">0,78 X 0,78<\/td><td class=\"column-4\">1,98<\/td>\n<\/tr>\n<tr class=\"row-9\">\n\t<td class=\"column-1\">500 L.*<\/td><td class=\"column-2\">FV 500 Rect.<\/td><td class=\"column-3\">1,70 X 0,77<\/td><td class=\"column-4\">0,80<\/td>\n<\/tr>\n<tr class=\"row-10\">\n\t<td class=\"column-1\">1000 L.*<\/td><td class=\"column-2\">FV 1000 Rect.<\/td><td class=\"column-3\">1,70 X 0,77<\/td><td class=\"column-4\">1,30<\/td>\n<\/tr>\n<tr class=\"row-11\">\n\t<td class=\"column-1\">1500 L.*<\/td><td class=\"column-2\">FV 1500 Rect.<\/td><td class=\"column-3\">1,70 X 0,77<\/td><td class=\"column-4\">1,73<\/td>\n<\/tr>\n<tr class=\"row-12\">\n\t<td class=\"column-1\">2000 L.*<\/td><td class=\"column-2\">FV 2000 Rect.<\/td><td class=\"column-3\">1,90 X 1,19<\/td><td class=\"column-4\">1,44<\/td>\n<\/tr>\n<tr class=\"row-13\">\n\t<td class=\"column-1\">3000 L.*<\/td><td class=\"column-2\">FV 3000 Rect.<\/td><td class=\"column-3\">2,70 X 1,19<\/td><td class=\"column-4\">1,44<\/td>\n<\/tr>\n<tr class=\"row-14\">\n\t<td class=\"column-1\">4000 L.*<\/td><td class=\"column-2\">FV 4000 Cil.<\/td><td class=\"column-3\">2,39 X 1,65<\/td><td class=\"column-4\">1,65<\/td>\n<\/tr>\n<tr class=\"row-15\">\n\t<td class=\"column-1\">5000 L.*<\/td><td class=\"column-2\">FV 5000 SP<\/td><td class=\"column-3\">2,35 X 1,35<\/td><td class=\"column-4\">2,25<\/td>\n<\/tr>\n<tr class=\"row-16\">\n\t<td class=\"column-1\">7500 L.*<\/td><td class=\"column-2\">FV 7500 SP<\/td><td class=\"column-3\">3,58 X 1,35<\/td><td class=\"column-4\">2,25<\/td>\n<\/tr>\n<tr class=\"row-17\">\n\t<td class=\"column-1\">2500 L.*<\/td><td class=\"column-2\">FV 2500 AT 112<\/td><td class=\"column-3\">2,30 X 1,12<\/td><td class=\"column-4\">1,90<\/td>\n<\/tr>\n<tr class=\"row-18\">\n\t<td class=\"column-1\">5000 L.*\t<\/td><td class=\"column-2\">FV 5000 AT 112<\/td><td class=\"column-3\">2,30 X 2,35<\/td><td class=\"column-4\">1,90<\/td>\n<\/tr>\n<tr class=\"row-19\">\n\t<td class=\"column-1\">7500 L.*<\/td><td class=\"column-2\">FV 7500 AT 112<\/td><td class=\"column-3\">2,30 X 3,58<\/td><td class=\"column-4\">1,90<\/td>\n<\/tr>\n<\/tbody>\n<\/table>\n<\/div>\n\t\t\t\t\t\t<\/div>\n\t\t\t\t<\/div>\n\t\t\t\t\t<\/div>\n\t\t<\/div>\n\t\t\t\t\t<\/div>\n\t\t<\/section>\n\t\t\t\t<\/div>\n\t\t","protected":false},"excerpt":{"rendered":"<p>Anar enrere Previous Next * S\u00f3n aptes per enterrar<\/p>\n","protected":false},"author":1,"featured_media":0,"parent":1013,"menu_order":0,"comment_status":"closed","ping_status":"closed","template":"","meta":{"footnotes":""},"class_list":["post-1017","page","type-page","status-publish"],"yoast_head":"<!-- This site is optimized with the Yoast SEO plugin v27.1.1 - https:\/\/yoast.com\/product\/yoast-seo-wordpress\/ -->\n<title>Dip\u00f2sit en polietil\u00e8 - Fibres de Vidre JM<\/title>\n<meta name=\"robots\" content=\"index, follow, max-snippet:-1, max-image-preview:large, max-video-preview:-1\" \/>\n<link rel=\"canonical\" href=\"https:\/\/poliesterturro.com\/ca\/productes\/diposits-en-polietile\/diposit-en-polietile\/\" \/>\n<meta property=\"og:locale\" content=\"ca_ES\" \/>\n<meta property=\"og:type\" content=\"article\" \/>\n<meta property=\"og:title\" content=\"Dip\u00f2sit en polietil\u00e8 - Fibres de Vidre JM\" \/>\n<meta property=\"og:description\" content=\"Anar enrere Previous Next * S\u00f3n aptes per enterrar\" \/>\n<meta property=\"og:url\" content=\"https:\/\/poliesterturro.com\/ca\/productes\/diposits-en-polietile\/diposit-en-polietile\/\" \/>\n<meta property=\"og:site_name\" content=\"Fibres de Vidre JM\" \/>\n<meta property=\"article:modified_time\" content=\"2021-07-13T10:35:21+00:00\" \/>\n<meta name=\"twitter:card\" content=\"summary_large_image\" \/>\n<meta name=\"twitter:label1\" content=\"Temps estimat de lectura\" \/>\n\t<meta name=\"twitter:data1\" content=\"1 minut\" \/>\n<script type=\"application\/ld+json\" class=\"yoast-schema-graph\">{\"@context\":\"https:\/\/schema.org\",\"@graph\":[{\"@type\":\"WebPage\",\"@id\":\"https:\/\/poliesterturro.com\/ca\/productes\/diposits-en-polietile\/diposit-en-polietile\/\",\"url\":\"https:\/\/poliesterturro.com\/ca\/productes\/diposits-en-polietile\/diposit-en-polietile\/\",\"name\":\"Dip\u00f2sit en polietil\u00e8 - Fibres de Vidre JM\",\"isPartOf\":{\"@id\":\"https:\/\/poliesterturro.com\/ca\/#website\"},\"datePublished\":\"2021-07-13T09:27:10+00:00\",\"dateModified\":\"2021-07-13T10:35:21+00:00\",\"breadcrumb\":{\"@id\":\"https:\/\/poliesterturro.com\/ca\/productes\/diposits-en-polietile\/diposit-en-polietile\/#breadcrumb\"},\"inLanguage\":\"ca\",\"potentialAction\":[{\"@type\":\"ReadAction\",\"target\":[\"https:\/\/poliesterturro.com\/ca\/productes\/diposits-en-polietile\/diposit-en-polietile\/\"]}]},{\"@type\":\"BreadcrumbList\",\"@id\":\"https:\/\/poliesterturro.com\/ca\/productes\/diposits-en-polietile\/diposit-en-polietile\/#breadcrumb\",\"itemListElement\":[{\"@type\":\"ListItem\",\"position\":1,\"name\":\"Portada\",\"item\":\"https:\/\/poliesterturro.com\/ca\/inici\/\"},{\"@type\":\"ListItem\",\"position\":2,\"name\":\"Productes\",\"item\":\"https:\/\/poliesterturro.com\/ca\/productes\/\"},{\"@type\":\"ListItem\",\"position\":3,\"name\":\"Dip\u00f2sits en polietil\u00e8\",\"item\":\"https:\/\/poliesterturro.com\/ca\/productes\/diposits-en-polietile\/\"},{\"@type\":\"ListItem\",\"position\":4,\"name\":\"Dip\u00f2sit en polietil\u00e8\"}]},{\"@type\":\"WebSite\",\"@id\":\"https:\/\/poliesterturro.com\/ca\/#website\",\"url\":\"https:\/\/poliesterturro.com\/ca\/\",\"name\":\"Fibres de Vidre JM\",\"description\":\"Fibres de vidre\",\"publisher\":{\"@id\":\"https:\/\/poliesterturro.com\/ca\/#organization\"},\"potentialAction\":[{\"@type\":\"SearchAction\",\"target\":{\"@type\":\"EntryPoint\",\"urlTemplate\":\"https:\/\/poliesterturro.com\/ca\/?s={search_term_string}\"},\"query-input\":{\"@type\":\"PropertyValueSpecification\",\"valueRequired\":true,\"valueName\":\"search_term_string\"}}],\"inLanguage\":\"ca\"},{\"@type\":\"Organization\",\"@id\":\"https:\/\/poliesterturro.com\/ca\/#organization\",\"name\":\"Fibres de Vidre JM\",\"url\":\"https:\/\/poliesterturro.com\/ca\/\",\"logo\":{\"@type\":\"ImageObject\",\"inLanguage\":\"ca\",\"@id\":\"https:\/\/poliesterturro.com\/ca\/#\/schema\/logo\/image\/\",\"url\":\"https:\/\/poliesterturro.com\/wp-content\/uploads\/2020\/10\/logo_fibres-vidre.jpg\",\"contentUrl\":\"https:\/\/poliesterturro.com\/wp-content\/uploads\/2020\/10\/logo_fibres-vidre.jpg\",\"width\":336,\"height\":91,\"caption\":\"Fibres de Vidre JM\"},\"image\":{\"@id\":\"https:\/\/poliesterturro.com\/ca\/#\/schema\/logo\/image\/\"}}]}<\/script>\n<!-- \/ Yoast SEO plugin. -->","yoast_head_json":{"title":"Dip\u00f2sit en polietil\u00e8 - Fibres de Vidre JM","robots":{"index":"index","follow":"follow","max-snippet":"max-snippet:-1","max-image-preview":"max-image-preview:large","max-video-preview":"max-video-preview:-1"},"canonical":"https:\/\/poliesterturro.com\/ca\/productes\/diposits-en-polietile\/diposit-en-polietile\/","og_locale":"ca_ES","og_type":"article","og_title":"Dip\u00f2sit en polietil\u00e8 - Fibres de Vidre JM","og_description":"Anar enrere Previous Next * S\u00f3n aptes per enterrar","og_url":"https:\/\/poliesterturro.com\/ca\/productes\/diposits-en-polietile\/diposit-en-polietile\/","og_site_name":"Fibres de Vidre JM","article_modified_time":"2021-07-13T10:35:21+00:00","twitter_card":"summary_large_image","twitter_misc":{"Temps estimat de lectura":"1 minut"},"schema":{"@context":"https:\/\/schema.org","@graph":[{"@type":"WebPage","@id":"https:\/\/poliesterturro.com\/ca\/productes\/diposits-en-polietile\/diposit-en-polietile\/","url":"https:\/\/poliesterturro.com\/ca\/productes\/diposits-en-polietile\/diposit-en-polietile\/","name":"Dip\u00f2sit en polietil\u00e8 - Fibres de Vidre JM","isPartOf":{"@id":"https:\/\/poliesterturro.com\/ca\/#website"},"datePublished":"2021-07-13T09:27:10+00:00","dateModified":"2021-07-13T10:35:21+00:00","breadcrumb":{"@id":"https:\/\/poliesterturro.com\/ca\/productes\/diposits-en-polietile\/diposit-en-polietile\/#breadcrumb"},"inLanguage":"ca","potentialAction":[{"@type":"ReadAction","target":["https:\/\/poliesterturro.com\/ca\/productes\/diposits-en-polietile\/diposit-en-polietile\/"]}]},{"@type":"BreadcrumbList","@id":"https:\/\/poliesterturro.com\/ca\/productes\/diposits-en-polietile\/diposit-en-polietile\/#breadcrumb","itemListElement":[{"@type":"ListItem","position":1,"name":"Portada","item":"https:\/\/poliesterturro.com\/ca\/inici\/"},{"@type":"ListItem","position":2,"name":"Productes","item":"https:\/\/poliesterturro.com\/ca\/productes\/"},{"@type":"ListItem","position":3,"name":"Dip\u00f2sits en polietil\u00e8","item":"https:\/\/poliesterturro.com\/ca\/productes\/diposits-en-polietile\/"},{"@type":"ListItem","position":4,"name":"Dip\u00f2sit en polietil\u00e8"}]},{"@type":"WebSite","@id":"https:\/\/poliesterturro.com\/ca\/#website","url":"https:\/\/poliesterturro.com\/ca\/","name":"Fibres de Vidre JM","description":"Fibres de vidre","publisher":{"@id":"https:\/\/poliesterturro.com\/ca\/#organization"},"potentialAction":[{"@type":"SearchAction","target":{"@type":"EntryPoint","urlTemplate":"https:\/\/poliesterturro.com\/ca\/?s={search_term_string}"},"query-input":{"@type":"PropertyValueSpecification","valueRequired":true,"valueName":"search_term_string"}}],"inLanguage":"ca"},{"@type":"Organization","@id":"https:\/\/poliesterturro.com\/ca\/#organization","name":"Fibres de Vidre JM","url":"https:\/\/poliesterturro.com\/ca\/","logo":{"@type":"ImageObject","inLanguage":"ca","@id":"https:\/\/poliesterturro.com\/ca\/#\/schema\/logo\/image\/","url":"https:\/\/poliesterturro.com\/wp-content\/uploads\/2020\/10\/logo_fibres-vidre.jpg","contentUrl":"https:\/\/poliesterturro.com\/wp-content\/uploads\/2020\/10\/logo_fibres-vidre.jpg","width":336,"height":91,"caption":"Fibres de Vidre JM"},"image":{"@id":"https:\/\/poliesterturro.com\/ca\/#\/schema\/logo\/image\/"}}]}},"_links":{"self":[{"href":"https:\/\/poliesterturro.com\/ca\/wp-json\/wp\/v2\/pages\/1017","targetHints":{"allow":["GET"]}}],"collection":[{"href":"https:\/\/poliesterturro.com\/ca\/wp-json\/wp\/v2\/pages"}],"about":[{"href":"https:\/\/poliesterturro.com\/ca\/wp-json\/wp\/v2\/types\/page"}],"author":[{"embeddable":true,"href":"https:\/\/poliesterturro.com\/ca\/wp-json\/wp\/v2\/users\/1"}],"replies":[{"embeddable":true,"href":"https:\/\/poliesterturro.com\/ca\/wp-json\/wp\/v2\/comments?post=1017"}],"version-history":[{"count":6,"href":"https:\/\/poliesterturro.com\/ca\/wp-json\/wp\/v2\/pages\/1017\/revisions"}],"predecessor-version":[{"id":1278,"href":"https:\/\/poliesterturro.com\/ca\/wp-json\/wp\/v2\/pages\/1017\/revisions\/1278"}],"up":[{"embeddable":true,"href":"https:\/\/poliesterturro.com\/ca\/wp-json\/wp\/v2\/pages\/1013"}],"wp:attachment":[{"href":"https:\/\/poliesterturro.com\/ca\/wp-json\/wp\/v2\/media?parent=1017"}],"curies":[{"name":"wp","href":"https:\/\/api.w.org\/{rel}","templated":true}]}}