{"id":1013,"date":"2021-07-13T09:26:27","date_gmt":"2021-07-13T09:26:27","guid":{"rendered":"https:\/\/poliesterturro.com\/productes\/diposits-en-polietile\/"},"modified":"2021-07-13T09:26:28","modified_gmt":"2021-07-13T09:26:28","slug":"diposits-en-polietile","status":"publish","type":"page","link":"https:\/\/poliesterturro.com\/ca\/productes\/diposits-en-polietile\/","title":{"rendered":"Dip\u00f2sits en polietil\u00e8"},"content":{"rendered":"\t\t<div data-elementor-type=\"wp-page\" data-elementor-id=\"1013\" class=\"elementor elementor-1013 elementor-226\" data-elementor-post-type=\"page\">\n\t\t\t\t\t\t<section class=\"elementor-section elementor-top-section elementor-element elementor-element-22561e3 elementor-section-boxed elementor-section-height-default elementor-section-height-default\" data-id=\"22561e3\" data-element_type=\"section\" data-e-type=\"section\">\n\t\t\t\t\t\t<div class=\"elementor-container elementor-column-gap-default\">\n\t\t\t\t\t<div class=\"elementor-column elementor-col-100 elementor-top-column elementor-element elementor-element-adc4ca0\" data-id=\"adc4ca0\" data-element_type=\"column\" data-e-type=\"column\">\n\t\t\t<div class=\"elementor-widget-wrap elementor-element-populated\">\n\t\t\t\t\t\t<div class=\"elementor-element elementor-element-e4c284d elementor-widget elementor-widget-heading\" data-id=\"e4c284d\" data-element_type=\"widget\" data-e-type=\"widget\" data-widget_type=\"heading.default\">\n\t\t\t\t<div class=\"elementor-widget-container\">\n\t\t\t\t\t<h2 class=\"elementor-heading-title elementor-size-default\">Dip\u00f2sits en polietil\u00e8<\/h2>\t\t\t\t<\/div>\n\t\t\t\t<\/div>\n\t\t\t\t\t<\/div>\n\t\t<\/div>\n\t\t\t\t\t<\/div>\n\t\t<\/section>\n\t\t\t\t<section class=\"elementor-section elementor-top-section elementor-element elementor-element-c655d37 elementor-section-boxed elementor-section-height-default elementor-section-height-default\" data-id=\"c655d37\" data-element_type=\"section\" data-e-type=\"section\">\n\t\t\t\t\t\t<div class=\"elementor-container elementor-column-gap-default\">\n\t\t\t\t\t<div class=\"elementor-column elementor-col-33 elementor-top-column elementor-element elementor-element-b40f3e6\" data-id=\"b40f3e6\" data-element_type=\"column\" data-e-type=\"column\">\n\t\t\t<div class=\"elementor-widget-wrap elementor-element-populated\">\n\t\t\t\t\t\t<div class=\"elementor-element elementor-element-f8dc891 elementor-widget elementor-widget-image\" data-id=\"f8dc891\" data-element_type=\"widget\" data-e-type=\"widget\" data-widget_type=\"image.default\">\n\t\t\t\t<div class=\"elementor-widget-container\">\n\t\t\t\t\t\t\t\t\t\t\t\t\t\t\t\t<a href=\"https:\/\/poliesterturro.com\/productos\/depositos-en-polietileno\/deposito-en-polietileno\/\">\n\t\t\t\t\t\t\t<img fetchpriority=\"high\" decoding=\"async\" width=\"500\" height=\"500\" src=\"https:\/\/poliesterturro.com\/wp-content\/uploads\/2021\/03\/Diposits_polietile1.png\" class=\"attachment-large size-large wp-image-1238\" alt=\"\" srcset=\"https:\/\/poliesterturro.com\/wp-content\/uploads\/2021\/03\/Diposits_polietile1.png 500w, https:\/\/poliesterturro.com\/wp-content\/uploads\/2021\/03\/Diposits_polietile1-300x300.png 300w, https:\/\/poliesterturro.com\/wp-content\/uploads\/2021\/03\/Diposits_polietile1-150x150.png 150w\" sizes=\"(max-width: 500px) 100vw, 500px\" \/>\t\t\t\t\t\t\t\t<\/a>\n\t\t\t\t\t\t\t\t\t\t\t\t\t\t\t<\/div>\n\t\t\t\t<\/div>\n\t\t\t\t<div class=\"elementor-element elementor-element-af0a3fc elementor-widget elementor-widget-heading\" data-id=\"af0a3fc\" data-element_type=\"widget\" data-e-type=\"widget\" data-widget_type=\"heading.default\">\n\t\t\t\t<div class=\"elementor-widget-container\">\n\t\t\t\t\t<h4 class=\"elementor-heading-title elementor-size-default\"><a href=\"https:\/\/poliesterturro.com\/productos\/depositos-en-polietileno\/deposito-en-polietileno\/\">Polietil\u00e8<\/a><\/h4>\t\t\t\t<\/div>\n\t\t\t\t<\/div>\n\t\t\t\t\t<\/div>\n\t\t<\/div>\n\t\t\t\t<div class=\"elementor-column elementor-col-33 elementor-top-column elementor-element elementor-element-90a26d8\" data-id=\"90a26d8\" data-element_type=\"column\" data-e-type=\"column\">\n\t\t\t<div class=\"elementor-widget-wrap\">\n\t\t\t\t\t\t\t<\/div>\n\t\t<\/div>\n\t\t\t\t<div class=\"elementor-column elementor-col-33 elementor-top-column elementor-element elementor-element-2d48302\" data-id=\"2d48302\" data-element_type=\"column\" data-e-type=\"column\">\n\t\t\t<div class=\"elementor-widget-wrap\">\n\t\t\t\t\t\t\t<\/div>\n\t\t<\/div>\n\t\t\t\t\t<\/div>\n\t\t<\/section>\n\t\t\t\t<\/div>\n\t\t","protected":false},"excerpt":{"rendered":"<p>Polietil\u00e8<\/p>\n","protected":false},"author":1,"featured_media":0,"parent":977,"menu_order":0,"comment_status":"closed","ping_status":"closed","template":"","meta":{"footnotes":""},"class_list":["post-1013","page","type-page","status-publish"],"yoast_head":"<!-- This site is optimized with the Yoast SEO plugin v27.1.1 - https:\/\/yoast.com\/product\/yoast-seo-wordpress\/ -->\n<title>Dip\u00f2sits en polietil\u00e8 - Fibres de Vidre JM<\/title>\n<meta name=\"description\" content=\"Dip\u00f2sits de polietil\u00e8 aptes per anar enterrats de diferents mides i capacitats. De 1000 litres L a 7500 litres L. Empord\u00e0\" \/>\n<meta name=\"robots\" content=\"index, follow, max-snippet:-1, max-image-preview:large, max-video-preview:-1\" \/>\n<link rel=\"canonical\" href=\"https:\/\/poliesterturro.com\/ca\/productes\/diposits-en-polietile\/\" \/>\n<meta property=\"og:locale\" content=\"ca_ES\" \/>\n<meta property=\"og:type\" content=\"article\" \/>\n<meta property=\"og:title\" content=\"Dip\u00f2sits en polietil\u00e8 - Fibres de Vidre JM\" \/>\n<meta property=\"og:description\" content=\"Dip\u00f2sits de polietil\u00e8 aptes per anar enterrats de diferents mides i capacitats. De 1000 litres L a 7500 litres L. Empord\u00e0\" \/>\n<meta property=\"og:url\" content=\"https:\/\/poliesterturro.com\/ca\/productes\/diposits-en-polietile\/\" \/>\n<meta property=\"og:site_name\" content=\"Fibres de Vidre JM\" \/>\n<meta property=\"article:modified_time\" content=\"2021-07-13T09:26:28+00:00\" \/>\n<meta property=\"og:image\" content=\"https:\/\/poliesterturro.com\/wp-content\/uploads\/2021\/03\/Diposits_polietile1.png\" \/>\n<meta name=\"twitter:card\" content=\"summary_large_image\" \/>\n<script type=\"application\/ld+json\" class=\"yoast-schema-graph\">{\"@context\":\"https:\/\/schema.org\",\"@graph\":[{\"@type\":\"WebPage\",\"@id\":\"https:\/\/poliesterturro.com\/ca\/productes\/diposits-en-polietile\/\",\"url\":\"https:\/\/poliesterturro.com\/ca\/productes\/diposits-en-polietile\/\",\"name\":\"Dip\u00f2sits en polietil\u00e8 - Fibres de Vidre JM\",\"isPartOf\":{\"@id\":\"https:\/\/poliesterturro.com\/ca\/#website\"},\"primaryImageOfPage\":{\"@id\":\"https:\/\/poliesterturro.com\/ca\/productes\/diposits-en-polietile\/#primaryimage\"},\"image\":{\"@id\":\"https:\/\/poliesterturro.com\/ca\/productes\/diposits-en-polietile\/#primaryimage\"},\"thumbnailUrl\":\"https:\/\/poliesterturro.com\/wp-content\/uploads\/2021\/03\/Diposits_polietile1.png\",\"datePublished\":\"2021-07-13T09:26:27+00:00\",\"dateModified\":\"2021-07-13T09:26:28+00:00\",\"description\":\"Dip\u00f2sits de polietil\u00e8 aptes per anar enterrats de diferents mides i capacitats. De 1000 litres L a 7500 litres L. Empord\u00e0\",\"breadcrumb\":{\"@id\":\"https:\/\/poliesterturro.com\/ca\/productes\/diposits-en-polietile\/#breadcrumb\"},\"inLanguage\":\"ca\",\"potentialAction\":[{\"@type\":\"ReadAction\",\"target\":[\"https:\/\/poliesterturro.com\/ca\/productes\/diposits-en-polietile\/\"]}]},{\"@type\":\"ImageObject\",\"inLanguage\":\"ca\",\"@id\":\"https:\/\/poliesterturro.com\/ca\/productes\/diposits-en-polietile\/#primaryimage\",\"url\":\"https:\/\/poliesterturro.com\/wp-content\/uploads\/2021\/03\/Diposits_polietile1.png\",\"contentUrl\":\"https:\/\/poliesterturro.com\/wp-content\/uploads\/2021\/03\/Diposits_polietile1.png\"},{\"@type\":\"BreadcrumbList\",\"@id\":\"https:\/\/poliesterturro.com\/ca\/productes\/diposits-en-polietile\/#breadcrumb\",\"itemListElement\":[{\"@type\":\"ListItem\",\"position\":1,\"name\":\"Portada\",\"item\":\"https:\/\/poliesterturro.com\/ca\/inici\/\"},{\"@type\":\"ListItem\",\"position\":2,\"name\":\"Productes\",\"item\":\"https:\/\/poliesterturro.com\/ca\/productes\/\"},{\"@type\":\"ListItem\",\"position\":3,\"name\":\"Dip\u00f2sits en polietil\u00e8\"}]},{\"@type\":\"WebSite\",\"@id\":\"https:\/\/poliesterturro.com\/ca\/#website\",\"url\":\"https:\/\/poliesterturro.com\/ca\/\",\"name\":\"Fibres de Vidre JM\",\"description\":\"Fibres de vidre\",\"publisher\":{\"@id\":\"https:\/\/poliesterturro.com\/ca\/#organization\"},\"potentialAction\":[{\"@type\":\"SearchAction\",\"target\":{\"@type\":\"EntryPoint\",\"urlTemplate\":\"https:\/\/poliesterturro.com\/ca\/?s={search_term_string}\"},\"query-input\":{\"@type\":\"PropertyValueSpecification\",\"valueRequired\":true,\"valueName\":\"search_term_string\"}}],\"inLanguage\":\"ca\"},{\"@type\":\"Organization\",\"@id\":\"https:\/\/poliesterturro.com\/ca\/#organization\",\"name\":\"Fibres de Vidre JM\",\"url\":\"https:\/\/poliesterturro.com\/ca\/\",\"logo\":{\"@type\":\"ImageObject\",\"inLanguage\":\"ca\",\"@id\":\"https:\/\/poliesterturro.com\/ca\/#\/schema\/logo\/image\/\",\"url\":\"https:\/\/poliesterturro.com\/wp-content\/uploads\/2020\/10\/logo_fibres-vidre.jpg\",\"contentUrl\":\"https:\/\/poliesterturro.com\/wp-content\/uploads\/2020\/10\/logo_fibres-vidre.jpg\",\"width\":336,\"height\":91,\"caption\":\"Fibres de Vidre JM\"},\"image\":{\"@id\":\"https:\/\/poliesterturro.com\/ca\/#\/schema\/logo\/image\/\"}}]}<\/script>\n<!-- \/ Yoast SEO plugin. -->","yoast_head_json":{"title":"Dip\u00f2sits en polietil\u00e8 - Fibres de Vidre JM","description":"Dip\u00f2sits de polietil\u00e8 aptes per anar enterrats de diferents mides i capacitats. De 1000 litres L a 7500 litres L. Empord\u00e0","robots":{"index":"index","follow":"follow","max-snippet":"max-snippet:-1","max-image-preview":"max-image-preview:large","max-video-preview":"max-video-preview:-1"},"canonical":"https:\/\/poliesterturro.com\/ca\/productes\/diposits-en-polietile\/","og_locale":"ca_ES","og_type":"article","og_title":"Dip\u00f2sits en polietil\u00e8 - Fibres de Vidre JM","og_description":"Dip\u00f2sits de polietil\u00e8 aptes per anar enterrats de diferents mides i capacitats. De 1000 litres L a 7500 litres L. Empord\u00e0","og_url":"https:\/\/poliesterturro.com\/ca\/productes\/diposits-en-polietile\/","og_site_name":"Fibres de Vidre JM","article_modified_time":"2021-07-13T09:26:28+00:00","og_image":[{"url":"https:\/\/poliesterturro.com\/wp-content\/uploads\/2021\/03\/Diposits_polietile1.png","type":"","width":"","height":""}],"twitter_card":"summary_large_image","schema":{"@context":"https:\/\/schema.org","@graph":[{"@type":"WebPage","@id":"https:\/\/poliesterturro.com\/ca\/productes\/diposits-en-polietile\/","url":"https:\/\/poliesterturro.com\/ca\/productes\/diposits-en-polietile\/","name":"Dip\u00f2sits en polietil\u00e8 - Fibres de Vidre JM","isPartOf":{"@id":"https:\/\/poliesterturro.com\/ca\/#website"},"primaryImageOfPage":{"@id":"https:\/\/poliesterturro.com\/ca\/productes\/diposits-en-polietile\/#primaryimage"},"image":{"@id":"https:\/\/poliesterturro.com\/ca\/productes\/diposits-en-polietile\/#primaryimage"},"thumbnailUrl":"https:\/\/poliesterturro.com\/wp-content\/uploads\/2021\/03\/Diposits_polietile1.png","datePublished":"2021-07-13T09:26:27+00:00","dateModified":"2021-07-13T09:26:28+00:00","description":"Dip\u00f2sits de polietil\u00e8 aptes per anar enterrats de diferents mides i capacitats. De 1000 litres L a 7500 litres L. Empord\u00e0","breadcrumb":{"@id":"https:\/\/poliesterturro.com\/ca\/productes\/diposits-en-polietile\/#breadcrumb"},"inLanguage":"ca","potentialAction":[{"@type":"ReadAction","target":["https:\/\/poliesterturro.com\/ca\/productes\/diposits-en-polietile\/"]}]},{"@type":"ImageObject","inLanguage":"ca","@id":"https:\/\/poliesterturro.com\/ca\/productes\/diposits-en-polietile\/#primaryimage","url":"https:\/\/poliesterturro.com\/wp-content\/uploads\/2021\/03\/Diposits_polietile1.png","contentUrl":"https:\/\/poliesterturro.com\/wp-content\/uploads\/2021\/03\/Diposits_polietile1.png"},{"@type":"BreadcrumbList","@id":"https:\/\/poliesterturro.com\/ca\/productes\/diposits-en-polietile\/#breadcrumb","itemListElement":[{"@type":"ListItem","position":1,"name":"Portada","item":"https:\/\/poliesterturro.com\/ca\/inici\/"},{"@type":"ListItem","position":2,"name":"Productes","item":"https:\/\/poliesterturro.com\/ca\/productes\/"},{"@type":"ListItem","position":3,"name":"Dip\u00f2sits en polietil\u00e8"}]},{"@type":"WebSite","@id":"https:\/\/poliesterturro.com\/ca\/#website","url":"https:\/\/poliesterturro.com\/ca\/","name":"Fibres de Vidre JM","description":"Fibres de vidre","publisher":{"@id":"https:\/\/poliesterturro.com\/ca\/#organization"},"potentialAction":[{"@type":"SearchAction","target":{"@type":"EntryPoint","urlTemplate":"https:\/\/poliesterturro.com\/ca\/?s={search_term_string}"},"query-input":{"@type":"PropertyValueSpecification","valueRequired":true,"valueName":"search_term_string"}}],"inLanguage":"ca"},{"@type":"Organization","@id":"https:\/\/poliesterturro.com\/ca\/#organization","name":"Fibres de Vidre JM","url":"https:\/\/poliesterturro.com\/ca\/","logo":{"@type":"ImageObject","inLanguage":"ca","@id":"https:\/\/poliesterturro.com\/ca\/#\/schema\/logo\/image\/","url":"https:\/\/poliesterturro.com\/wp-content\/uploads\/2020\/10\/logo_fibres-vidre.jpg","contentUrl":"https:\/\/poliesterturro.com\/wp-content\/uploads\/2020\/10\/logo_fibres-vidre.jpg","width":336,"height":91,"caption":"Fibres de Vidre JM"},"image":{"@id":"https:\/\/poliesterturro.com\/ca\/#\/schema\/logo\/image\/"}}]}},"_links":{"self":[{"href":"https:\/\/poliesterturro.com\/ca\/wp-json\/wp\/v2\/pages\/1013","targetHints":{"allow":["GET"]}}],"collection":[{"href":"https:\/\/poliesterturro.com\/ca\/wp-json\/wp\/v2\/pages"}],"about":[{"href":"https:\/\/poliesterturro.com\/ca\/wp-json\/wp\/v2\/types\/page"}],"author":[{"embeddable":true,"href":"https:\/\/poliesterturro.com\/ca\/wp-json\/wp\/v2\/users\/1"}],"replies":[{"embeddable":true,"href":"https:\/\/poliesterturro.com\/ca\/wp-json\/wp\/v2\/comments?post=1013"}],"version-history":[{"count":1,"href":"https:\/\/poliesterturro.com\/ca\/wp-json\/wp\/v2\/pages\/1013\/revisions"}],"predecessor-version":[{"id":1014,"href":"https:\/\/poliesterturro.com\/ca\/wp-json\/wp\/v2\/pages\/1013\/revisions\/1014"}],"up":[{"embeddable":true,"href":"https:\/\/poliesterturro.com\/ca\/wp-json\/wp\/v2\/pages\/977"}],"wp:attachment":[{"href":"https:\/\/poliesterturro.com\/ca\/wp-json\/wp\/v2\/media?parent=1013"}],"curies":[{"name":"wp","href":"https:\/\/api.w.org\/{rel}","templated":true}]}}